{"id":3272,"date":"2025-07-30T08:40:14","date_gmt":"2025-07-30T08:40:14","guid":{"rendered":"https:\/\/agoracivica.cat\/sign-up\/"},"modified":"2025-08-08T08:30:26","modified_gmt":"2025-08-08T08:30:26","slug":"sign-up","status":"publish","type":"page","link":"https:\/\/agoracivica.cat\/en\/sign-up\/","title":{"rendered":"Sign up"},"content":{"rendered":"<p>[et_pb_section fb_built=&#8221;1&#8243; module_class=&#8221;bg_video_centrado fons_blau &#8221; _builder_version=&#8221;4.27.4&#8243; _module_preset=&#8221;default&#8221; background_color=&#8221;#102271&#8243; background_video_mp4=&#8221;https:\/\/agoracivica.cat\/wp-content\/uploads\/2025\/06\/dance.mp4&#8243; locked=&#8221;off&#8221; global_colors_info=&#8221;{}&#8221;][et_pb_row use_custom_gutter=&#8221;on&#8221; gutter_width=&#8221;2&#8243; make_equal=&#8221;on&#8221; module_class=&#8221;align-bottom&#8221; _builder_version=&#8221;4.27.4&#8243; _module_preset=&#8221;default&#8221; global_colors_info=&#8221;{}&#8221;][et_pb_column type=&#8221;4_4&#8243; _builder_version=&#8221;4.27.4&#8243; _module_preset=&#8221;default&#8221; global_colors_info=&#8221;{}&#8221;][et_pb_text module_class=&#8221;eix_tematics_title&#8221; _builder_version=&#8221;4.27.4&#8243; _module_preset=&#8221;default&#8221; header_text_align=&#8221;right&#8221; header_text_color=&#8221;#FDDCC2&#8243; header_font_size=&#8221;220px&#8221; header_line_height=&#8221;180px&#8221; header_2_text_align=&#8221;left&#8221; header_2_text_color=&#8221;#FDDCC2&#8243; header_2_font_size=&#8221;115px&#8221; header_2_line_height=&#8221;91.7px&#8221; header_2_font_size_tablet=&#8221;130px&#8221; header_2_font_size_phone=&#8221;74px&#8221; header_2_font_size_last_edited=&#8221;on|phone&#8221; header_2_line_height_tablet=&#8221;105px&#8221; header_2_line_height_phone=&#8221;59.2px&#8221; header_2_line_height_last_edited=&#8221;on|phone&#8221; global_colors_info=&#8221;{}&#8221;]<\/p>\n<h2 class=\"np nm\"><em>SIGN UP<\/em><\/h2>\n<p>[\/et_pb_text][\/et_pb_column][\/et_pb_row][et_pb_row column_structure=&#8221;1_2,1_2&#8243; _builder_version=&#8221;4.27.4&#8243; _module_preset=&#8221;default&#8221; custom_margin=&#8221;270px||||false|false&#8221; custom_padding=&#8221;0px||||false|false&#8221; global_colors_info=&#8221;{}&#8221;][et_pb_column type=&#8221;1_2&#8243; _builder_version=&#8221;4.27.4&#8243; _module_preset=&#8221;default&#8221; global_colors_info=&#8221;{}&#8221;][et_pb_text admin_label=&#8221;Text&#8221; _builder_version=&#8221;4.27.4&#8243; _module_preset=&#8221;default&#8221; text_text_color=&#8221;#FDDCC2&#8243; text_letter_spacing=&#8221;0.3px&#8221; width=&#8221;90%&#8221; width_tablet=&#8221;90%&#8221; width_phone=&#8221;100%&#8221; width_last_edited=&#8221;on|phone&#8221; global_colors_info=&#8221;{}&#8221;]<\/p>\n<p>Do you want to attend the \u00c0gora C\u00edvica? Fill out the form and choose the time slot you are interested in. Registration allows access to any activity scheduled within the chosen time slot, until capacity is reached, except for activities with specific registration indicated on the website.  <\/p>\n<p>[\/et_pb_text][\/et_pb_column][et_pb_column type=&#8221;1_2&#8243; _builder_version=&#8221;4.27.4&#8243; _module_preset=&#8221;default&#8221; global_colors_info=&#8221;{}&#8221;][et_pb_code _builder_version=&#8221;4.27.4&#8243; _module_preset=&#8221;default&#8221; global_colors_info=&#8221;{}&#8221;]    <form id=\"aforament-form\" method=\"post\" class=\"wpcf7-form-control-wrap\">\n\n            <div class=\"flex\">\n                <input type=\"text\" name=\"name\" required placeholder=\"Name\" \/>\n        \n                <input type=\"email\" name=\"email\" required placeholder=\"Email\" >\n            <\/div>\n\n            <div class=\"flex\">\n                <input type=\"text\" name=\"entitat\" required placeholder=\"Entity\" \/>\n                <input type=\"text\" name=\"pais\" required placeholder=\"Country of origin\" >\n            <\/div>\n\n            <div class=\"flex date_time_holder\">\n                <select name=\"date_inscription[]\" id=\"fecha-select\" required>\n                    <option value=\"\">Select a date<\/option>\n                                            <option value=\"26\/09\/2025\">26\/09\/2025<\/option>\n                                            <option value=\"27\/09\/2025\">27\/09\/2025<\/option>\n                                            <option value=\"29\/09\/2025\">29\/09\/2025<\/option>\n                                            <option value=\"30\/09\/2025\">30\/09\/2025<\/option>\n                                            <option value=\"01\/10\/2025\">01\/10\/2025<\/option>\n                                    <\/select>\n        \n                <div class=\"flex\">\n                <select name=\"time_inscription[]\" id=\"franja-select\" required>\n                    <option value=\"\">Time slot <\/option>\n                    <option value=\"0\">Morning<\/option>\n                    <option value=\"1\">Afternoon<\/option>\n                <\/select>\n                        <div class=\"minus\">-<\/div>\n                        <div class=\"plus\">+<\/div>\n                        \n                <\/div>\n\n            <\/div>\n        \n            <span class=\"wpcf7-form-control-wrap block width\" data-name=\"grpd\">\n                <span class=\"wpcf7-form-control wpcf7-acceptance\">\n                    <span class=\"wpcf7-list-item\">\n                        <label><input type=\"checkbox\" name=\"grpd\" value=\"1\" required aria-invalid=\"false\">\n                        <span class=\"wpcf7-list-item-label\">\n                \n                            I declare that I am informed of the content of the information of <a href=\"https:\/\/cultura.gencat.cat\/web\/.content\/02-DEPARTAMENT\/08-proteccio-dades\/documents\/2025\/Activitats-de-promocio-difusio-i-informacio.pdf\" target=\"_blank\">protection information<\/a>.\n                        <\/span>\n                        <\/label>\n                    <\/span>\n                <\/span>\n            <\/span>\n            <\/span>\n\n        <input type=\"hidden\" name=\"url\" value=\"https:\/\/agoracivica.cat\/en\/sign-up\/\">\n        <button class=\"wpcf7-form-control wpcf7-submit has-spinner et_pb_button et_pb_bg_layout_light\" type=\"submit\">Register<\/button>\n\n        <div id=\"aforament-response\"><\/div>\n\n        <div class=\"grpd_formulari\"><p><strong>Basic data protection information<\/strong><\/p>\n<ul>\n<li>Processing identification: \u201cPROMOTIONAL, DISSEMINATION OR INFORMATION ACTIVITIES\u201d<\/li>\n<li>Data controller: Department of Culture, through the General Secretariat.<\/li>\n<li>Purpose of processing: To manage and disseminate the Department\u2019s external information and dissemination activities through the available telematic or face-to-face means.<\/li>\n<li>Legal basis: Consent of the data subject.<\/li>\n<li>Recipients: Data may be communicated to other public administrations with competence in the matter.<\/li>\n<li>Data subject rights: You have the right to access, rectify and erase data, as well as other rights, as explained in the additional information.<\/li>\n<li>Additional information: To learn more and see full details of the data processing, please consult the Department of Culture\u2019s website. <a href=\"https:\/\/cultura.gencat.cat\/ca\/departament\/proteccio-dades\/index.html#googtrans(ca|en)\">Data protection. Department of Culture<\/a><\/li>\n<\/ul>\n<\/div>\n    <\/form>\n    [\/et_pb_code][\/et_pb_column][\/et_pb_row][\/et_pb_section]<\/p>\n","protected":false},"excerpt":{"rendered":"<p>SIGN UPDo you want to attend the \u00c0gora C\u00edvica? Fill out the form and choose the time slot you are interested in. Registration allows access to any activity scheduled within the chosen time slot, until capacity is reached, except for activities with specific registration indicated on the website.     <form id=\"aforament-form\" method=\"post\" class=\"wpcf7-form-control-wrap\">\n\n            <div class=\"flex\">\n                <input type=\"text\" name=\"name\" required placeholder=\"Name\" \/>\n        \n                <input type=\"email\" name=\"email\" required placeholder=\"Email\" >\n            <\/div>\n\n            <div class=\"flex\">\n                <input type=\"text\" name=\"entitat\" required placeholder=\"Entity\" \/>\n                <input type=\"text\" name=\"pais\" required placeholder=\"Country of origin\" >\n            <\/div>\n\n            <div class=\"flex date_time_holder\">\n                <select name=\"date_inscription[]\" id=\"fecha-select\" required>\n                    <option value=\"\">Select a date<\/option>\n                                            <option value=\"26\/09\/2025\">26\/09\/2025<\/option>\n                                            <option value=\"27\/09\/2025\">27\/09\/2025<\/option>\n                                            <option value=\"29\/09\/2025\">29\/09\/2025<\/option>\n                                            <option value=\"30\/09\/2025\">30\/09\/2025<\/option>\n                                            <option value=\"01\/10\/2025\">01\/10\/2025<\/option>\n                                    <\/select>\n        \n                <div class=\"flex\">\n                <select name=\"time_inscription[]\" id=\"franja-select\" required>\n                    <option value=\"\">Time slot <\/option>\n                    <option value=\"0\">Morning<\/option>\n                    <option value=\"1\">Afternoon<\/option>\n                <\/select>\n                        <div class=\"minus\">-<\/div>\n                        <div class=\"plus\">+<\/div>\n                        \n                <\/div>\n\n            <\/div>\n        \n            <span class=\"wpcf7-form-control-wrap block width\" data-name=\"grpd\">\n                <span class=\"wpcf7-form-control wpcf7-acceptance\">\n                    <span class=\"wpcf7-list-item\">\n                        <label><input type=\"checkbox\" name=\"grpd\" value=\"1\" required aria-invalid=\"false\">\n                        <span class=\"wpcf7-list-item-label\">\n                \n                            I declare that I am informed of the content of the information of <a href=\"https:\/\/cultura.gencat.cat\/web\/.content\/02-DEPARTAMENT\/08-proteccio-dades\/documents\/2025\/Activitats-de-promocio-difusio-i-informacio.pdf\" target=\"_blank\">protection information<\/a>.\n                        <\/span>\n                        <\/label>\n                    <\/span>\n                <\/span>\n            <\/span>\n            <\/span>\n\n        <input type=\"hidden\" name=\"url\" value=\"https:\/\/agoracivica.cat\/en\/sign-up\/\">\n        <button class=\"wpcf7-form-control wpcf7-submit has-spinner et_pb_button et_pb_bg_layout_light\" type=\"submit\">Register<\/button>\n\n        <div id=\"aforament-response\"><\/div>\n\n        <div class=\"grpd_formulari\"><p><strong>Basic data protection information<\/strong><\/p>\n<ul>\n<li>Processing identification: \u201cPROMOTIONAL, DISSEMINATION OR INFORMATION ACTIVITIES\u201d<\/li>\n<li>Data controller: Department of Culture, through the General Secretariat.<\/li>\n<li>Purpose of processing: To manage and disseminate the Department\u2019s external information and dissemination activities through the available telematic or face-to-face means.<\/li>\n<li>Legal basis: Consent of the data subject.<\/li>\n<li>Recipients: Data may be communicated to other public administrations with competence in the matter.<\/li>\n<li>Data subject rights: You have the right to access, rectify and erase data, as well as other rights, as explained in the additional information.<\/li>\n<li>Additional information: To learn more and see full details of the data processing, please consult the Department of Culture\u2019s website. <a href=\"https:\/\/cultura.gencat.cat\/ca\/departament\/proteccio-dades\/index.html#googtrans(ca|en)\">Data protection. Department of Culture<\/a><\/li>\n<\/ul>\n<\/div>\n    <\/form>\n    <\/p>\n","protected":false},"author":3,"featured_media":0,"parent":0,"menu_order":0,"comment_status":"closed","ping_status":"closed","template":"","meta":{"_acf_changed":false,"_et_pb_use_builder":"on","_et_pb_old_content":"","_et_gb_content_width":"","footnotes":""},"class_list":["post-3272","page","type-page","status-publish","hentry"],"acf":[],"yoast_head":"<!-- This site is optimized with the Yoast SEO plugin v26.0 - https:\/\/yoast.com\/wordpress\/plugins\/seo\/ -->\n<title>Sign up - \u00c0gora C\u00edvica<\/title>\n<meta name=\"robots\" content=\"index, follow, max-snippet:-1, max-image-preview:large, max-video-preview:-1\" \/>\n<link rel=\"canonical\" href=\"https:\/\/agoracivica.cat\/en\/sign-up\/\" \/>\n<meta property=\"og:locale\" content=\"en_US\" \/>\n<meta property=\"og:type\" content=\"article\" \/>\n<meta property=\"og:title\" content=\"Sign up - \u00c0gora C\u00edvica\" \/>\n<meta property=\"og:description\" content=\"SIGN UPDo you want to attend the \u00c0gora C\u00edvica? Fill out the form and choose the time slot you are interested in. Registration allows access to any activity scheduled within the chosen time slot, until capacity is reached, except for activities with specific registration indicated on the website.\" \/>\n<meta property=\"og:url\" content=\"https:\/\/agoracivica.cat\/en\/sign-up\/\" \/>\n<meta property=\"og:site_name\" content=\"\u00c0gora C\u00edvica\" \/>\n<meta property=\"article:modified_time\" content=\"2025-08-08T08:30:26+00:00\" \/>\n<meta name=\"twitter:card\" content=\"summary_large_image\" \/>\n<meta name=\"twitter:label1\" content=\"Est. reading time\" \/>\n\t<meta name=\"twitter:data1\" content=\"2 minutes\" \/>\n<script type=\"application\/ld+json\" class=\"yoast-schema-graph\">{\"@context\":\"https:\/\/schema.org\",\"@graph\":[{\"@type\":\"WebPage\",\"@id\":\"https:\/\/agoracivica.cat\/en\/sign-up\/\",\"url\":\"https:\/\/agoracivica.cat\/en\/sign-up\/\",\"name\":\"Sign up - \u00c0gora C\u00edvica\",\"isPartOf\":{\"@id\":\"https:\/\/agoracivica.cat\/#website\"},\"datePublished\":\"2025-07-30T08:40:14+00:00\",\"dateModified\":\"2025-08-08T08:30:26+00:00\",\"breadcrumb\":{\"@id\":\"https:\/\/agoracivica.cat\/en\/sign-up\/#breadcrumb\"},\"inLanguage\":\"en-US\",\"potentialAction\":[{\"@type\":\"ReadAction\",\"target\":[\"https:\/\/agoracivica.cat\/en\/sign-up\/\"]}]},{\"@type\":\"BreadcrumbList\",\"@id\":\"https:\/\/agoracivica.cat\/en\/sign-up\/#breadcrumb\",\"itemListElement\":[{\"@type\":\"ListItem\",\"position\":1,\"name\":\"Inici\",\"item\":\"https:\/\/agoracivica.cat\/\"},{\"@type\":\"ListItem\",\"position\":2,\"name\":\"Sign up\"}]},{\"@type\":\"WebSite\",\"@id\":\"https:\/\/agoracivica.cat\/#website\",\"url\":\"https:\/\/agoracivica.cat\/\",\"name\":\"\u00c0gora C\u00edvica\",\"description\":\"Programa d&#039;activitats\",\"publisher\":{\"@id\":\"https:\/\/agoracivica.cat\/#organization\"},\"potentialAction\":[{\"@type\":\"SearchAction\",\"target\":{\"@type\":\"EntryPoint\",\"urlTemplate\":\"https:\/\/agoracivica.cat\/?s={search_term_string}\"},\"query-input\":{\"@type\":\"PropertyValueSpecification\",\"valueRequired\":true,\"valueName\":\"search_term_string\"}}],\"inLanguage\":\"en-US\"},{\"@type\":\"Organization\",\"@id\":\"https:\/\/agoracivica.cat\/#organization\",\"name\":\"\u00c0gora C\u00edvica\",\"url\":\"https:\/\/agoracivica.cat\/\",\"logo\":{\"@type\":\"ImageObject\",\"inLanguage\":\"en-US\",\"@id\":\"https:\/\/agoracivica.cat\/#\/schema\/logo\/image\/\",\"url\":\"https:\/\/agoracivica.cat\/wp-content\/uploads\/2025\/05\/Grupo-51.svg\",\"contentUrl\":\"https:\/\/agoracivica.cat\/wp-content\/uploads\/2025\/05\/Grupo-51.svg\",\"width\":1,\"height\":1,\"caption\":\"\u00c0gora C\u00edvica\"},\"image\":{\"@id\":\"https:\/\/agoracivica.cat\/#\/schema\/logo\/image\/\"}}]}<\/script>\n<!-- \/ Yoast SEO plugin. -->","yoast_head_json":{"title":"Sign up - \u00c0gora C\u00edvica","robots":{"index":"index","follow":"follow","max-snippet":"max-snippet:-1","max-image-preview":"max-image-preview:large","max-video-preview":"max-video-preview:-1"},"canonical":"https:\/\/agoracivica.cat\/en\/sign-up\/","og_locale":"en_US","og_type":"article","og_title":"Sign up - \u00c0gora C\u00edvica","og_description":"SIGN UPDo you want to attend the \u00c0gora C\u00edvica? Fill out the form and choose the time slot you are interested in. Registration allows access to any activity scheduled within the chosen time slot, until capacity is reached, except for activities with specific registration indicated on the website.","og_url":"https:\/\/agoracivica.cat\/en\/sign-up\/","og_site_name":"\u00c0gora C\u00edvica","article_modified_time":"2025-08-08T08:30:26+00:00","twitter_card":"summary_large_image","twitter_misc":{"Est. reading time":"2 minutes"},"schema":{"@context":"https:\/\/schema.org","@graph":[{"@type":"WebPage","@id":"https:\/\/agoracivica.cat\/en\/sign-up\/","url":"https:\/\/agoracivica.cat\/en\/sign-up\/","name":"Sign up - \u00c0gora C\u00edvica","isPartOf":{"@id":"https:\/\/agoracivica.cat\/#website"},"datePublished":"2025-07-30T08:40:14+00:00","dateModified":"2025-08-08T08:30:26+00:00","breadcrumb":{"@id":"https:\/\/agoracivica.cat\/en\/sign-up\/#breadcrumb"},"inLanguage":"en-US","potentialAction":[{"@type":"ReadAction","target":["https:\/\/agoracivica.cat\/en\/sign-up\/"]}]},{"@type":"BreadcrumbList","@id":"https:\/\/agoracivica.cat\/en\/sign-up\/#breadcrumb","itemListElement":[{"@type":"ListItem","position":1,"name":"Inici","item":"https:\/\/agoracivica.cat\/"},{"@type":"ListItem","position":2,"name":"Sign up"}]},{"@type":"WebSite","@id":"https:\/\/agoracivica.cat\/#website","url":"https:\/\/agoracivica.cat\/","name":"\u00c0gora C\u00edvica","description":"Programa d&#039;activitats","publisher":{"@id":"https:\/\/agoracivica.cat\/#organization"},"potentialAction":[{"@type":"SearchAction","target":{"@type":"EntryPoint","urlTemplate":"https:\/\/agoracivica.cat\/?s={search_term_string}"},"query-input":{"@type":"PropertyValueSpecification","valueRequired":true,"valueName":"search_term_string"}}],"inLanguage":"en-US"},{"@type":"Organization","@id":"https:\/\/agoracivica.cat\/#organization","name":"\u00c0gora C\u00edvica","url":"https:\/\/agoracivica.cat\/","logo":{"@type":"ImageObject","inLanguage":"en-US","@id":"https:\/\/agoracivica.cat\/#\/schema\/logo\/image\/","url":"https:\/\/agoracivica.cat\/wp-content\/uploads\/2025\/05\/Grupo-51.svg","contentUrl":"https:\/\/agoracivica.cat\/wp-content\/uploads\/2025\/05\/Grupo-51.svg","width":1,"height":1,"caption":"\u00c0gora C\u00edvica"},"image":{"@id":"https:\/\/agoracivica.cat\/#\/schema\/logo\/image\/"}}]}},"_links":{"self":[{"href":"https:\/\/agoracivica.cat\/en\/wp-json\/wp\/v2\/pages\/3272","targetHints":{"allow":["GET"]}}],"collection":[{"href":"https:\/\/agoracivica.cat\/en\/wp-json\/wp\/v2\/pages"}],"about":[{"href":"https:\/\/agoracivica.cat\/en\/wp-json\/wp\/v2\/types\/page"}],"author":[{"embeddable":true,"href":"https:\/\/agoracivica.cat\/en\/wp-json\/wp\/v2\/users\/3"}],"replies":[{"embeddable":true,"href":"https:\/\/agoracivica.cat\/en\/wp-json\/wp\/v2\/comments?post=3272"}],"version-history":[{"count":2,"href":"https:\/\/agoracivica.cat\/en\/wp-json\/wp\/v2\/pages\/3272\/revisions"}],"predecessor-version":[{"id":3274,"href":"https:\/\/agoracivica.cat\/en\/wp-json\/wp\/v2\/pages\/3272\/revisions\/3274"}],"wp:attachment":[{"href":"https:\/\/agoracivica.cat\/en\/wp-json\/wp\/v2\/media?parent=3272"}],"curies":[{"name":"wp","href":"https:\/\/api.w.org\/{rel}","templated":true}]}}