{"id":1162,"date":"2025-06-16T07:39:59","date_gmt":"2025-06-16T07:39:59","guid":{"rendered":"https:\/\/agoracivica.cat\/accesibilidad\/"},"modified":"2025-07-03T15:55:39","modified_gmt":"2025-07-03T15:55:39","slug":"accesibilidad","status":"publish","type":"page","link":"https:\/\/agoracivica.cat\/es\/accesibilidad\/","title":{"rendered":"Accesibilidad"},"content":{"rendered":"<p>[et_pb_section fb_built=&#8221;1&#8243; custom_padding_last_edited=&#8221;on|phone&#8221; _builder_version=&#8221;4.27.4&#8243; _module_preset=&#8221;default&#8221; background_color=&#8221;#F4FFFF&#8221; background_enable_image=&#8221;off&#8221; background_size=&#8221;custom&#8221; background_image_width=&#8221;54%&#8221; background_position=&#8221;top_right&#8221; background_horizontal_offset=&#8221;-28%&#8221; background_vertical_offset=&#8221;-100%&#8221; custom_padding=&#8221;0px|35px||35px|false|true&#8221; custom_padding_tablet=&#8221;|35px||35px|false|true&#8221; custom_padding_phone=&#8221;|20px||20px|false|true&#8221; global_colors_info=&#8221;{}&#8221;][et_pb_row column_structure=&#8221;1_2,1_2&#8243; custom_padding_last_edited=&#8221;on|phone&#8221; _builder_version=&#8221;4.27.4&#8243; _module_preset=&#8221;default&#8221; module_alignment=&#8221;center&#8221; custom_margin=&#8221;0px||0px||false|false&#8221; custom_padding=&#8221;0px|35px||0px|false|false&#8221; custom_padding_tablet=&#8221;0px|48px||48px|false|false&#8221; custom_padding_phone=&#8221;0px|10px||0px|false|false&#8221; global_colors_info=&#8221;{}&#8221;][et_pb_column type=&#8221;1_2&#8243; _builder_version=&#8221;4.27.4&#8243; _module_preset=&#8221;default&#8221; custom_padding=&#8221;0px||||false|false&#8221; global_colors_info=&#8221;{}&#8221;][\/et_pb_column][et_pb_column type=&#8221;1_2&#8243; _builder_version=&#8221;4.27.4&#8243; _module_preset=&#8221;default&#8221; global_colors_info=&#8221;{}&#8221;][\/et_pb_column][\/et_pb_row][et_pb_row use_custom_gutter=&#8221;on&#8221; gutter_width=&#8221;2&#8243; make_equal=&#8221;on&#8221; custom_padding_last_edited=&#8221;on|phone&#8221; module_class=&#8221;align-bottom&#8221; _builder_version=&#8221;4.27.4&#8243; _module_preset=&#8221;default&#8221; custom_padding=&#8221;6em||||false|false&#8221; custom_padding_tablet=&#8221;6em||||false|false&#8221; custom_padding_phone=&#8221;0em||||false|false&#8221; global_colors_info=&#8221;{}&#8221;][et_pb_column type=&#8221;4_4&#8243; _builder_version=&#8221;4.27.4&#8243; _module_preset=&#8221;default&#8221; global_colors_info=&#8221;{}&#8221;][et_pb_text module_class=&#8221;eix_tematics_title&#8221; _builder_version=&#8221;4.27.4&#8243; _module_preset=&#8221;default&#8221; header_text_align=&#8221;right&#8221; header_text_color=&#8221;#FDDCC2&#8243; header_font_size=&#8221;220px&#8221; header_line_height=&#8221;180px&#8221; header_2_text_align=&#8221;left&#8221; header_2_text_color=&#8221;#102271&#8243; header_2_font_size=&#8221;115px&#8221; header_2_line_height=&#8221;91.7px&#8221; header_2_font_size_tablet=&#8221;130px&#8221; header_2_font_size_phone=&#8221;74px&#8221; header_2_font_size_last_edited=&#8221;on|phone&#8221; header_2_line_height_tablet=&#8221;105px&#8221; header_2_line_height_phone=&#8221;59.2px&#8221; header_2_line_height_last_edited=&#8221;on|phone&#8221; global_colors_info=&#8221;{}&#8221;]<\/p>\n<h2 class=\"np nm\"><em>ACCESSIBILIDAD<\/em><strong><\/strong><\/h2>\n<p>[\/et_pb_text][\/et_pb_column][\/et_pb_row][et_pb_row use_custom_gutter=&#8221;on&#8221; gutter_width=&#8221;2&#8243; make_equal=&#8221;on&#8221; custom_padding_last_edited=&#8221;on|phone&#8221; module_class=&#8221;align-bottom&#8221; _builder_version=&#8221;4.27.4&#8243; _module_preset=&#8221;default&#8221; custom_padding=&#8221;70px|||||&#8221; custom_padding_tablet=&#8221;70px|||||&#8221; custom_padding_phone=&#8221;0px||||false|false&#8221; global_colors_info=&#8221;{}&#8221;][et_pb_column type=&#8221;4_4&#8243; _builder_version=&#8221;4.27.4&#8243; _module_preset=&#8221;default&#8221; global_colors_info=&#8221;{}&#8221;][et_pb_text _builder_version=&#8221;4.27.4&#8243; _module_preset=&#8221;default&#8221; text_text_color=&#8221;#102271&#8243; link_text_color=&#8221;#102271&#8243; ul_line_height=&#8221;1.2em&#8221; animation_style=&#8221;fade&#8221; text_font_size_tablet=&#8221;&#8221; text_font_size_phone=&#8221;18px&#8221; text_font_size_last_edited=&#8221;on|phone&#8221; text_line_height_tablet=&#8221;&#8221; text_line_height_phone=&#8221;22px&#8221; text_line_height_last_edited=&#8221;on|desktop&#8221; custom_css_main_element=&#8221;a  { text-decoration:underline  !important; }&#8221; global_colors_info=&#8221;{}&#8221;]<\/p>\n<p>Este sitio web est\u00e1 dise\u00f1ado con el objetivo de garantizar el acceso universal a la informaci\u00f3n y a los servicios, de acuerdo con los principios de igualdad, no discriminaci\u00f3n y accesibilidad para todas las personas, tal y como establece la normativa vigente.<\/p>\n<p>[\/et_pb_text][et_pb_text module_class=&#8221;col_2&#8243; _builder_version=&#8221;4.27.4&#8243; _module_preset=&#8221;default&#8221; text_text_color=&#8221;#102271&#8243; link_text_color=&#8221;#102271&#8243; ul_line_height=&#8221;1.2em&#8221; animation_style=&#8221;fade&#8221; hover_enabled=&#8221;0&#8243; text_font_size_tablet=&#8221;&#8221; text_font_size_phone=&#8221;18px&#8221; text_font_size_last_edited=&#8221;on|phone&#8221; text_line_height_tablet=&#8221;&#8221; text_line_height_phone=&#8221;22px&#8221; text_line_height_last_edited=&#8221;on|desktop&#8221; custom_css_main_element=&#8221;a  { text-decoration:underline  !important; }&#8221; global_colors_info=&#8221;{}&#8221; sticky_enabled=&#8221;0&#8243;]<\/p>\n<p><strong>Compromiso institucional<\/strong><\/p>\n<p>La Generalitat de Catalunya asume el compromiso de garantizar la accesibilidad de sus contenidos digitales, tal y como prev\u00e9 el <strong>Real Decreto 1112\/2018, de accesibilidad de los sitios web y aplicaciones para dispositivos m\u00f3viles del sector p\u00fablico<\/strong>, as\u00ed como la <strong>Ley 19\/2014, de 29 de diciembre, de transparencia, acceso a la informaci\u00f3n p\u00fablica y buen gobierno.<\/strong><\/p>\n<p>Este portal se ha desarrollado siguiendo las <strong>Pautas de Accesibilidad para el Contenido Web (WCAG 2.1)<\/strong> del W3C y cumple con el <strong>nivel de conformidad AA<\/strong>, que asegura un grado elevado de accesibilidad y usabilidad para la ciudadan\u00eda.<\/p>\n<p><strong>Caracter\u00edsticas de accesibilidad<\/strong><\/p>\n<p>Para hacer posible una experiencia de navegaci\u00f3n accesible, la web incorpora las siguientes funcionalidades:<\/p>\n<ul>\n<li>Estructura sem\u00e1ntica clara y jer\u00e1rquica (encabezamientos, listas, tablas&#8230;).<\/li>\n<li>Textos alternativos en im\u00e1genes y elementos no textuales.<\/li>\n<li>Contraste adecuado entre el texto y el fondo para garantizar una lectura f\u00e1cil.<\/li>\n<li>Formularios etiquetados y accesibles para tecnolog\u00edas de asistencia.<\/li>\n<li>Declaraci\u00f3n del idioma para facilitar la lectura con lectores de pantalla.<\/li>\n<\/ul>\n<p><strong>Revisi\u00f3n y mejora continua<\/strong><\/p>\n<p>Este sitio web ha sido revisado mediante herramientas autom\u00e1ticas y validaciones manuales, y se mantiene en proceso de actualizaci\u00f3n para corregir posibles errores y garantizar el cumplimiento permanente de los criterios de accesibilidad.<\/p>\n<p>La Generalitat de Catalunya promueve activamente una cultura digital inclusiva y vela por la accesibilidad de los servicios p\u00fablicos digitales como derecho b\u00e1sico de la ciudadan\u00eda.<\/p>\n<ul>\n<li><strong>Fecha de la \u00faltima revisi\u00f3n de accesibilidad:<\/strong> 30 de mayo de 2025.<\/li>\n<\/ul>\n<p><strong>Comunicaci\u00f3n de incidencias y consultas<\/strong><\/p>\n<p>Si detecta alguna barrera de accesibilidad en esta web o quiere hacernos llegar sugerencias de mejora, puede hacerlo escribiendo a la direcci\u00f3n electr\u00f3nica siguiente:<\/p>\n<p>\ud83d\udce9 <a href=\"mailto:info@agoracivica.cat\">info@agoracivica.cat<\/a><\/p>\n<p>Todas las comunicaciones ser\u00e1n tramitadas de acuerdo con el procedimiento establecido en el art\u00edculo 10 del Real Decreto 1112\/2018 y recibir\u00e1n respuesta en el plazo legal establecido.<\/p>\n<p>[\/et_pb_text][\/et_pb_column][\/et_pb_row][\/et_pb_section]<\/p>\n","protected":false},"excerpt":{"rendered":"<p>ACCESSIBILIDADEste sitio web est\u00e1 dise\u00f1ado con el objetivo de garantizar el acceso universal a la informaci\u00f3n y a los servicios, de acuerdo con los principios de igualdad, no discriminaci\u00f3n y accesibilidad para todas las personas, tal y como establece la normativa vigente.Compromiso institucional La Generalitat de Catalunya asume el compromiso de garantizar la accesibilidad de [&hellip;]<\/p>\n","protected":false},"author":3,"featured_media":0,"parent":0,"menu_order":0,"comment_status":"closed","ping_status":"closed","template":"","meta":{"_acf_changed":false,"_et_pb_use_builder":"on","_et_pb_old_content":"","_et_gb_content_width":"","footnotes":""},"class_list":["post-1162","page","type-page","status-publish","hentry"],"acf":[],"yoast_head":"<!-- This site is optimized with the Yoast SEO plugin v26.0 - https:\/\/yoast.com\/wordpress\/plugins\/seo\/ -->\n<title>Accesibilidad - \u00c0gora C\u00edvica<\/title>\n<meta name=\"robots\" content=\"index, follow, max-snippet:-1, max-image-preview:large, max-video-preview:-1\" \/>\n<link rel=\"canonical\" href=\"https:\/\/agoracivica.cat\/accessibilitat\/\" \/>\n<meta property=\"og:locale\" content=\"es_ES\" \/>\n<meta property=\"og:type\" content=\"article\" \/>\n<meta property=\"og:title\" content=\"Accesibilidad - \u00c0gora C\u00edvica\" \/>\n<meta property=\"og:description\" content=\"ACCESSIBILIDADEste sitio web est\u00e1 dise\u00f1ado con el objetivo de garantizar el acceso universal a la informaci\u00f3n y a los servicios, de acuerdo con los principios de igualdad, no discriminaci\u00f3n y accesibilidad para todas las personas, tal y como establece la normativa vigente.Compromiso institucional La Generalitat de Catalunya asume el compromiso de garantizar la accesibilidad de [&hellip;]\" \/>\n<meta property=\"og:url\" content=\"https:\/\/agoracivica.cat\/accessibilitat\/\" \/>\n<meta property=\"og:site_name\" content=\"\u00c0gora C\u00edvica\" \/>\n<meta property=\"article:modified_time\" content=\"2025-07-03T15:55:39+00:00\" \/>\n<meta name=\"twitter:card\" content=\"summary_large_image\" \/>\n<meta name=\"twitter:label1\" content=\"Tiempo de lectura\" \/>\n\t<meta name=\"twitter:data1\" content=\"4 minutos\" \/>\n<script type=\"application\/ld+json\" class=\"yoast-schema-graph\">{\"@context\":\"https:\/\/schema.org\",\"@graph\":[{\"@type\":\"WebPage\",\"@id\":\"https:\/\/agoracivica.cat\/accessibilitat\/\",\"url\":\"https:\/\/agoracivica.cat\/accessibilitat\/\",\"name\":\"Accesibilidad - \u00c0gora C\u00edvica\",\"isPartOf\":{\"@id\":\"https:\/\/agoracivica.cat\/#website\"},\"datePublished\":\"2025-06-16T07:39:59+00:00\",\"dateModified\":\"2025-07-03T15:55:39+00:00\",\"breadcrumb\":{\"@id\":\"https:\/\/agoracivica.cat\/accessibilitat\/#breadcrumb\"},\"inLanguage\":\"es\",\"potentialAction\":[{\"@type\":\"ReadAction\",\"target\":[\"https:\/\/agoracivica.cat\/accessibilitat\/\"]}]},{\"@type\":\"BreadcrumbList\",\"@id\":\"https:\/\/agoracivica.cat\/accessibilitat\/#breadcrumb\",\"itemListElement\":[{\"@type\":\"ListItem\",\"position\":1,\"name\":\"Inici\",\"item\":\"https:\/\/agoracivica.cat\/\"},{\"@type\":\"ListItem\",\"position\":2,\"name\":\"Accesibilidad\"}]},{\"@type\":\"WebSite\",\"@id\":\"https:\/\/agoracivica.cat\/#website\",\"url\":\"https:\/\/agoracivica.cat\/\",\"name\":\"\u00c0gora C\u00edvica\",\"description\":\"Programa d&#039;activitats\",\"publisher\":{\"@id\":\"https:\/\/agoracivica.cat\/#organization\"},\"potentialAction\":[{\"@type\":\"SearchAction\",\"target\":{\"@type\":\"EntryPoint\",\"urlTemplate\":\"https:\/\/agoracivica.cat\/?s={search_term_string}\"},\"query-input\":{\"@type\":\"PropertyValueSpecification\",\"valueRequired\":true,\"valueName\":\"search_term_string\"}}],\"inLanguage\":\"es\"},{\"@type\":\"Organization\",\"@id\":\"https:\/\/agoracivica.cat\/#organization\",\"name\":\"\u00c0gora C\u00edvica\",\"url\":\"https:\/\/agoracivica.cat\/\",\"logo\":{\"@type\":\"ImageObject\",\"inLanguage\":\"es\",\"@id\":\"https:\/\/agoracivica.cat\/#\/schema\/logo\/image\/\",\"url\":\"https:\/\/agoracivica.cat\/wp-content\/uploads\/2025\/05\/Grupo-51.svg\",\"contentUrl\":\"https:\/\/agoracivica.cat\/wp-content\/uploads\/2025\/05\/Grupo-51.svg\",\"width\":1,\"height\":1,\"caption\":\"\u00c0gora C\u00edvica\"},\"image\":{\"@id\":\"https:\/\/agoracivica.cat\/#\/schema\/logo\/image\/\"}}]}<\/script>\n<!-- \/ Yoast SEO plugin. -->","yoast_head_json":{"title":"Accesibilidad - \u00c0gora C\u00edvica","robots":{"index":"index","follow":"follow","max-snippet":"max-snippet:-1","max-image-preview":"max-image-preview:large","max-video-preview":"max-video-preview:-1"},"canonical":"https:\/\/agoracivica.cat\/accessibilitat\/","og_locale":"es_ES","og_type":"article","og_title":"Accesibilidad - \u00c0gora C\u00edvica","og_description":"ACCESSIBILIDADEste sitio web est\u00e1 dise\u00f1ado con el objetivo de garantizar el acceso universal a la informaci\u00f3n y a los servicios, de acuerdo con los principios de igualdad, no discriminaci\u00f3n y accesibilidad para todas las personas, tal y como establece la normativa vigente.Compromiso institucional La Generalitat de Catalunya asume el compromiso de garantizar la accesibilidad de [&hellip;]","og_url":"https:\/\/agoracivica.cat\/accessibilitat\/","og_site_name":"\u00c0gora C\u00edvica","article_modified_time":"2025-07-03T15:55:39+00:00","twitter_card":"summary_large_image","twitter_misc":{"Tiempo de lectura":"4 minutos"},"schema":{"@context":"https:\/\/schema.org","@graph":[{"@type":"WebPage","@id":"https:\/\/agoracivica.cat\/accessibilitat\/","url":"https:\/\/agoracivica.cat\/accessibilitat\/","name":"Accesibilidad - \u00c0gora C\u00edvica","isPartOf":{"@id":"https:\/\/agoracivica.cat\/#website"},"datePublished":"2025-06-16T07:39:59+00:00","dateModified":"2025-07-03T15:55:39+00:00","breadcrumb":{"@id":"https:\/\/agoracivica.cat\/accessibilitat\/#breadcrumb"},"inLanguage":"es","potentialAction":[{"@type":"ReadAction","target":["https:\/\/agoracivica.cat\/accessibilitat\/"]}]},{"@type":"BreadcrumbList","@id":"https:\/\/agoracivica.cat\/accessibilitat\/#breadcrumb","itemListElement":[{"@type":"ListItem","position":1,"name":"Inici","item":"https:\/\/agoracivica.cat\/"},{"@type":"ListItem","position":2,"name":"Accesibilidad"}]},{"@type":"WebSite","@id":"https:\/\/agoracivica.cat\/#website","url":"https:\/\/agoracivica.cat\/","name":"\u00c0gora C\u00edvica","description":"Programa d&#039;activitats","publisher":{"@id":"https:\/\/agoracivica.cat\/#organization"},"potentialAction":[{"@type":"SearchAction","target":{"@type":"EntryPoint","urlTemplate":"https:\/\/agoracivica.cat\/?s={search_term_string}"},"query-input":{"@type":"PropertyValueSpecification","valueRequired":true,"valueName":"search_term_string"}}],"inLanguage":"es"},{"@type":"Organization","@id":"https:\/\/agoracivica.cat\/#organization","name":"\u00c0gora C\u00edvica","url":"https:\/\/agoracivica.cat\/","logo":{"@type":"ImageObject","inLanguage":"es","@id":"https:\/\/agoracivica.cat\/#\/schema\/logo\/image\/","url":"https:\/\/agoracivica.cat\/wp-content\/uploads\/2025\/05\/Grupo-51.svg","contentUrl":"https:\/\/agoracivica.cat\/wp-content\/uploads\/2025\/05\/Grupo-51.svg","width":1,"height":1,"caption":"\u00c0gora C\u00edvica"},"image":{"@id":"https:\/\/agoracivica.cat\/#\/schema\/logo\/image\/"}}]}},"_links":{"self":[{"href":"https:\/\/agoracivica.cat\/es\/wp-json\/wp\/v2\/pages\/1162","targetHints":{"allow":["GET"]}}],"collection":[{"href":"https:\/\/agoracivica.cat\/es\/wp-json\/wp\/v2\/pages"}],"about":[{"href":"https:\/\/agoracivica.cat\/es\/wp-json\/wp\/v2\/types\/page"}],"author":[{"embeddable":true,"href":"https:\/\/agoracivica.cat\/es\/wp-json\/wp\/v2\/users\/3"}],"replies":[{"embeddable":true,"href":"https:\/\/agoracivica.cat\/es\/wp-json\/wp\/v2\/comments?post=1162"}],"version-history":[{"count":0,"href":"https:\/\/agoracivica.cat\/es\/wp-json\/wp\/v2\/pages\/1162\/revisions"}],"wp:attachment":[{"href":"https:\/\/agoracivica.cat\/es\/wp-json\/wp\/v2\/media?parent=1162"}],"curies":[{"name":"wp","href":"https:\/\/api.w.org\/{rel}","templated":true}]}}