{"id":1450,"date":"2025-06-25T09:05:48","date_gmt":"2025-06-25T09:05:48","guid":{"rendered":"https:\/\/agoracivica.cat\/agora-en-red\/"},"modified":"2025-08-26T12:37:24","modified_gmt":"2025-08-26T12:37:24","slug":"agora-en-red","status":"publish","type":"page","link":"https:\/\/agoracivica.cat\/es\/agora-en-red\/","title":{"rendered":"\u00c1gora en red"},"content":{"rendered":"<p>[et_pb_section fb_built=&#8221;1&#8243; custom_padding_last_edited=&#8221;on|phone&#8221; _builder_version=&#8221;4.27.4&#8243; _module_preset=&#8221;default&#8221; background_color=&#8221;#FDDCC2&#8243; custom_padding=&#8221;2px|35px|80px|35px|false|true&#8221; custom_padding_tablet=&#8221;164px||80px||false|false&#8221; custom_padding_phone=&#8221;80px|20px|20px|20px|false|true&#8221; locked=&#8221;off&#8221; global_colors_info=&#8221;{}&#8221;][et_pb_row column_structure=&#8221;1_2,1_2&#8243; custom_padding_last_edited=&#8221;on|phone&#8221; admin_label=&#8221;Row&#8221; _builder_version=&#8221;4.27.4&#8243; _module_preset=&#8221;default&#8221; module_alignment=&#8221;center&#8221; custom_margin=&#8221;0px|auto|47px|auto|false|false&#8221; custom_padding=&#8221;0px|35px||0px|false|false&#8221; custom_padding_tablet=&#8221;0px|48px||48px|false|false&#8221; custom_padding_phone=&#8221;0px|10px||10px|false|true&#8221; global_colors_info=&#8221;{}&#8221;][et_pb_column type=&#8221;1_2&#8243; _builder_version=&#8221;4.27.4&#8243; _module_preset=&#8221;default&#8221; custom_padding=&#8221;0px||||false|false&#8221; global_colors_info=&#8221;{}&#8221;][\/et_pb_column][et_pb_column type=&#8221;1_2&#8243; _builder_version=&#8221;4.27.4&#8243; _module_preset=&#8221;default&#8221; global_colors_info=&#8221;{}&#8221;][\/et_pb_column][\/et_pb_row][et_pb_row use_custom_gutter=&#8221;on&#8221; gutter_width=&#8221;2&#8243; make_equal=&#8221;on&#8221; module_class=&#8221;align-bottom&#8221; _builder_version=&#8221;4.27.4&#8243; _module_preset=&#8221;default&#8221; custom_padding=&#8221;13px|||||&#8221; global_colors_info=&#8221;{}&#8221;][et_pb_column type=&#8221;4_4&#8243; _builder_version=&#8221;4.27.4&#8243; _module_preset=&#8221;default&#8221; global_colors_info=&#8221;{}&#8221;][et_pb_text module_class=&#8221;eix_tematics_title&#8221; _builder_version=&#8221;4.27.4&#8243; _module_preset=&#8221;default&#8221; header_text_align=&#8221;right&#8221; header_font_size=&#8221;220px&#8221; header_line_height=&#8221;180px&#8221; header_2_text_align=&#8221;left&#8221; header_2_font_size=&#8221;115px&#8221; header_2_line_height=&#8221;91.7px&#8221; width=&#8221;80%&#8221; header_2_font_size_tablet=&#8221;130px&#8221; header_2_font_size_phone=&#8221;74px&#8221; header_2_font_size_last_edited=&#8221;on|phone&#8221; header_2_line_height_tablet=&#8221;105px&#8221; header_2_line_height_phone=&#8221;59.2px&#8221; header_2_line_height_last_edited=&#8221;on|phone&#8221; global_colors_info=&#8221;{}&#8221;]<\/p>\n<h2 class=\"np nm\">\u00c1GORA<\/h2>\n<h2 class=\"np nm\"><em>EN<\/em> <em>RED<\/em><\/h2>\n<p>[\/et_pb_text][et_pb_text module_class=&#8221;col_2&#8243; _builder_version=&#8221;4.27.4&#8243; _module_preset=&#8221;default&#8221; animation_style=&#8221;fade&#8221; text_font_size_tablet=&#8221;&#8221; text_font_size_phone=&#8221;18px&#8221; text_font_size_last_edited=&#8221;on|phone&#8221; text_line_height_tablet=&#8221;&#8221; text_line_height_phone=&#8221;22px&#8221; text_line_height_last_edited=&#8221;on|desktop&#8221; custom_css_main_element=&#8221;||  &#8221; global_colors_info=&#8221;{}&#8221;]<\/p>\n<p>El \u00c1gora en Red re\u00fane las iniciativas de las entidades de la sociedad civil que organizan actividades especiales vinculadas con los temas de MONDIACULT 2025. Muchas de estas iniciativas han recibido el apoyo de la Generalitat de Catalunya, y tienen que ver con la experiencia y la vinculaci\u00f3n de las entidades catalanas con la UNESCO y con las redes culturales mundiales. <\/p>\n<p>[\/et_pb_text][\/et_pb_column][\/et_pb_row][et_pb_row use_custom_gutter=&#8221;on&#8221; gutter_width=&#8221;2&#8243; make_equal=&#8221;on&#8221; custom_padding_last_edited=&#8221;on|phone&#8221; module_class=&#8221;align-bottom&#8221; _builder_version=&#8221;4.27.4&#8243; _module_preset=&#8221;default&#8221; custom_padding=&#8221;20px||||false|false&#8221; custom_padding_tablet=&#8221;70px|||||&#8221; custom_padding_phone=&#8221;0px||||false|false&#8221; locked=&#8221;off&#8221; global_colors_info=&#8221;{}&#8221;][et_pb_column type=&#8221;4_4&#8243; _builder_version=&#8221;4.27.4&#8243; _module_preset=&#8221;default&#8221; global_colors_info=&#8221;{}&#8221;][et_pb_code _builder_version=&#8221;4.27.4&#8243; _module_preset=&#8221;default&#8221; global_colors_info=&#8221;{}&#8221;]\n    <form id=\"filtre-activitats\" method=\"get\">\n        <input type=\"hidden\" name=\"paged\" value=\"1\">\n        <div class=\"filtres-wrapper\">\n                                <select name=\"data\" class=\"filter\" id=\"f-data\">\n                        <option value=\"\">Fecha<\/option>\n                        <option value=\"09-09-2025-es\">09\/09\/2025<\/option><option value=\"10-09-2025\">10\/09\/2025<\/option><option value=\"13-09-2025-es\">13\/09\/2025<\/option><option value=\"15-09-2025-es\">15\/09\/2025<\/option><option value=\"16-09-2025-es\">16\/09\/2025<\/option><option value=\"17-09-2025-es\">17\/09\/2025<\/option><option value=\"22-09-2025-es\">22\/09\/2025<\/option><option value=\"26-09-2025-es\">26\/09\/2025<\/option><option value=\"25-09-2025-es\">25\/09\/2025<\/option><option value=\"27-09-2025-es\">27\/09\/2025<\/option><option value=\"28-09-2025-es\">28\/09\/2025<\/option><option value=\"29-09-2025-es\">29\/09\/2025<\/option><option value=\"30-09-2025-es\">30\/09\/2025<\/option><option value=\"01-10-2025-es\">01\/10\/2025<\/option><option value=\"02-10-2025-es\">02\/10\/2025<\/option><option value=\"04-10-2025-es\">04\/10\/2025<\/option><option value=\"10-10-2025-es\">10\/10\/2025<\/option><option value=\"11-10-2025-es\">11\/10\/2025<\/option><option value=\"12-10-2025-es\">12\/10\/2025<\/option><option value=\"13-10-2025-es\">13\/10\/2025<\/option><option value=\"17-10-2025-es\">17\/10\/2025<\/option><option value=\"18-10-2025-es\">18\/10\/2025<\/option><option value=\"19-10-2025-es\">19\/10\/2025<\/option><option value=\"20-10-2025-es\">20\/10\/2025<\/option><option value=\"24-10-2025-es\">24\/10\/2025<\/option><option value=\"25-10-2025-es\">25\/10\/2025<\/option><option value=\"26-10-2025-es\">26\/10\/2025<\/option><option value=\"29-10-2025-es\">29\/10\/2025<\/option><option value=\"31-10-2025-es\">31\/10\/2025<\/option><option value=\"01-11-2025-es\">01\/11\/2025<\/option><option value=\"02-11-2025-es\">02\/11\/2025<\/option><option value=\"07-11-2025-es\">07\/11\/2025<\/option><option value=\"09-11-2025-es\">09\/11\/2025<\/option><option value=\"10-11-2025-es\">10\/11\/2025<\/option><option value=\"15-11-2025-es\">15\/11\/2025<\/option><option value=\"21-11-2025-es\">21\/11\/2025<\/option><option value=\"22-11-2025-es\">22\/11\/2025<\/option><option value=\"23-11-2025-es\">23\/11\/2025<\/option><option value=\"25-11-2025-es\">25\/11\/2025<\/option><option value=\"26-11-2025-es\">26\/11\/2025<\/option><option value=\"27-11-2025-es\">27\/11\/2025<\/option><option value=\"28-11-2025-es\">28\/11\/2025<\/option><option value=\"29-11-2025-es\">29\/11\/2025<\/option>                    <\/select>\n                                    <select name=\"eix\" class=\"filter\" id=\"f-eix\">\n                        <option value=\"\">Eje tem\u00e1tico<\/option>\n                        <option value=\"otros\">Otros<\/option><option value=\"drets-culturals-es\">Derechos culturales<\/option><option value=\"tecnologies-i-intelligencia-artificial-es\">Tecnolog\u00edas e inteligencia artificial<\/option><option value=\"diversitat-cultural-linguistica-es\">Diversitat cultural i ling\u00fc\u00edstica<\/option><option value=\"ecosistemas-de-la-cultura\">Ecosistemas de la cultura<\/option><option value=\"ciudades-y-el-objetivo-cultura-en-las-agendas-globales\">Ciudades y el Objetivo Cultura en las agendas globales<\/option><option value=\"cultura-y-paz\">Cultura y paz<\/option>                    <\/select>\n                                    <select name=\"format\" class=\"filter\" id=\"f-format\">\n                        <option value=\"\">Formato<\/option>\n                        <option value=\"conferencia-es\">Conferencia<\/option><option value=\"proyectos\">Proyectos<\/option><option value=\"performaforum-es\">Performaforum<\/option><option value=\"taula-rodona-es\">Mesa redonda<\/option><option value=\"sesion-participativa-es\">Sesi\u00f3n participativa<\/option><option value=\"musica-es\">M\u00fasica<\/option><option value=\"espectacle-es\">Espectacle<\/option><option value=\"cena\">Cena<\/option><option value=\"lectura-poetica-es\">Lectura po\u00e9tica<\/option><option value=\"pasacalles\">Pasacalles<\/option><option value=\"taller-es\">Taller<\/option><option value=\"coctel-es\">C\u00f3ctel<\/option><option value=\"comunidad-de-aprendizaje\">Comunidad de aprendizaje<\/option><option value=\"muestra-artistica\">Muestra art\u00edstica<\/option><option value=\"radio-en-directo\">Radio en directo<\/option><option value=\"concierto\">Concierto<\/option><option value=\"charla\">Charla<\/option><option value=\"jornada-es\">Jornada<\/option><option value=\"conferencia-performativa-es\">Conferencia Performativa<\/option><option value=\"dinamicas-en-grupos\">Din\u00e1micas en grupos<\/option><option value=\"debate-es\">Debate<\/option><option value=\"espacios-de-reflexion\">Espacios de reflexi\u00f3n<\/option><option value=\"dialogo\">Di\u00e1logo<\/option><option value=\"itinerari-es\">Itinerari<\/option><option value=\"experiencias\">experiencias<\/option><option value=\"cineforum-proyeccion-de-pelicula-debate\">Cinef\u00f3rum (proyecci\u00f3n de pel\u00edcula + debate)<\/option><option value=\"conversacion\">conversaci\u00f3n<\/option><option value=\"obra-teatral-es\">Obra teatral<\/option><option value=\"muestra\">Muestra<\/option><option value=\"exposicion-es\">Exposici\u00f3n<\/option><option value=\"plenaria-es\">Plenaria<\/option><option value=\"entrevistas-es\">Entrevistas<\/option><option value=\"ponencia-es\">Ponencia<\/option><option value=\"visita-guiada-es\">Visita guiada<\/option><option value=\"presentacion-es\">Presentaci\u00f3n<\/option><option value=\"visita-guiada-a-la-model-con-paso-por-la-exposicion\">Visita guiada a La Model con paso por la exposici\u00f3n<\/option><option value=\"proyecciones\">Proyecciones<\/option><option value=\"espectaculo-al-aire-libre\">Espect\u00e1culo al aire libre<\/option>                    <\/select>\n                \n            <input type=\"hidden\" name=\"tipus-activitat\" value=\"agora-en-xarxa\" \/>\n        <\/div>\n    <\/form>\n\n    <div id=\"resultats-activitats\"><\/div>\n\n    [\/et_pb_code][\/et_pb_column][\/et_pb_row][\/et_pb_section]<\/p>\n","protected":false},"excerpt":{"rendered":"<p>\u00c1GORA EN REDEl \u00c1gora en Red re\u00fane las iniciativas de las entidades de la sociedad civil que organizan actividades especiales vinculadas con los temas de MONDIACULT 2025. Muchas de estas iniciativas han recibido el apoyo de la Generalitat de Catalunya, y tienen que ver con la experiencia y la vinculaci\u00f3n de las entidades catalanas con [&hellip;]<\/p>\n","protected":false},"author":3,"featured_media":0,"parent":0,"menu_order":0,"comment_status":"closed","ping_status":"closed","template":"","meta":{"_acf_changed":false,"_et_pb_use_builder":"on","_et_pb_old_content":"","_et_gb_content_width":"","footnotes":""},"class_list":["post-1450","page","type-page","status-publish","hentry"],"acf":[],"yoast_head":"<!-- This site is optimized with the Yoast SEO plugin v26.0 - https:\/\/yoast.com\/wordpress\/plugins\/seo\/ -->\n<title>\u00c1gora en red - \u00c0gora C\u00edvica<\/title>\n<meta name=\"robots\" content=\"index, follow, max-snippet:-1, max-image-preview:large, max-video-preview:-1\" \/>\n<link rel=\"canonical\" href=\"https:\/\/agoracivica.cat\/agora-en-xarxa\/\" \/>\n<meta property=\"og:locale\" content=\"es_ES\" \/>\n<meta property=\"og:type\" content=\"article\" \/>\n<meta property=\"og:title\" content=\"\u00c1gora en red - \u00c0gora C\u00edvica\" \/>\n<meta property=\"og:description\" content=\"\u00c1GORA EN REDEl \u00c1gora en Red re\u00fane las iniciativas de las entidades de la sociedad civil que organizan actividades especiales vinculadas con los temas de MONDIACULT 2025. Muchas de estas iniciativas han recibido el apoyo de la Generalitat de Catalunya, y tienen que ver con la experiencia y la vinculaci\u00f3n de las entidades catalanas con [&hellip;]\" \/>\n<meta property=\"og:url\" content=\"https:\/\/agoracivica.cat\/agora-en-xarxa\/\" \/>\n<meta property=\"og:site_name\" content=\"\u00c0gora C\u00edvica\" \/>\n<meta property=\"article:modified_time\" content=\"2025-08-26T12:37:24+00:00\" \/>\n<meta name=\"twitter:card\" content=\"summary_large_image\" \/>\n<meta name=\"twitter:label1\" content=\"Tiempo de lectura\" \/>\n\t<meta name=\"twitter:data1\" content=\"1 minuto\" \/>\n<script type=\"application\/ld+json\" class=\"yoast-schema-graph\">{\"@context\":\"https:\/\/schema.org\",\"@graph\":[{\"@type\":\"WebPage\",\"@id\":\"https:\/\/agoracivica.cat\/agora-en-xarxa\/\",\"url\":\"https:\/\/agoracivica.cat\/agora-en-xarxa\/\",\"name\":\"\u00c1gora en red - \u00c0gora C\u00edvica\",\"isPartOf\":{\"@id\":\"https:\/\/agoracivica.cat\/#website\"},\"datePublished\":\"2025-06-25T09:05:48+00:00\",\"dateModified\":\"2025-08-26T12:37:24+00:00\",\"breadcrumb\":{\"@id\":\"https:\/\/agoracivica.cat\/agora-en-xarxa\/#breadcrumb\"},\"inLanguage\":\"es\",\"potentialAction\":[{\"@type\":\"ReadAction\",\"target\":[\"https:\/\/agoracivica.cat\/agora-en-xarxa\/\"]}]},{\"@type\":\"BreadcrumbList\",\"@id\":\"https:\/\/agoracivica.cat\/agora-en-xarxa\/#breadcrumb\",\"itemListElement\":[{\"@type\":\"ListItem\",\"position\":1,\"name\":\"Inici\",\"item\":\"https:\/\/agoracivica.cat\/\"},{\"@type\":\"ListItem\",\"position\":2,\"name\":\"\u00c1gora en red\"}]},{\"@type\":\"WebSite\",\"@id\":\"https:\/\/agoracivica.cat\/#website\",\"url\":\"https:\/\/agoracivica.cat\/\",\"name\":\"\u00c0gora C\u00edvica\",\"description\":\"Programa d&#039;activitats\",\"publisher\":{\"@id\":\"https:\/\/agoracivica.cat\/#organization\"},\"potentialAction\":[{\"@type\":\"SearchAction\",\"target\":{\"@type\":\"EntryPoint\",\"urlTemplate\":\"https:\/\/agoracivica.cat\/?s={search_term_string}\"},\"query-input\":{\"@type\":\"PropertyValueSpecification\",\"valueRequired\":true,\"valueName\":\"search_term_string\"}}],\"inLanguage\":\"es\"},{\"@type\":\"Organization\",\"@id\":\"https:\/\/agoracivica.cat\/#organization\",\"name\":\"\u00c0gora C\u00edvica\",\"url\":\"https:\/\/agoracivica.cat\/\",\"logo\":{\"@type\":\"ImageObject\",\"inLanguage\":\"es\",\"@id\":\"https:\/\/agoracivica.cat\/#\/schema\/logo\/image\/\",\"url\":\"https:\/\/agoracivica.cat\/wp-content\/uploads\/2025\/05\/Grupo-51.svg\",\"contentUrl\":\"https:\/\/agoracivica.cat\/wp-content\/uploads\/2025\/05\/Grupo-51.svg\",\"width\":1,\"height\":1,\"caption\":\"\u00c0gora C\u00edvica\"},\"image\":{\"@id\":\"https:\/\/agoracivica.cat\/#\/schema\/logo\/image\/\"}}]}<\/script>\n<!-- \/ Yoast SEO plugin. -->","yoast_head_json":{"title":"\u00c1gora en red - \u00c0gora C\u00edvica","robots":{"index":"index","follow":"follow","max-snippet":"max-snippet:-1","max-image-preview":"max-image-preview:large","max-video-preview":"max-video-preview:-1"},"canonical":"https:\/\/agoracivica.cat\/agora-en-xarxa\/","og_locale":"es_ES","og_type":"article","og_title":"\u00c1gora en red - \u00c0gora C\u00edvica","og_description":"\u00c1GORA EN REDEl \u00c1gora en Red re\u00fane las iniciativas de las entidades de la sociedad civil que organizan actividades especiales vinculadas con los temas de MONDIACULT 2025. Muchas de estas iniciativas han recibido el apoyo de la Generalitat de Catalunya, y tienen que ver con la experiencia y la vinculaci\u00f3n de las entidades catalanas con [&hellip;]","og_url":"https:\/\/agoracivica.cat\/agora-en-xarxa\/","og_site_name":"\u00c0gora C\u00edvica","article_modified_time":"2025-08-26T12:37:24+00:00","twitter_card":"summary_large_image","twitter_misc":{"Tiempo de lectura":"1 minuto"},"schema":{"@context":"https:\/\/schema.org","@graph":[{"@type":"WebPage","@id":"https:\/\/agoracivica.cat\/agora-en-xarxa\/","url":"https:\/\/agoracivica.cat\/agora-en-xarxa\/","name":"\u00c1gora en red - \u00c0gora C\u00edvica","isPartOf":{"@id":"https:\/\/agoracivica.cat\/#website"},"datePublished":"2025-06-25T09:05:48+00:00","dateModified":"2025-08-26T12:37:24+00:00","breadcrumb":{"@id":"https:\/\/agoracivica.cat\/agora-en-xarxa\/#breadcrumb"},"inLanguage":"es","potentialAction":[{"@type":"ReadAction","target":["https:\/\/agoracivica.cat\/agora-en-xarxa\/"]}]},{"@type":"BreadcrumbList","@id":"https:\/\/agoracivica.cat\/agora-en-xarxa\/#breadcrumb","itemListElement":[{"@type":"ListItem","position":1,"name":"Inici","item":"https:\/\/agoracivica.cat\/"},{"@type":"ListItem","position":2,"name":"\u00c1gora en red"}]},{"@type":"WebSite","@id":"https:\/\/agoracivica.cat\/#website","url":"https:\/\/agoracivica.cat\/","name":"\u00c0gora C\u00edvica","description":"Programa d&#039;activitats","publisher":{"@id":"https:\/\/agoracivica.cat\/#organization"},"potentialAction":[{"@type":"SearchAction","target":{"@type":"EntryPoint","urlTemplate":"https:\/\/agoracivica.cat\/?s={search_term_string}"},"query-input":{"@type":"PropertyValueSpecification","valueRequired":true,"valueName":"search_term_string"}}],"inLanguage":"es"},{"@type":"Organization","@id":"https:\/\/agoracivica.cat\/#organization","name":"\u00c0gora C\u00edvica","url":"https:\/\/agoracivica.cat\/","logo":{"@type":"ImageObject","inLanguage":"es","@id":"https:\/\/agoracivica.cat\/#\/schema\/logo\/image\/","url":"https:\/\/agoracivica.cat\/wp-content\/uploads\/2025\/05\/Grupo-51.svg","contentUrl":"https:\/\/agoracivica.cat\/wp-content\/uploads\/2025\/05\/Grupo-51.svg","width":1,"height":1,"caption":"\u00c0gora C\u00edvica"},"image":{"@id":"https:\/\/agoracivica.cat\/#\/schema\/logo\/image\/"}}]}},"_links":{"self":[{"href":"https:\/\/agoracivica.cat\/es\/wp-json\/wp\/v2\/pages\/1450","targetHints":{"allow":["GET"]}}],"collection":[{"href":"https:\/\/agoracivica.cat\/es\/wp-json\/wp\/v2\/pages"}],"about":[{"href":"https:\/\/agoracivica.cat\/es\/wp-json\/wp\/v2\/types\/page"}],"author":[{"embeddable":true,"href":"https:\/\/agoracivica.cat\/es\/wp-json\/wp\/v2\/users\/3"}],"replies":[{"embeddable":true,"href":"https:\/\/agoracivica.cat\/es\/wp-json\/wp\/v2\/comments?post=1450"}],"version-history":[{"count":5,"href":"https:\/\/agoracivica.cat\/es\/wp-json\/wp\/v2\/pages\/1450\/revisions"}],"predecessor-version":[{"id":5906,"href":"https:\/\/agoracivica.cat\/es\/wp-json\/wp\/v2\/pages\/1450\/revisions\/5906"}],"wp:attachment":[{"href":"https:\/\/agoracivica.cat\/es\/wp-json\/wp\/v2\/media?parent=1450"}],"curies":[{"name":"wp","href":"https:\/\/api.w.org\/{rel}","templated":true}]}}