{"id":953,"date":"2025-06-12T08:41:49","date_gmt":"2025-06-12T08:41:49","guid":{"rendered":"https:\/\/agoracivica.cat\/aviso-legal\/"},"modified":"2025-06-12T10:26:32","modified_gmt":"2025-06-12T10:26:32","slug":"aviso-legal","status":"publish","type":"page","link":"https:\/\/agoracivica.cat\/es\/aviso-legal\/","title":{"rendered":"Aviso legal"},"content":{"rendered":"<p>[et_pb_section fb_built=&#8221;1&#8243; custom_padding_last_edited=&#8221;on|phone&#8221; _builder_version=&#8221;4.27.4&#8243; _module_preset=&#8221;default&#8221; background_color=&#8221;#abdbfc&#8221; background_enable_image=&#8221;off&#8221; background_size=&#8221;custom&#8221; background_image_width=&#8221;54%&#8221; background_position=&#8221;top_right&#8221; background_horizontal_offset=&#8221;-28%&#8221; background_vertical_offset=&#8221;-100%&#8221; custom_padding=&#8221;0px|35px||35px|false|true&#8221; custom_padding_tablet=&#8221;|35px||35px|false|true&#8221; custom_padding_phone=&#8221;|20px||20px|false|true&#8221; global_colors_info=&#8221;{}&#8221;][et_pb_row column_structure=&#8221;1_2,1_2&#8243; custom_padding_last_edited=&#8221;on|phone&#8221; _builder_version=&#8221;4.27.4&#8243; _module_preset=&#8221;default&#8221; module_alignment=&#8221;center&#8221; custom_margin=&#8221;0px||0px||false|false&#8221; custom_padding=&#8221;0px|35px||0px|false|false&#8221; custom_padding_tablet=&#8221;0px|48px||48px|false|false&#8221; custom_padding_phone=&#8221;0px|10px||10px|false|true&#8221; global_colors_info=&#8221;{}&#8221;][et_pb_column type=&#8221;1_2&#8243; _builder_version=&#8221;4.27.4&#8243; _module_preset=&#8221;default&#8221; custom_padding=&#8221;0px||||false|false&#8221; global_colors_info=&#8221;{}&#8221;][\/et_pb_column][et_pb_column type=&#8221;1_2&#8243; _builder_version=&#8221;4.27.4&#8243; _module_preset=&#8221;default&#8221; global_colors_info=&#8221;{}&#8221;][\/et_pb_column][\/et_pb_row][et_pb_row use_custom_gutter=&#8221;on&#8221; gutter_width=&#8221;2&#8243; make_equal=&#8221;on&#8221; custom_padding_last_edited=&#8221;on|phone&#8221; module_class=&#8221;align-bottom&#8221; _builder_version=&#8221;4.27.4&#8243; _module_preset=&#8221;default&#8221; custom_padding=&#8221;6em||||false|false&#8221; custom_padding_tablet=&#8221;6em||||false|false&#8221; custom_padding_phone=&#8221;0em||0px||false|false&#8221; global_colors_info=&#8221;{}&#8221;][et_pb_column type=&#8221;4_4&#8243; _builder_version=&#8221;4.27.4&#8243; _module_preset=&#8221;default&#8221; global_colors_info=&#8221;{}&#8221;][et_pb_text module_class=&#8221;eix_tematics_title&#8221; _builder_version=&#8221;4.27.4&#8243; _module_preset=&#8221;default&#8221; header_text_align=&#8221;right&#8221; header_font_size=&#8221;220px&#8221; header_line_height=&#8221;180px&#8221; header_2_text_align=&#8221;left&#8221; header_2_font_size=&#8221;115px&#8221; header_2_line_height=&#8221;91.7px&#8221; header_2_font_size_tablet=&#8221;130px&#8221; header_2_font_size_phone=&#8221;74px&#8221; header_2_font_size_last_edited=&#8221;on|phone&#8221; header_2_line_height_tablet=&#8221;105px&#8221; header_2_line_height_phone=&#8221;59.2px&#8221; header_2_line_height_last_edited=&#8221;on|phone&#8221; global_colors_info=&#8221;{}&#8221;]<\/p>\n<h2 class=\"np nm\">AVISO<\/h2>\n<h2 class=\"np nm\"><em>LEGAL<\/em><\/h2>\n<p>[\/et_pb_text][\/et_pb_column][\/et_pb_row][et_pb_row use_custom_gutter=&#8221;on&#8221; gutter_width=&#8221;2&#8243; make_equal=&#8221;on&#8221; module_class=&#8221;align-bottom&#8221; _builder_version=&#8221;4.27.4&#8243; _module_preset=&#8221;default&#8221; global_colors_info=&#8221;{}&#8221;][et_pb_column type=&#8221;4_4&#8243; _builder_version=&#8221;4.27.4&#8243; _module_preset=&#8221;default&#8221; global_colors_info=&#8221;{}&#8221;][et_pb_text module_class=&#8221;col_2&#8243; _builder_version=&#8221;4.27.4&#8243; _module_preset=&#8221;default&#8221; animation_style=&#8221;fade&#8221; text_font_size_tablet=&#8221;&#8221; text_font_size_phone=&#8221;18px&#8221; text_font_size_last_edited=&#8221;on|phone&#8221; text_line_height_tablet=&#8221;&#8221; text_line_height_phone=&#8221;22px&#8221; text_line_height_last_edited=&#8221;on|desktop&#8221; custom_css_main_element=&#8221;||  &#8221; global_colors_info=&#8221;{}&#8221;]<\/p>\n<p><span>Esta web es fruto de una iniciativa conjunta de la Generalitat de Catalunya, el Ayuntamiento de Barcelona, la Diputaci\u00f3n de Barcelona y el Ministerio de Cultura. La Generalitat de Catalunya es la propietaria y responsable. Se permite la reutilizaci\u00f3n de los contenidos de esta web y de los datos para todo el mundo y sin ning\u00fan tipo de limitaci\u00f3n temporal ni restricci\u00f3n, en los t\u00e9rminos establecidos por la Licencia abierta de uso de informaci\u00f3n \u2013 Catalu\u00f1a o por el equivalente instrumento legal CC0 de Creative Commons, de acuerdo con las condiciones y el r\u00e9gimen establecidos en el art\u00edculo 17.1 de la Ley 19\/2014, de 29 de diciembre, de transparencia, acceso a la informaci\u00f3n p\u00fablica y buen gobierno, y m\u00e1s all\u00e1 de las condiciones b\u00e1sicas establecidas en el art\u00edculo 8 de la Ley 37\/2007, sobre reutilizaci\u00f3n de la informaci\u00f3n del sector p\u00fablico (citaci\u00f3n de la fuente, no alteraci\u00f3n ni desnaturalizaci\u00f3n de la informaci\u00f3n y especificaci\u00f3n de la fecha de \u00faltima actualizaci\u00f3n), y siempre que no se contradiga con la licencia o el aviso que pueda tener una obra y que es lo que prevalece.  <\/span><\/p>\n<p><span>Esta web tiene un dise\u00f1o responsivo y es usable y accesible para garantizar el acceso a todas las personas que la consultan, independientemente de sus capacidades f\u00edsicas, sensoriales o intelectuales y tambi\u00e9n del dispositivo que utilicen para conectarse.<\/span><\/p>\n<p>[\/et_pb_text][\/et_pb_column][\/et_pb_row][et_pb_row use_custom_gutter=&#8221;on&#8221; gutter_width=&#8221;2&#8243; make_equal=&#8221;on&#8221; _builder_version=&#8221;4.27.4&#8243; _module_preset=&#8221;default&#8221; global_colors_info=&#8221;{}&#8221;][et_pb_column type=&#8221;4_4&#8243; _builder_version=&#8221;4.27.4&#8243; _module_preset=&#8221;default&#8221; global_colors_info=&#8221;{}&#8221;][et_pb_toggle title=&#8221;M\u00e1s informaci\u00f3n&#8221; open_toggle_text_color=&#8221;#102271&#8243; icon_color=&#8221;#102271&#8243; toggle_icon=&#8221;&#x4c;||divi||400&#8243; use_icon_font_size=&#8221;on&#8221; icon_font_size=&#8221;42px&#8221; open_icon_color=&#8221;#102271&#8243; open_toggle_icon=&#8221;&#x4d;||divi||400&#8243; open_use_icon_font_size=&#8221;on&#8221; open_icon_font_size=&#8221;42px&#8221; module_class=&#8221; eixos_tematics&#8221; _builder_version=&#8221;4.27.4&#8243; _module_preset=&#8221;default&#8221; title_text_color=&#8221;#102271&#8243; title_level=&#8221;h3&#8243; title_font_size=&#8221;60px&#8221; body_font_size=&#8221;26px&#8221; body_line_height=&#8221;36px&#8221; body_link_text_color=&#8221;#102271&#8243; background_color=&#8221;rgba(16,34,113,0.1)&#8221; custom_margin=&#8221;||||false|false&#8221; custom_padding=&#8221;24px|24px|24px|24px|false|true&#8221; hover_transition_duration=&#8221;50ms&#8221; title_font_size_tablet=&#8221;60px&#8221; title_font_size_phone=&#8221;30px&#8221; title_font_size_last_edited=&#8221;on|phone&#8221; body_font_size_tablet=&#8221;26px&#8221; body_font_size_phone=&#8221;16px&#8221; body_font_size_last_edited=&#8221;on|phone&#8221; body_line_height_tablet=&#8221;36px&#8221; body_line_height_phone=&#8221;22px&#8221; body_line_height_last_edited=&#8221;on|phone&#8221; custom_css_main_element=&#8221;||&#8221; border_radii=&#8221;on|10px|10px|10px|10px&#8221; border_width_all=&#8221;0px&#8221; global_colors_info=&#8221;{}&#8221;]<\/p>\n<p><span>CC0 de Creative Commons (<a href=\"https:\/\/creativecommons.org\/publicdomain\/zero\/1.0\/deed.ca\"><span style=\"text-decoration: underline;\">https:\/\/creativecommons.org\/publicdomain\/zero\/1.0\/deed.ca<\/span><\/a>)<\/span><\/p>\n<p><span>Llei 37\/2007, de 16 de noviembre (<a href=\"https:\/\/www.boe.es\/buscar\/act.php?id=BOE-A-2007-19814\"><span style=\"text-decoration: underline;\">https:\/\/www.boe.es\/buscar\/act.php?id=BOE-A-2007-19814<\/span><\/a>)<\/span><\/p>\n<p><span>sobre reutilizaci\u00f3n de la informaci\u00f3n del sector p\u00fablico.<\/span><\/p>\n<p><strong><span>Modalidades de reutilizaci\u00f3n de la informaci\u00f3n <\/span><\/strong><\/p>\n<p><span>La reutilizaci\u00f3n de la informaci\u00f3n p\u00fablica es libre y no est\u00e1 sujeta a restricciones, salvo los supuestos en que, por v\u00eda reglamentaria, se someta a la obtenci\u00f3n de una licencia espec\u00edfica, por raz\u00f3n de la tutela de otros derechos o bienes jur\u00eddicos, o a la solicitud previa del interesado. Por lo tanto, de acuerdo con la normativa vigente, se permite la reproducci\u00f3n, la distribuci\u00f3n y la comunicaci\u00f3n p\u00fablica de la obra y, adem\u00e1s, la transformaci\u00f3n de la obra para hacer obras derivadas, para todo el mundo y sin ninguna limitaci\u00f3n temporal, en los t\u00e9rminos establecidos por la Licencia abierta de uso de informaci\u00f3n \u2013 Catalu\u00f1a o por el equivalente instrumento legal CC0 de Creative Commons, y siempre que no se contradiga con la licencia o aviso que pueda tener una obra y que es lo que prevalece. <\/span><\/p>\n<p><span>Para reutilizar la informaci\u00f3n, hay que seguir las condiciones siguientes:<\/span><\/p>\n<ul>\n<li><span>No desnaturalizar el sentido de la informaci\u00f3n.<\/span><\/li>\n<li><span>Citar siempre la fuente de la informaci\u00f3n.<\/span><\/li>\n<li><span>Mencionar la fecha de la \u00faltima actualizaci\u00f3n de la informaci\u00f3n.<\/span><\/li>\n<\/ul>\n<p><span>Hay que mencionar siempre la fuente: web del \u00c1gora C\u00edvica.<\/span><\/p>\n<p>[\/et_pb_toggle][\/et_pb_column][\/et_pb_row][\/et_pb_section]<\/p>\n","protected":false},"excerpt":{"rendered":"<p>AVISO LEGALEsta web es fruto de una iniciativa conjunta de la Generalitat de Catalunya, el Ayuntamiento de Barcelona, la Diputaci\u00f3n de Barcelona y el Ministerio de Cultura. La Generalitat de Catalunya es la propietaria y responsable. Se permite la reutilizaci\u00f3n de los contenidos de esta web y de los datos para todo el mundo y [&hellip;]<\/p>\n","protected":false},"author":3,"featured_media":0,"parent":0,"menu_order":0,"comment_status":"closed","ping_status":"closed","template":"","meta":{"_acf_changed":false,"_et_pb_use_builder":"on","_et_pb_old_content":"","_et_gb_content_width":"","footnotes":""},"class_list":["post-953","page","type-page","status-publish","hentry"],"acf":[],"yoast_head":"<!-- This site is optimized with the Yoast SEO plugin v26.0 - https:\/\/yoast.com\/wordpress\/plugins\/seo\/ -->\n<title>Aviso legal - \u00c0gora C\u00edvica<\/title>\n<meta name=\"robots\" content=\"index, follow, max-snippet:-1, max-image-preview:large, max-video-preview:-1\" \/>\n<link rel=\"canonical\" href=\"https:\/\/agoracivica.cat\/avis-legal\/\" \/>\n<meta property=\"og:locale\" content=\"es_ES\" \/>\n<meta property=\"og:type\" content=\"article\" \/>\n<meta property=\"og:title\" content=\"Aviso legal - \u00c0gora C\u00edvica\" \/>\n<meta property=\"og:description\" content=\"AVISO LEGALEsta web es fruto de una iniciativa conjunta de la Generalitat de Catalunya, el Ayuntamiento de Barcelona, la Diputaci\u00f3n de Barcelona y el Ministerio de Cultura. La Generalitat de Catalunya es la propietaria y responsable. Se permite la reutilizaci\u00f3n de los contenidos de esta web y de los datos para todo el mundo y [&hellip;]\" \/>\n<meta property=\"og:url\" content=\"https:\/\/agoracivica.cat\/avis-legal\/\" \/>\n<meta property=\"og:site_name\" content=\"\u00c0gora C\u00edvica\" \/>\n<meta property=\"article:modified_time\" content=\"2025-06-12T10:26:32+00:00\" \/>\n<meta name=\"twitter:card\" content=\"summary_large_image\" \/>\n<meta name=\"twitter:label1\" content=\"Tiempo de lectura\" \/>\n\t<meta name=\"twitter:data1\" content=\"5 minutos\" \/>\n<script type=\"application\/ld+json\" class=\"yoast-schema-graph\">{\"@context\":\"https:\/\/schema.org\",\"@graph\":[{\"@type\":\"WebPage\",\"@id\":\"https:\/\/agoracivica.cat\/avis-legal\/\",\"url\":\"https:\/\/agoracivica.cat\/avis-legal\/\",\"name\":\"Aviso legal - \u00c0gora C\u00edvica\",\"isPartOf\":{\"@id\":\"https:\/\/agoracivica.cat\/#website\"},\"datePublished\":\"2025-06-12T08:41:49+00:00\",\"dateModified\":\"2025-06-12T10:26:32+00:00\",\"breadcrumb\":{\"@id\":\"https:\/\/agoracivica.cat\/avis-legal\/#breadcrumb\"},\"inLanguage\":\"es\",\"potentialAction\":[{\"@type\":\"ReadAction\",\"target\":[\"https:\/\/agoracivica.cat\/avis-legal\/\"]}]},{\"@type\":\"BreadcrumbList\",\"@id\":\"https:\/\/agoracivica.cat\/avis-legal\/#breadcrumb\",\"itemListElement\":[{\"@type\":\"ListItem\",\"position\":1,\"name\":\"Inici\",\"item\":\"https:\/\/agoracivica.cat\/\"},{\"@type\":\"ListItem\",\"position\":2,\"name\":\"Aviso legal\"}]},{\"@type\":\"WebSite\",\"@id\":\"https:\/\/agoracivica.cat\/#website\",\"url\":\"https:\/\/agoracivica.cat\/\",\"name\":\"\u00c0gora C\u00edvica\",\"description\":\"Programa d&#039;activitats\",\"publisher\":{\"@id\":\"https:\/\/agoracivica.cat\/#organization\"},\"potentialAction\":[{\"@type\":\"SearchAction\",\"target\":{\"@type\":\"EntryPoint\",\"urlTemplate\":\"https:\/\/agoracivica.cat\/?s={search_term_string}\"},\"query-input\":{\"@type\":\"PropertyValueSpecification\",\"valueRequired\":true,\"valueName\":\"search_term_string\"}}],\"inLanguage\":\"es\"},{\"@type\":\"Organization\",\"@id\":\"https:\/\/agoracivica.cat\/#organization\",\"name\":\"\u00c0gora C\u00edvica\",\"url\":\"https:\/\/agoracivica.cat\/\",\"logo\":{\"@type\":\"ImageObject\",\"inLanguage\":\"es\",\"@id\":\"https:\/\/agoracivica.cat\/#\/schema\/logo\/image\/\",\"url\":\"https:\/\/agoracivica.cat\/wp-content\/uploads\/2025\/05\/Grupo-51.svg\",\"contentUrl\":\"https:\/\/agoracivica.cat\/wp-content\/uploads\/2025\/05\/Grupo-51.svg\",\"width\":1,\"height\":1,\"caption\":\"\u00c0gora C\u00edvica\"},\"image\":{\"@id\":\"https:\/\/agoracivica.cat\/#\/schema\/logo\/image\/\"}}]}<\/script>\n<!-- \/ Yoast SEO plugin. -->","yoast_head_json":{"title":"Aviso legal - \u00c0gora C\u00edvica","robots":{"index":"index","follow":"follow","max-snippet":"max-snippet:-1","max-image-preview":"max-image-preview:large","max-video-preview":"max-video-preview:-1"},"canonical":"https:\/\/agoracivica.cat\/avis-legal\/","og_locale":"es_ES","og_type":"article","og_title":"Aviso legal - \u00c0gora C\u00edvica","og_description":"AVISO LEGALEsta web es fruto de una iniciativa conjunta de la Generalitat de Catalunya, el Ayuntamiento de Barcelona, la Diputaci\u00f3n de Barcelona y el Ministerio de Cultura. La Generalitat de Catalunya es la propietaria y responsable. Se permite la reutilizaci\u00f3n de los contenidos de esta web y de los datos para todo el mundo y [&hellip;]","og_url":"https:\/\/agoracivica.cat\/avis-legal\/","og_site_name":"\u00c0gora C\u00edvica","article_modified_time":"2025-06-12T10:26:32+00:00","twitter_card":"summary_large_image","twitter_misc":{"Tiempo de lectura":"5 minutos"},"schema":{"@context":"https:\/\/schema.org","@graph":[{"@type":"WebPage","@id":"https:\/\/agoracivica.cat\/avis-legal\/","url":"https:\/\/agoracivica.cat\/avis-legal\/","name":"Aviso legal - \u00c0gora C\u00edvica","isPartOf":{"@id":"https:\/\/agoracivica.cat\/#website"},"datePublished":"2025-06-12T08:41:49+00:00","dateModified":"2025-06-12T10:26:32+00:00","breadcrumb":{"@id":"https:\/\/agoracivica.cat\/avis-legal\/#breadcrumb"},"inLanguage":"es","potentialAction":[{"@type":"ReadAction","target":["https:\/\/agoracivica.cat\/avis-legal\/"]}]},{"@type":"BreadcrumbList","@id":"https:\/\/agoracivica.cat\/avis-legal\/#breadcrumb","itemListElement":[{"@type":"ListItem","position":1,"name":"Inici","item":"https:\/\/agoracivica.cat\/"},{"@type":"ListItem","position":2,"name":"Aviso legal"}]},{"@type":"WebSite","@id":"https:\/\/agoracivica.cat\/#website","url":"https:\/\/agoracivica.cat\/","name":"\u00c0gora C\u00edvica","description":"Programa d&#039;activitats","publisher":{"@id":"https:\/\/agoracivica.cat\/#organization"},"potentialAction":[{"@type":"SearchAction","target":{"@type":"EntryPoint","urlTemplate":"https:\/\/agoracivica.cat\/?s={search_term_string}"},"query-input":{"@type":"PropertyValueSpecification","valueRequired":true,"valueName":"search_term_string"}}],"inLanguage":"es"},{"@type":"Organization","@id":"https:\/\/agoracivica.cat\/#organization","name":"\u00c0gora C\u00edvica","url":"https:\/\/agoracivica.cat\/","logo":{"@type":"ImageObject","inLanguage":"es","@id":"https:\/\/agoracivica.cat\/#\/schema\/logo\/image\/","url":"https:\/\/agoracivica.cat\/wp-content\/uploads\/2025\/05\/Grupo-51.svg","contentUrl":"https:\/\/agoracivica.cat\/wp-content\/uploads\/2025\/05\/Grupo-51.svg","width":1,"height":1,"caption":"\u00c0gora C\u00edvica"},"image":{"@id":"https:\/\/agoracivica.cat\/#\/schema\/logo\/image\/"}}]}},"_links":{"self":[{"href":"https:\/\/agoracivica.cat\/es\/wp-json\/wp\/v2\/pages\/953","targetHints":{"allow":["GET"]}}],"collection":[{"href":"https:\/\/agoracivica.cat\/es\/wp-json\/wp\/v2\/pages"}],"about":[{"href":"https:\/\/agoracivica.cat\/es\/wp-json\/wp\/v2\/types\/page"}],"author":[{"embeddable":true,"href":"https:\/\/agoracivica.cat\/es\/wp-json\/wp\/v2\/users\/3"}],"replies":[{"embeddable":true,"href":"https:\/\/agoracivica.cat\/es\/wp-json\/wp\/v2\/comments?post=953"}],"version-history":[{"count":0,"href":"https:\/\/agoracivica.cat\/es\/wp-json\/wp\/v2\/pages\/953\/revisions"}],"wp:attachment":[{"href":"https:\/\/agoracivica.cat\/es\/wp-json\/wp\/v2\/media?parent=953"}],"curies":[{"name":"wp","href":"https:\/\/api.w.org\/{rel}","templated":true}]}}