{"id":956,"date":"2025-06-12T09:06:20","date_gmt":"2025-06-12T09:06:20","guid":{"rendered":"https:\/\/agoracivica.cat\/politica-de-privacidad\/"},"modified":"2025-07-03T15:54:40","modified_gmt":"2025-07-03T15:54:40","slug":"politica-de-privacidad","status":"publish","type":"page","link":"https:\/\/agoracivica.cat\/es\/politica-de-privacidad\/","title":{"rendered":"Pol\u00edtica de privacidad"},"content":{"rendered":"<p>[et_pb_section fb_built=&#8221;1&#8243; custom_padding_last_edited=&#8221;on|phone&#8221; _builder_version=&#8221;4.27.4&#8243; _module_preset=&#8221;default&#8221; background_color=&#8221;#FDDCC2&#8243; background_enable_image=&#8221;off&#8221; background_size=&#8221;custom&#8221; background_image_width=&#8221;54%&#8221; background_position=&#8221;top_right&#8221; background_horizontal_offset=&#8221;-28%&#8221; background_vertical_offset=&#8221;-100%&#8221; custom_padding=&#8221;0px|35px||35px|false|true&#8221; custom_padding_tablet=&#8221;|35px||35px|false|true&#8221; custom_padding_phone=&#8221;|20px||20px|false|true&#8221; global_colors_info=&#8221;{}&#8221;][et_pb_row column_structure=&#8221;1_2,1_2&#8243; custom_padding_last_edited=&#8221;on|phone&#8221; _builder_version=&#8221;4.27.4&#8243; _module_preset=&#8221;default&#8221; module_alignment=&#8221;center&#8221; custom_margin=&#8221;0px||0px||false|false&#8221; custom_padding=&#8221;0px|35px||0px|false|false&#8221; custom_padding_tablet=&#8221;0px|48px||48px|false|false&#8221; custom_padding_phone=&#8221;0px|10px||0px|false|false&#8221; global_colors_info=&#8221;{}&#8221;][et_pb_column type=&#8221;1_2&#8243; _builder_version=&#8221;4.27.4&#8243; _module_preset=&#8221;default&#8221; custom_padding=&#8221;0px||||false|false&#8221; global_colors_info=&#8221;{}&#8221;][\/et_pb_column][et_pb_column type=&#8221;1_2&#8243; _builder_version=&#8221;4.27.4&#8243; _module_preset=&#8221;default&#8221; global_colors_info=&#8221;{}&#8221;][\/et_pb_column][\/et_pb_row][et_pb_row use_custom_gutter=&#8221;on&#8221; gutter_width=&#8221;2&#8243; make_equal=&#8221;on&#8221; custom_padding_last_edited=&#8221;on|phone&#8221; module_class=&#8221;align-bottom&#8221; _builder_version=&#8221;4.27.4&#8243; _module_preset=&#8221;default&#8221; custom_padding=&#8221;6em||||false|false&#8221; custom_padding_tablet=&#8221;6em||||false|false&#8221; custom_padding_phone=&#8221;0em||||false|false&#8221; global_colors_info=&#8221;{}&#8221;][et_pb_column type=&#8221;4_4&#8243; _builder_version=&#8221;4.27.4&#8243; _module_preset=&#8221;default&#8221; global_colors_info=&#8221;{}&#8221;][et_pb_text module_class=&#8221;eix_tematics_title&#8221; _builder_version=&#8221;4.27.4&#8243; _module_preset=&#8221;default&#8221; header_text_align=&#8221;right&#8221; header_font_size=&#8221;220px&#8221; header_line_height=&#8221;180px&#8221; header_2_text_align=&#8221;left&#8221; header_2_font_size=&#8221;115px&#8221; header_2_line_height=&#8221;91.7px&#8221; header_2_font_size_tablet=&#8221;130px&#8221; header_2_font_size_phone=&#8221;74px&#8221; header_2_font_size_last_edited=&#8221;on|phone&#8221; header_2_line_height_tablet=&#8221;105px&#8221; header_2_line_height_phone=&#8221;59.2px&#8221; header_2_line_height_last_edited=&#8221;on|phone&#8221; global_colors_info=&#8221;{}&#8221;]<\/p>\n<h2 class=\"np nm\">POL\u00cdTICA DE<\/h2>\n<h2 class=\"np nm\"><em>PRIVACIDAD<\/em><\/h2>\n<p>[\/et_pb_text][\/et_pb_column][\/et_pb_row][et_pb_row column_structure=&#8221;1_2,1_2&#8243; use_custom_gutter=&#8221;on&#8221; gutter_width=&#8221;2&#8243; make_equal=&#8221;on&#8221; custom_padding_last_edited=&#8221;on|phone&#8221; module_class=&#8221;align-bottom&#8221; _builder_version=&#8221;4.27.4&#8243; _module_preset=&#8221;default&#8221; custom_padding=&#8221;70px|||||&#8221; custom_padding_tablet=&#8221;70px|||||&#8221; custom_padding_phone=&#8221;0px||||false|false&#8221; global_colors_info=&#8221;{}&#8221;][et_pb_column type=&#8221;1_2&#8243; _builder_version=&#8221;4.27.4&#8243; _module_preset=&#8221;default&#8221; global_colors_info=&#8221;{}&#8221;][et_pb_text _builder_version=&#8221;4.27.4&#8243; _module_preset=&#8221;default&#8221; text_font_size=&#8221;30px&#8221; width=&#8221;72%&#8221; module_alignment=&#8221;left&#8221; custom_margin=&#8221;auto|||auto|false|false&#8221; animation_style=&#8221;fade&#8221; text_font_size_tablet=&#8221;30px&#8221; text_font_size_phone=&#8221;22px&#8221; text_font_size_last_edited=&#8221;on|phone&#8221; text_line_height_tablet=&#8221;&#8221; text_line_height_phone=&#8221;28px&#8221; text_line_height_last_edited=&#8221;on|phone&#8221; locked=&#8221;off&#8221; global_colors_info=&#8221;{}&#8221;]<\/p>\n<p>Pol\u00edtica de protecci\u00f3n de datos de car\u00e1cter personal de la web gencat<\/p>\n<p>[\/et_pb_text][et_pb_text _builder_version=&#8221;4.27.4&#8243; _module_preset=&#8221;default&#8221; link_text_color=&#8221;#102271&#8243; ul_line_height=&#8221;1.2em&#8221; animation_style=&#8221;fade&#8221; text_font_size_tablet=&#8221;&#8221; text_font_size_phone=&#8221;18px&#8221; text_font_size_last_edited=&#8221;on|phone&#8221; text_line_height_tablet=&#8221;&#8221; text_line_height_phone=&#8221;22px&#8221; text_line_height_last_edited=&#8221;on|desktop&#8221; custom_css_main_element=&#8221;a  { text-decoration:underline  !important; }&#8221; global_colors_info=&#8221;{}&#8221;]<\/p>\n<p>La Generalitat de Catalunya garantiza el derecho a la protecci\u00f3n de los datos personales que se facilitan a trav\u00e9s de esta aplicaci\u00f3n en los t\u00e9rminos establecidos por la Ley org\u00e1nica 3\/2018, de 5 de diciembre, de Protecci\u00f3n de Datos Personales y garant\u00eda de los derechos digitales, y por el Reglamento (UE) 2016\/679, del Parlamento Europeo y del Consejo, relativo a la protecci\u00f3n de las personas f\u00edsicas en lo que respecta al tratamiento de datos personales y a la libre circulaci\u00f3n de estos datos, implementando las medidas de seguridad necesarias y adecuadas al tipo de datos personales.<\/p>\n<p>Los datos que se requieran ser\u00e1n los estrictamente necesarios, adecuados y pertinentes para la finalidad para la que se recojan, y ser\u00e1n sometidos a un tratamiento automatizado.<\/p>\n<p>En cada p\u00e1gina que contenga formularios que recojan datos de car\u00e1cter personal, se informar\u00e1, de manera expresa, de:<\/p>\n<ul>\n<li>La existencia de un tratamiento de datos de car\u00e1cter personal.<\/li>\n<li>La identidad y los datos de contacto del responsable del tratamiento.<\/li>\n<li>Los datos de contacto del delegado de protecci\u00f3n de datos.<\/li>\n<li>Las finalidades del tratamiento al que se destinan los datos personales y la base jur\u00eddica del tratamiento.<\/li>\n<li>Categor\u00edas de destinatarios de los datos personales.<\/li>\n<li>Plazo durante el cual se conservar\u00e1n los datos personales.<\/li>\n<li>La existencia del derecho a solicitar al responsable del tratamiento el acceso a los datos personales relativos a la persona interesada, y su rectificaci\u00f3n, supresi\u00f3n, oposici\u00f3n o la limitaci\u00f3n de su tratamiento.<\/li>\n<li>El derecho a presentar una reclamaci\u00f3n ante la autoridad de control si la comunicaci\u00f3n de datos personales es un requisito legal o contractual.<\/li>\n<li>La existencia de decisiones automatizadas, incluida la elaboraci\u00f3n de perfiles.<\/li>\n<\/ul>\n<p>En caso de que en alg\u00fan formulario que recoja datos de car\u00e1cter personal no se expliciten estos derechos o la manera de ejercerlos, puede comunicarlo a:<\/p>\n<p>Departamento de Cultura a trav\u00e9s de la Secretar\u00eda General<br \/>Direcci\u00f3n: La Rambla, 8 (08002 Barcelona) <br \/>Contacto: <a href=\"mailto:protecciodades.cultura@gencat.cat\">protecciodades.cultura@gencat.cat<\/a><\/p>\n<p>[\/et_pb_text][\/et_pb_column][et_pb_column type=&#8221;1_2&#8243; _builder_version=&#8221;4.27.4&#8243; _module_preset=&#8221;default&#8221; global_colors_info=&#8221;{}&#8221;][et_pb_text _builder_version=&#8221;4.27.4&#8243; _module_preset=&#8221;default&#8221; link_text_color=&#8221;#102271&#8243; ul_line_height=&#8221;1.2em&#8221; animation_style=&#8221;fade&#8221; text_font_size_tablet=&#8221;&#8221; text_font_size_phone=&#8221;18px&#8221; text_font_size_last_edited=&#8221;on|phone&#8221; text_line_height_tablet=&#8221;&#8221; text_line_height_phone=&#8221;22px&#8221; text_line_height_last_edited=&#8221;on|desktop&#8221; custom_css_main_element=&#8221;||  a  { text-decoration:underline  !important; }&#8221; global_colors_info=&#8221;{}&#8221;]<\/p>\n<p><strong><span>Pol\u00edticas de privacidad y condiciones de uso de contenidos de terceros<\/span><\/strong><\/p>\n<p><span>Algunas p\u00e1ginas de la web https:\/\/agoracivica.cat pueden incluir contenido alojado en plataformas externas que tienen pol\u00edticas de privacidad y condiciones de uso propias.<\/span><\/p>\n<p><span>Consulte el detalle de las herramientas que utilizamos actualmente:<\/span><\/p>\n<p><strong><span>Youtube<\/span><\/strong><\/p>\n<p><span>Utilizamos YouTube para reproducir v\u00eddeos y emisiones en directo dentro de la web.<\/span><\/p>\n<ul>\n<li><span>Condiciones de uso del servicio <a href=\"https:\/\/www.youtube.com\/static?template=terms\">https:\/\/www.youtube.com\/static?template=terms<\/a><\/span><\/li>\n<li>Pol\u00edticas de privacidad <a href=\"https:\/\/policies.google.com\/privacy\">https:\/\/policies.google.com\/privacy<\/a><\/li>\n<\/ul>\n<p>[\/et_pb_text][\/et_pb_column][\/et_pb_row][\/et_pb_section]<\/p>\n","protected":false},"excerpt":{"rendered":"<p>POL\u00cdTICA DE PRIVACIDADPol\u00edtica de protecci\u00f3n de datos de car\u00e1cter personal de la web gencatLa Generalitat de Catalunya garantiza el derecho a la protecci\u00f3n de los datos personales que se facilitan a trav\u00e9s de esta aplicaci\u00f3n en los t\u00e9rminos establecidos por la Ley org\u00e1nica 3\/2018, de 5 de diciembre, de Protecci\u00f3n de Datos Personales y garant\u00eda [&hellip;]<\/p>\n","protected":false},"author":3,"featured_media":0,"parent":0,"menu_order":0,"comment_status":"closed","ping_status":"closed","template":"","meta":{"_acf_changed":false,"_et_pb_use_builder":"on","_et_pb_old_content":"","_et_gb_content_width":"","footnotes":""},"class_list":["post-956","page","type-page","status-publish","hentry"],"acf":[],"yoast_head":"<!-- This site is optimized with the Yoast SEO plugin v26.0 - https:\/\/yoast.com\/wordpress\/plugins\/seo\/ -->\n<title>Pol\u00edtica de privacidad - \u00c0gora C\u00edvica<\/title>\n<meta name=\"robots\" content=\"index, follow, max-snippet:-1, max-image-preview:large, max-video-preview:-1\" \/>\n<link rel=\"canonical\" href=\"https:\/\/agoracivica.cat\/politica-de-privacitat\/\" \/>\n<meta property=\"og:locale\" content=\"es_ES\" \/>\n<meta property=\"og:type\" content=\"article\" \/>\n<meta property=\"og:title\" content=\"Pol\u00edtica de privacidad - \u00c0gora C\u00edvica\" \/>\n<meta property=\"og:description\" content=\"POL\u00cdTICA DE PRIVACIDADPol\u00edtica de protecci\u00f3n de datos de car\u00e1cter personal de la web gencatLa Generalitat de Catalunya garantiza el derecho a la protecci\u00f3n de los datos personales que se facilitan a trav\u00e9s de esta aplicaci\u00f3n en los t\u00e9rminos establecidos por la Ley org\u00e1nica 3\/2018, de 5 de diciembre, de Protecci\u00f3n de Datos Personales y garant\u00eda [&hellip;]\" \/>\n<meta property=\"og:url\" content=\"https:\/\/agoracivica.cat\/politica-de-privacitat\/\" \/>\n<meta property=\"og:site_name\" content=\"\u00c0gora C\u00edvica\" \/>\n<meta property=\"article:modified_time\" content=\"2025-07-03T15:54:40+00:00\" \/>\n<meta name=\"twitter:card\" content=\"summary_large_image\" \/>\n<meta name=\"twitter:label1\" content=\"Tiempo de lectura\" \/>\n\t<meta name=\"twitter:data1\" content=\"5 minutos\" \/>\n<script type=\"application\/ld+json\" class=\"yoast-schema-graph\">{\"@context\":\"https:\/\/schema.org\",\"@graph\":[{\"@type\":\"WebPage\",\"@id\":\"https:\/\/agoracivica.cat\/politica-de-privacitat\/\",\"url\":\"https:\/\/agoracivica.cat\/politica-de-privacitat\/\",\"name\":\"Pol\u00edtica de privacidad - \u00c0gora C\u00edvica\",\"isPartOf\":{\"@id\":\"https:\/\/agoracivica.cat\/#website\"},\"datePublished\":\"2025-06-12T09:06:20+00:00\",\"dateModified\":\"2025-07-03T15:54:40+00:00\",\"breadcrumb\":{\"@id\":\"https:\/\/agoracivica.cat\/politica-de-privacitat\/#breadcrumb\"},\"inLanguage\":\"es\",\"potentialAction\":[{\"@type\":\"ReadAction\",\"target\":[\"https:\/\/agoracivica.cat\/politica-de-privacitat\/\"]}]},{\"@type\":\"BreadcrumbList\",\"@id\":\"https:\/\/agoracivica.cat\/politica-de-privacitat\/#breadcrumb\",\"itemListElement\":[{\"@type\":\"ListItem\",\"position\":1,\"name\":\"Inici\",\"item\":\"https:\/\/agoracivica.cat\/\"},{\"@type\":\"ListItem\",\"position\":2,\"name\":\"Pol\u00edtica de privacidad\"}]},{\"@type\":\"WebSite\",\"@id\":\"https:\/\/agoracivica.cat\/#website\",\"url\":\"https:\/\/agoracivica.cat\/\",\"name\":\"\u00c0gora C\u00edvica\",\"description\":\"Programa d&#039;activitats\",\"publisher\":{\"@id\":\"https:\/\/agoracivica.cat\/#organization\"},\"potentialAction\":[{\"@type\":\"SearchAction\",\"target\":{\"@type\":\"EntryPoint\",\"urlTemplate\":\"https:\/\/agoracivica.cat\/?s={search_term_string}\"},\"query-input\":{\"@type\":\"PropertyValueSpecification\",\"valueRequired\":true,\"valueName\":\"search_term_string\"}}],\"inLanguage\":\"es\"},{\"@type\":\"Organization\",\"@id\":\"https:\/\/agoracivica.cat\/#organization\",\"name\":\"\u00c0gora C\u00edvica\",\"url\":\"https:\/\/agoracivica.cat\/\",\"logo\":{\"@type\":\"ImageObject\",\"inLanguage\":\"es\",\"@id\":\"https:\/\/agoracivica.cat\/#\/schema\/logo\/image\/\",\"url\":\"https:\/\/agoracivica.cat\/wp-content\/uploads\/2025\/05\/Grupo-51.svg\",\"contentUrl\":\"https:\/\/agoracivica.cat\/wp-content\/uploads\/2025\/05\/Grupo-51.svg\",\"width\":1,\"height\":1,\"caption\":\"\u00c0gora C\u00edvica\"},\"image\":{\"@id\":\"https:\/\/agoracivica.cat\/#\/schema\/logo\/image\/\"}}]}<\/script>\n<!-- \/ Yoast SEO plugin. -->","yoast_head_json":{"title":"Pol\u00edtica de privacidad - \u00c0gora C\u00edvica","robots":{"index":"index","follow":"follow","max-snippet":"max-snippet:-1","max-image-preview":"max-image-preview:large","max-video-preview":"max-video-preview:-1"},"canonical":"https:\/\/agoracivica.cat\/politica-de-privacitat\/","og_locale":"es_ES","og_type":"article","og_title":"Pol\u00edtica de privacidad - \u00c0gora C\u00edvica","og_description":"POL\u00cdTICA DE PRIVACIDADPol\u00edtica de protecci\u00f3n de datos de car\u00e1cter personal de la web gencatLa Generalitat de Catalunya garantiza el derecho a la protecci\u00f3n de los datos personales que se facilitan a trav\u00e9s de esta aplicaci\u00f3n en los t\u00e9rminos establecidos por la Ley org\u00e1nica 3\/2018, de 5 de diciembre, de Protecci\u00f3n de Datos Personales y garant\u00eda [&hellip;]","og_url":"https:\/\/agoracivica.cat\/politica-de-privacitat\/","og_site_name":"\u00c0gora C\u00edvica","article_modified_time":"2025-07-03T15:54:40+00:00","twitter_card":"summary_large_image","twitter_misc":{"Tiempo de lectura":"5 minutos"},"schema":{"@context":"https:\/\/schema.org","@graph":[{"@type":"WebPage","@id":"https:\/\/agoracivica.cat\/politica-de-privacitat\/","url":"https:\/\/agoracivica.cat\/politica-de-privacitat\/","name":"Pol\u00edtica de privacidad - \u00c0gora C\u00edvica","isPartOf":{"@id":"https:\/\/agoracivica.cat\/#website"},"datePublished":"2025-06-12T09:06:20+00:00","dateModified":"2025-07-03T15:54:40+00:00","breadcrumb":{"@id":"https:\/\/agoracivica.cat\/politica-de-privacitat\/#breadcrumb"},"inLanguage":"es","potentialAction":[{"@type":"ReadAction","target":["https:\/\/agoracivica.cat\/politica-de-privacitat\/"]}]},{"@type":"BreadcrumbList","@id":"https:\/\/agoracivica.cat\/politica-de-privacitat\/#breadcrumb","itemListElement":[{"@type":"ListItem","position":1,"name":"Inici","item":"https:\/\/agoracivica.cat\/"},{"@type":"ListItem","position":2,"name":"Pol\u00edtica de privacidad"}]},{"@type":"WebSite","@id":"https:\/\/agoracivica.cat\/#website","url":"https:\/\/agoracivica.cat\/","name":"\u00c0gora C\u00edvica","description":"Programa d&#039;activitats","publisher":{"@id":"https:\/\/agoracivica.cat\/#organization"},"potentialAction":[{"@type":"SearchAction","target":{"@type":"EntryPoint","urlTemplate":"https:\/\/agoracivica.cat\/?s={search_term_string}"},"query-input":{"@type":"PropertyValueSpecification","valueRequired":true,"valueName":"search_term_string"}}],"inLanguage":"es"},{"@type":"Organization","@id":"https:\/\/agoracivica.cat\/#organization","name":"\u00c0gora C\u00edvica","url":"https:\/\/agoracivica.cat\/","logo":{"@type":"ImageObject","inLanguage":"es","@id":"https:\/\/agoracivica.cat\/#\/schema\/logo\/image\/","url":"https:\/\/agoracivica.cat\/wp-content\/uploads\/2025\/05\/Grupo-51.svg","contentUrl":"https:\/\/agoracivica.cat\/wp-content\/uploads\/2025\/05\/Grupo-51.svg","width":1,"height":1,"caption":"\u00c0gora C\u00edvica"},"image":{"@id":"https:\/\/agoracivica.cat\/#\/schema\/logo\/image\/"}}]}},"_links":{"self":[{"href":"https:\/\/agoracivica.cat\/es\/wp-json\/wp\/v2\/pages\/956","targetHints":{"allow":["GET"]}}],"collection":[{"href":"https:\/\/agoracivica.cat\/es\/wp-json\/wp\/v2\/pages"}],"about":[{"href":"https:\/\/agoracivica.cat\/es\/wp-json\/wp\/v2\/types\/page"}],"author":[{"embeddable":true,"href":"https:\/\/agoracivica.cat\/es\/wp-json\/wp\/v2\/users\/3"}],"replies":[{"embeddable":true,"href":"https:\/\/agoracivica.cat\/es\/wp-json\/wp\/v2\/comments?post=956"}],"version-history":[{"count":0,"href":"https:\/\/agoracivica.cat\/es\/wp-json\/wp\/v2\/pages\/956\/revisions"}],"wp:attachment":[{"href":"https:\/\/agoracivica.cat\/es\/wp-json\/wp\/v2\/media?parent=956"}],"curies":[{"name":"wp","href":"https:\/\/api.w.org\/{rel}","templated":true}]}}