{"id":1181,"date":"2025-06-16T07:39:59","date_gmt":"2025-06-16T07:39:59","guid":{"rendered":"https:\/\/agoracivica.cat\/accessibilite\/"},"modified":"2025-07-03T15:55:39","modified_gmt":"2025-07-03T15:55:39","slug":"accessibilite","status":"publish","type":"page","link":"https:\/\/agoracivica.cat\/fr\/accessibilite\/","title":{"rendered":"Accessibilit\u00e9"},"content":{"rendered":"<p>[et_pb_section fb_built=&#8221;1&#8243; custom_padding_last_edited=&#8221;on|phone&#8221; _builder_version=&#8221;4.27.4&#8243; _module_preset=&#8221;default&#8221; background_color=&#8221;#F4FFFF&#8221; background_enable_image=&#8221;off&#8221; background_size=&#8221;custom&#8221; background_image_width=&#8221;54%&#8221; background_position=&#8221;top_right&#8221; background_horizontal_offset=&#8221;-28%&#8221; background_vertical_offset=&#8221;-100%&#8221; custom_padding=&#8221;0px|35px||35px|false|true&#8221; custom_padding_tablet=&#8221;|35px||35px|false|true&#8221; custom_padding_phone=&#8221;|20px||20px|false|true&#8221; global_colors_info=&#8221;{}&#8221;][et_pb_row column_structure=&#8221;1_2,1_2&#8243; custom_padding_last_edited=&#8221;on|phone&#8221; _builder_version=&#8221;4.27.4&#8243; _module_preset=&#8221;default&#8221; module_alignment=&#8221;center&#8221; custom_margin=&#8221;0px||0px||false|false&#8221; custom_padding=&#8221;0px|35px||0px|false|false&#8221; custom_padding_tablet=&#8221;0px|48px||48px|false|false&#8221; custom_padding_phone=&#8221;0px|10px||0px|false|false&#8221; global_colors_info=&#8221;{}&#8221;][et_pb_column type=&#8221;1_2&#8243; _builder_version=&#8221;4.27.4&#8243; _module_preset=&#8221;default&#8221; custom_padding=&#8221;0px||||false|false&#8221; global_colors_info=&#8221;{}&#8221;][\/et_pb_column][et_pb_column type=&#8221;1_2&#8243; _builder_version=&#8221;4.27.4&#8243; _module_preset=&#8221;default&#8221; global_colors_info=&#8221;{}&#8221;][\/et_pb_column][\/et_pb_row][et_pb_row use_custom_gutter=&#8221;on&#8221; gutter_width=&#8221;2&#8243; make_equal=&#8221;on&#8221; custom_padding_last_edited=&#8221;on|phone&#8221; module_class=&#8221;align-bottom&#8221; _builder_version=&#8221;4.27.4&#8243; _module_preset=&#8221;default&#8221; custom_padding=&#8221;6em||||false|false&#8221; custom_padding_tablet=&#8221;6em||||false|false&#8221; custom_padding_phone=&#8221;0em||||false|false&#8221; global_colors_info=&#8221;{}&#8221;][et_pb_column type=&#8221;4_4&#8243; _builder_version=&#8221;4.27.4&#8243; _module_preset=&#8221;default&#8221; global_colors_info=&#8221;{}&#8221;][et_pb_text module_class=&#8221;eix_tematics_title&#8221; _builder_version=&#8221;4.27.4&#8243; _module_preset=&#8221;default&#8221; header_text_align=&#8221;right&#8221; header_text_color=&#8221;#FDDCC2&#8243; header_font_size=&#8221;220px&#8221; header_line_height=&#8221;180px&#8221; header_2_text_align=&#8221;left&#8221; header_2_text_color=&#8221;#102271&#8243; header_2_font_size=&#8221;115px&#8221; header_2_line_height=&#8221;91.7px&#8221; header_2_font_size_tablet=&#8221;130px&#8221; header_2_font_size_phone=&#8221;74px&#8221; header_2_font_size_last_edited=&#8221;on|phone&#8221; header_2_line_height_tablet=&#8221;105px&#8221; header_2_line_height_phone=&#8221;59.2px&#8221; header_2_line_height_last_edited=&#8221;on|phone&#8221; global_colors_info=&#8221;{}&#8221;]<\/p>\n<h2 class=\"np nm\"><em>ACCESSIBILIT\u00c9<\/em><strong><\/strong><\/h2>\n<p>[\/et_pb_text][\/et_pb_column][\/et_pb_row][et_pb_row use_custom_gutter=&#8221;on&#8221; gutter_width=&#8221;2&#8243; make_equal=&#8221;on&#8221; custom_padding_last_edited=&#8221;on|phone&#8221; module_class=&#8221;align-bottom&#8221; _builder_version=&#8221;4.27.4&#8243; _module_preset=&#8221;default&#8221; custom_padding=&#8221;70px|||||&#8221; custom_padding_tablet=&#8221;70px|||||&#8221; custom_padding_phone=&#8221;0px||||false|false&#8221; global_colors_info=&#8221;{}&#8221;][et_pb_column type=&#8221;4_4&#8243; _builder_version=&#8221;4.27.4&#8243; _module_preset=&#8221;default&#8221; global_colors_info=&#8221;{}&#8221;][et_pb_text _builder_version=&#8221;4.27.4&#8243; _module_preset=&#8221;default&#8221; text_text_color=&#8221;#102271&#8243; link_text_color=&#8221;#102271&#8243; ul_line_height=&#8221;1.2em&#8221; animation_style=&#8221;fade&#8221; text_font_size_tablet=&#8221;&#8221; text_font_size_phone=&#8221;18px&#8221; text_font_size_last_edited=&#8221;on|phone&#8221; text_line_height_tablet=&#8221;&#8221; text_line_height_phone=&#8221;22px&#8221; text_line_height_last_edited=&#8221;on|desktop&#8221; custom_css_main_element=&#8221;a  { text-decoration:underline  !important; }&#8221; global_colors_info=&#8221;{}&#8221;]<\/p>\n<p>Ce site Internet est con\u00e7u dans le but de garantir un acc\u00e8s universel \u00e0 l\u2019information et aux services, conform\u00e9ment aux principes d\u2019\u00e9galit\u00e9, de non-discrimination et d\u2019accessibilit\u00e9 pour toutes les personnes, comme \u00e9tablis par les r\u00e9glementations en vigueur.<\/p>\n<p>[\/et_pb_text][et_pb_text module_class=&#8221;col_2&#8243; _builder_version=&#8221;4.27.4&#8243; _module_preset=&#8221;default&#8221; text_text_color=&#8221;#102271&#8243; link_text_color=&#8221;#102271&#8243; ul_line_height=&#8221;1.2em&#8221; animation_style=&#8221;fade&#8221; hover_enabled=&#8221;0&#8243; text_font_size_tablet=&#8221;&#8221; text_font_size_phone=&#8221;18px&#8221; text_font_size_last_edited=&#8221;on|phone&#8221; text_line_height_tablet=&#8221;&#8221; text_line_height_phone=&#8221;22px&#8221; text_line_height_last_edited=&#8221;on|desktop&#8221; custom_css_main_element=&#8221;a  { text-decoration:underline  !important; }&#8221; global_colors_info=&#8221;{}&#8221; sticky_enabled=&#8221;0&#8243;]<\/p>\n<p><strong>Engagement institutionnel<\/strong><\/p>\n<p>Le Gouvernement de Catalogne s\u2019engage \u00e0 garantir l\u2019accessibilit\u00e9 de ses contenus num\u00e9riques, comme le pr\u00e9voit le <strong>d\u00e9cret royal 1112\/2018 sur l\u2019accessibilit\u00e9 des sites Internet et des applications pour dispositifs mobiles du secteur public<\/strong>, ainsi que la <strong>loi 19\/2014 sur la transparence, l\u2019acc\u00e8s \u00e0 l\u2019information publique et la bonne gouvernance.<\/strong><\/p>\n<p>Ce portail a \u00e9t\u00e9 d\u00e9velopp\u00e9 en suivant les <strong>R\u00e8gles pour l\u2019accessibilit\u00e9 des contenus Web (WCAG 2.1)<\/strong> du W3C et est conforme au <strong>niveau AA de conformit\u00e9<\/strong>, ce qui assure un haut degr\u00e9 d\u2019accessibilit\u00e9 et d\u2019utilisabilit\u00e9 pour les citoyens.<\/p>\n<p><strong>Caract\u00e9ristiques d\u2019accessibilit\u00e9<\/strong><\/p>\n<p>Pour rendre possible une exp\u00e9rience de navigation accessible, le site Internet int\u00e8gre les fonctionnalit\u00e9s suivantes :<\/p>\n<ul>\n<li>Structure s\u00e9mantique claire et hi\u00e9rarchique (en-t\u00eates, listes, tableaux\u2026).<\/li>\n<li>Textes alternatifs en images et \u00e9l\u00e9ments non textuels.<\/li>\n<li>Contraste ad\u00e9quat entre le texte et le fond pour garantir une lecture facile.<\/li>\n<li>Formulaires \u00e9tiquet\u00e9s et accessibles pour les technologies d\u2019assistance.<\/li>\n<li>D\u00e9claration de la langue pour faciliter la lecture avec des lecteurs d\u2019\u00e9cran.<\/li>\n<\/ul>\n<p><strong>R\u00e9vision et am\u00e9lioration continue<\/strong><\/p>\n<p>Ce site Internet a \u00e9t\u00e9 examin\u00e9 \u00e0 l\u2019aide d\u2019outils automatiques et de validations manuelles, et il est en cours de mise \u00e0 jour pour corriger d\u2019\u00e9ventuelles erreurs et garantir le respect permanent des crit\u00e8res d\u2019accessibilit\u00e9.<\/p>\n<p>Le Gouvernement de Catalogne promeut activement une culture num\u00e9rique inclusive et veille \u00e0 l\u2019accessibilit\u00e9 des services publics num\u00e9riques comme un droit fondamental des citoyens.<\/p>\n<ul>\n<li><strong>Date de la derni\u00e8re r\u00e9vision d\u2019accessibilit\u00e9 <\/strong>: 30 mai 2025.<\/li>\n<\/ul>\n<p><strong>Communication des incidents et consultations<\/strong><\/p>\n<p>Si vous d\u00e9tectez un obstacle \u00e0 l\u2019accessibilit\u00e9 sur ce site Internet, ou si vous souhaitez nous faire part de suggestions d\u2019am\u00e9lioration, vous pouvez le faire en \u00e9crivant \u00e0 l\u2019adresse \u00e9lectronique suivante :<\/p>\n<p>\ud83d\udce9 <a href=\"mailto:info@agoracivica.cat\">info@agoracivica.cat<\/a><\/p>\n<p>Toutes les communications seront trait\u00e9es conform\u00e9ment \u00e0 la proc\u00e9dure \u00e9tablie \u00e0 l\u2019article 10 du d\u00e9cret royal 1112\/2018 et recevront une r\u00e9ponse dans le d\u00e9lai l\u00e9gal \u00e9tabli.<\/p>\n<p>[\/et_pb_text][\/et_pb_column][\/et_pb_row][\/et_pb_section]<\/p>\n","protected":false},"excerpt":{"rendered":"<p>ACCESSIBILIT\u00c9Ce site Internet est con\u00e7u dans le but de garantir un acc\u00e8s universel \u00e0 l\u2019information et aux services, conform\u00e9ment aux principes d\u2019\u00e9galit\u00e9, de non-discrimination et d\u2019accessibilit\u00e9 pour toutes les personnes, comme \u00e9tablis par les r\u00e9glementations en vigueur.Engagement institutionnel Le Gouvernement de Catalogne s\u2019engage \u00e0 garantir l\u2019accessibilit\u00e9 de ses contenus num\u00e9riques, comme le pr\u00e9voit le d\u00e9cret [&hellip;]<\/p>\n","protected":false},"author":3,"featured_media":0,"parent":0,"menu_order":0,"comment_status":"closed","ping_status":"closed","template":"","meta":{"_acf_changed":false,"_et_pb_use_builder":"on","_et_pb_old_content":"","_et_gb_content_width":"","footnotes":""},"class_list":["post-1181","page","type-page","status-publish","hentry"],"acf":[],"yoast_head":"<!-- This site is optimized with the Yoast SEO plugin v26.0 - https:\/\/yoast.com\/wordpress\/plugins\/seo\/ -->\n<title>Accessibilit\u00e9 - \u00c0gora C\u00edvica<\/title>\n<meta name=\"robots\" content=\"index, follow, max-snippet:-1, max-image-preview:large, max-video-preview:-1\" \/>\n<link rel=\"canonical\" href=\"https:\/\/agoracivica.cat\/accessibilitat\/\" \/>\n<meta property=\"og:locale\" content=\"fr_FR\" \/>\n<meta property=\"og:type\" content=\"article\" \/>\n<meta property=\"og:title\" content=\"Accessibilit\u00e9 - \u00c0gora C\u00edvica\" \/>\n<meta property=\"og:description\" content=\"ACCESSIBILIT\u00c9Ce site Internet est con\u00e7u dans le but de garantir un acc\u00e8s universel \u00e0 l\u2019information et aux services, conform\u00e9ment aux principes d\u2019\u00e9galit\u00e9, de non-discrimination et d\u2019accessibilit\u00e9 pour toutes les personnes, comme \u00e9tablis par les r\u00e9glementations en vigueur.Engagement institutionnel Le Gouvernement de Catalogne s\u2019engage \u00e0 garantir l\u2019accessibilit\u00e9 de ses contenus num\u00e9riques, comme le pr\u00e9voit le d\u00e9cret [&hellip;]\" \/>\n<meta property=\"og:url\" content=\"https:\/\/agoracivica.cat\/accessibilitat\/\" \/>\n<meta property=\"og:site_name\" content=\"\u00c0gora C\u00edvica\" \/>\n<meta property=\"article:modified_time\" content=\"2025-07-03T15:55:39+00:00\" \/>\n<meta name=\"twitter:card\" content=\"summary_large_image\" \/>\n<meta name=\"twitter:label1\" content=\"Dur\u00e9e de lecture estim\u00e9e\" \/>\n\t<meta name=\"twitter:data1\" content=\"4 minutes\" \/>\n<script type=\"application\/ld+json\" class=\"yoast-schema-graph\">{\"@context\":\"https:\/\/schema.org\",\"@graph\":[{\"@type\":\"WebPage\",\"@id\":\"https:\/\/agoracivica.cat\/accessibilitat\/\",\"url\":\"https:\/\/agoracivica.cat\/accessibilitat\/\",\"name\":\"Accessibilit\u00e9 - \u00c0gora C\u00edvica\",\"isPartOf\":{\"@id\":\"https:\/\/agoracivica.cat\/#website\"},\"datePublished\":\"2025-06-16T07:39:59+00:00\",\"dateModified\":\"2025-07-03T15:55:39+00:00\",\"breadcrumb\":{\"@id\":\"https:\/\/agoracivica.cat\/accessibilitat\/#breadcrumb\"},\"inLanguage\":\"fr-FR\",\"potentialAction\":[{\"@type\":\"ReadAction\",\"target\":[\"https:\/\/agoracivica.cat\/accessibilitat\/\"]}]},{\"@type\":\"BreadcrumbList\",\"@id\":\"https:\/\/agoracivica.cat\/accessibilitat\/#breadcrumb\",\"itemListElement\":[{\"@type\":\"ListItem\",\"position\":1,\"name\":\"Inici\",\"item\":\"https:\/\/agoracivica.cat\/\"},{\"@type\":\"ListItem\",\"position\":2,\"name\":\"Accessibilit\u00e9\"}]},{\"@type\":\"WebSite\",\"@id\":\"https:\/\/agoracivica.cat\/#website\",\"url\":\"https:\/\/agoracivica.cat\/\",\"name\":\"\u00c0gora C\u00edvica\",\"description\":\"Programa d&#039;activitats\",\"publisher\":{\"@id\":\"https:\/\/agoracivica.cat\/#organization\"},\"potentialAction\":[{\"@type\":\"SearchAction\",\"target\":{\"@type\":\"EntryPoint\",\"urlTemplate\":\"https:\/\/agoracivica.cat\/?s={search_term_string}\"},\"query-input\":{\"@type\":\"PropertyValueSpecification\",\"valueRequired\":true,\"valueName\":\"search_term_string\"}}],\"inLanguage\":\"fr-FR\"},{\"@type\":\"Organization\",\"@id\":\"https:\/\/agoracivica.cat\/#organization\",\"name\":\"\u00c0gora C\u00edvica\",\"url\":\"https:\/\/agoracivica.cat\/\",\"logo\":{\"@type\":\"ImageObject\",\"inLanguage\":\"fr-FR\",\"@id\":\"https:\/\/agoracivica.cat\/#\/schema\/logo\/image\/\",\"url\":\"https:\/\/agoracivica.cat\/wp-content\/uploads\/2025\/05\/Grupo-51.svg\",\"contentUrl\":\"https:\/\/agoracivica.cat\/wp-content\/uploads\/2025\/05\/Grupo-51.svg\",\"width\":1,\"height\":1,\"caption\":\"\u00c0gora C\u00edvica\"},\"image\":{\"@id\":\"https:\/\/agoracivica.cat\/#\/schema\/logo\/image\/\"}}]}<\/script>\n<!-- \/ Yoast SEO plugin. -->","yoast_head_json":{"title":"Accessibilit\u00e9 - \u00c0gora C\u00edvica","robots":{"index":"index","follow":"follow","max-snippet":"max-snippet:-1","max-image-preview":"max-image-preview:large","max-video-preview":"max-video-preview:-1"},"canonical":"https:\/\/agoracivica.cat\/accessibilitat\/","og_locale":"fr_FR","og_type":"article","og_title":"Accessibilit\u00e9 - \u00c0gora C\u00edvica","og_description":"ACCESSIBILIT\u00c9Ce site Internet est con\u00e7u dans le but de garantir un acc\u00e8s universel \u00e0 l\u2019information et aux services, conform\u00e9ment aux principes d\u2019\u00e9galit\u00e9, de non-discrimination et d\u2019accessibilit\u00e9 pour toutes les personnes, comme \u00e9tablis par les r\u00e9glementations en vigueur.Engagement institutionnel Le Gouvernement de Catalogne s\u2019engage \u00e0 garantir l\u2019accessibilit\u00e9 de ses contenus num\u00e9riques, comme le pr\u00e9voit le d\u00e9cret [&hellip;]","og_url":"https:\/\/agoracivica.cat\/accessibilitat\/","og_site_name":"\u00c0gora C\u00edvica","article_modified_time":"2025-07-03T15:55:39+00:00","twitter_card":"summary_large_image","twitter_misc":{"Dur\u00e9e de lecture estim\u00e9e":"4 minutes"},"schema":{"@context":"https:\/\/schema.org","@graph":[{"@type":"WebPage","@id":"https:\/\/agoracivica.cat\/accessibilitat\/","url":"https:\/\/agoracivica.cat\/accessibilitat\/","name":"Accessibilit\u00e9 - \u00c0gora C\u00edvica","isPartOf":{"@id":"https:\/\/agoracivica.cat\/#website"},"datePublished":"2025-06-16T07:39:59+00:00","dateModified":"2025-07-03T15:55:39+00:00","breadcrumb":{"@id":"https:\/\/agoracivica.cat\/accessibilitat\/#breadcrumb"},"inLanguage":"fr-FR","potentialAction":[{"@type":"ReadAction","target":["https:\/\/agoracivica.cat\/accessibilitat\/"]}]},{"@type":"BreadcrumbList","@id":"https:\/\/agoracivica.cat\/accessibilitat\/#breadcrumb","itemListElement":[{"@type":"ListItem","position":1,"name":"Inici","item":"https:\/\/agoracivica.cat\/"},{"@type":"ListItem","position":2,"name":"Accessibilit\u00e9"}]},{"@type":"WebSite","@id":"https:\/\/agoracivica.cat\/#website","url":"https:\/\/agoracivica.cat\/","name":"\u00c0gora C\u00edvica","description":"Programa d&#039;activitats","publisher":{"@id":"https:\/\/agoracivica.cat\/#organization"},"potentialAction":[{"@type":"SearchAction","target":{"@type":"EntryPoint","urlTemplate":"https:\/\/agoracivica.cat\/?s={search_term_string}"},"query-input":{"@type":"PropertyValueSpecification","valueRequired":true,"valueName":"search_term_string"}}],"inLanguage":"fr-FR"},{"@type":"Organization","@id":"https:\/\/agoracivica.cat\/#organization","name":"\u00c0gora C\u00edvica","url":"https:\/\/agoracivica.cat\/","logo":{"@type":"ImageObject","inLanguage":"fr-FR","@id":"https:\/\/agoracivica.cat\/#\/schema\/logo\/image\/","url":"https:\/\/agoracivica.cat\/wp-content\/uploads\/2025\/05\/Grupo-51.svg","contentUrl":"https:\/\/agoracivica.cat\/wp-content\/uploads\/2025\/05\/Grupo-51.svg","width":1,"height":1,"caption":"\u00c0gora C\u00edvica"},"image":{"@id":"https:\/\/agoracivica.cat\/#\/schema\/logo\/image\/"}}]}},"_links":{"self":[{"href":"https:\/\/agoracivica.cat\/fr\/wp-json\/wp\/v2\/pages\/1181","targetHints":{"allow":["GET"]}}],"collection":[{"href":"https:\/\/agoracivica.cat\/fr\/wp-json\/wp\/v2\/pages"}],"about":[{"href":"https:\/\/agoracivica.cat\/fr\/wp-json\/wp\/v2\/types\/page"}],"author":[{"embeddable":true,"href":"https:\/\/agoracivica.cat\/fr\/wp-json\/wp\/v2\/users\/3"}],"replies":[{"embeddable":true,"href":"https:\/\/agoracivica.cat\/fr\/wp-json\/wp\/v2\/comments?post=1181"}],"version-history":[{"count":0,"href":"https:\/\/agoracivica.cat\/fr\/wp-json\/wp\/v2\/pages\/1181\/revisions"}],"wp:attachment":[{"href":"https:\/\/agoracivica.cat\/fr\/wp-json\/wp\/v2\/media?parent=1181"}],"curies":[{"name":"wp","href":"https:\/\/api.w.org\/{rel}","templated":true}]}}