{"id":1458,"date":"2025-06-25T09:05:48","date_gmt":"2025-06-25T09:05:48","guid":{"rendered":"https:\/\/agoracivica.cat\/agora-en-xarxa\/"},"modified":"2025-08-26T12:41:54","modified_gmt":"2025-08-26T12:41:54","slug":"agora-en-xarxa","status":"publish","type":"page","link":"https:\/\/agoracivica.cat\/fr\/agora-en-xarxa\/","title":{"rendered":"\u00c0gora en r\u00e9seau"},"content":{"rendered":"<p>[et_pb_section fb_built=&#8221;1&#8243; custom_padding_last_edited=&#8221;on|phone&#8221; _builder_version=&#8221;4.27.4&#8243; _module_preset=&#8221;default&#8221; background_color=&#8221;#FDDCC2&#8243; custom_padding=&#8221;2px|35px|80px|35px|false|true&#8221; custom_padding_tablet=&#8221;164px||80px||false|false&#8221; custom_padding_phone=&#8221;80px|20px|20px|20px|false|true&#8221; locked=&#8221;off&#8221; global_colors_info=&#8221;{}&#8221;][et_pb_row column_structure=&#8221;1_2,1_2&#8243; custom_padding_last_edited=&#8221;on|phone&#8221; admin_label=&#8221;Rang\u00e9e&#8221; _builder_version=&#8221;4.27.4&#8243; _module_preset=&#8221;default&#8221; module_alignment=&#8221;center&#8221; custom_margin=&#8221;0px|auto|47px|auto|false|false&#8221; custom_padding=&#8221;0px|35px||0px|false|false&#8221; custom_padding_tablet=&#8221;0px|48px||48px|false|false&#8221; custom_padding_phone=&#8221;0px|10px||10px|false|true&#8221; global_colors_info=&#8221;{}&#8221;][et_pb_column type=&#8221;1_2&#8243; _builder_version=&#8221;4.27.4&#8243; _module_preset=&#8221;default&#8221; custom_padding=&#8221;0px||||false|false&#8221; global_colors_info=&#8221;{}&#8221;][\/et_pb_column][et_pb_column type=&#8221;1_2&#8243; _builder_version=&#8221;4.27.4&#8243; _module_preset=&#8221;default&#8221; global_colors_info=&#8221;{}&#8221;][\/et_pb_column][\/et_pb_row][et_pb_row use_custom_gutter=&#8221;on&#8221; gutter_width=&#8221;2&#8243; make_equal=&#8221;on&#8221; module_class=&#8221;align-bottom&#8221; _builder_version=&#8221;4.27.4&#8243; _module_preset=&#8221;default&#8221; custom_padding=&#8221;13px|||||&#8221; global_colors_info=&#8221;{}&#8221;][et_pb_column type=&#8221;4_4&#8243; _builder_version=&#8221;4.27.4&#8243; _module_preset=&#8221;default&#8221; global_colors_info=&#8221;{}&#8221;][et_pb_text module_class=&#8221;eix_tematics_title&#8221; _builder_version=&#8221;4.27.4&#8243; _module_preset=&#8221;default&#8221; header_text_align=&#8221;right&#8221; header_font_size=&#8221;220px&#8221; header_line_height=&#8221;180px&#8221; header_2_text_align=&#8221;left&#8221; header_2_font_size=&#8221;115px&#8221; header_2_line_height=&#8221;91.7px&#8221; width=&#8221;80%&#8221; header_2_font_size_tablet=&#8221;130px&#8221; header_2_font_size_phone=&#8221;74px&#8221; header_2_font_size_last_edited=&#8221;on|phone&#8221; header_2_line_height_tablet=&#8221;105px&#8221; header_2_line_height_phone=&#8221;59.2px&#8221; header_2_line_height_last_edited=&#8221;on|phone&#8221; global_colors_info=&#8221;{}&#8221;]<\/p>\n<h2 class=\"np nm\">AGORA<\/h2>\n<h2 class=\"np nm\"><em>EN<\/em> <em>R\u00c9SEAU<\/em><\/h2>\n<p>[\/et_pb_text][et_pb_text module_class=&#8221;col_2&#8243; _builder_version=&#8221;4.27.4&#8243; _module_preset=&#8221;default&#8221; animation_style=&#8221;fade&#8221; text_font_size_tablet=&#8221;&#8221; text_font_size_phone=&#8221;18px&#8221; text_font_size_last_edited=&#8221;on|phone&#8221; text_line_height_tablet=&#8221;&#8221; text_line_height_phone=&#8221;22px&#8221; text_line_height_last_edited=&#8221;on|desktop&#8221; custom_css_main_element=&#8221;||  &#8221; global_colors_info=&#8221;{}&#8221;]<\/p>\n<p>Agora en r\u00e9seau regroupe les initiatives des entit\u00e9s de la soci\u00e9t\u00e9 civile qui organisent des activit\u00e9s sp\u00e9ciales en lien avec les th\u00e8mes de MONDIACULT2025. Grand nombre de ces activit\u00e9s ont re\u00e7u le soutien du Gouvernement de Catalogne et ont trait \u00e0 l\u2019exp\u00e9rience et au lien des entit\u00e9s catalanes avec l\u2019UNESCO et avec les r\u00e9seaux culturels mondiaux. <\/p>\n<p>[\/et_pb_text][\/et_pb_column][\/et_pb_row][et_pb_row use_custom_gutter=&#8221;on&#8221; gutter_width=&#8221;2&#8243; make_equal=&#8221;on&#8221; custom_padding_last_edited=&#8221;on|phone&#8221; module_class=&#8221;align-bottom&#8221; _builder_version=&#8221;4.27.4&#8243; _module_preset=&#8221;default&#8221; custom_padding=&#8221;20px||||false|false&#8221; custom_padding_tablet=&#8221;70px|||||&#8221; custom_padding_phone=&#8221;0px||||false|false&#8221; locked=&#8221;off&#8221; global_colors_info=&#8221;{}&#8221;][et_pb_column type=&#8221;4_4&#8243; _builder_version=&#8221;4.27.4&#8243; _module_preset=&#8221;default&#8221; global_colors_info=&#8221;{}&#8221;][et_pb_code _builder_version=&#8221;4.27.4&#8243; _module_preset=&#8221;default&#8221; global_colors_info=&#8221;{}&#8221;]\n    <form id=\"filtre-activitats\" method=\"get\">\n        <input type=\"hidden\" name=\"paged\" value=\"1\">\n        <div class=\"filtres-wrapper\">\n                                <select name=\"data\" class=\"filter\" id=\"f-data\">\n                        <option value=\"\">Date<\/option>\n                        <option value=\"09-09-2025-fr\">09\/09\/2025<\/option><option value=\"10-09-2025-fr\">10\/09\/2025<\/option><option value=\"13-09-2025-fr\">13\/09\/2025<\/option><option value=\"15-09-2025-fr\">15\/09\/2025<\/option><option value=\"16-09-2025-fr\">16\/09\/2025<\/option><option value=\"17-09-2025-fr\">17\/09\/2025<\/option><option value=\"22-09-2025-fr\">22\/09\/2025<\/option><option value=\"26-09-2025-fr\">26\/09\/2025<\/option><option value=\"25-09-2025-fr\">25\/09\/2025<\/option><option value=\"27-09-2025-fr\">27\/09\/2025<\/option><option value=\"28-09-2025-fr\">28\/09\/2025<\/option><option value=\"29-09-2025-fr\">29\/09\/2025<\/option><option value=\"30-09-2025-fr\">30\/09\/2025<\/option><option value=\"01-10-2025-fr\">01\/10\/2025<\/option><option value=\"02-10-2025-fr\">02\/10\/2025<\/option><option value=\"04-10-2025-fr\">04\/10\/2025<\/option><option value=\"10-10-2025-fr\">10\/10\/2025<\/option><option value=\"11-10-2025-fr\">11\/10\/2025<\/option><option value=\"12-10-2025-fr\">12\/10\/2025<\/option><option value=\"13-10-2025-fr\">13\/10\/2025<\/option><option value=\"17-10-2025-fr\">17\/10\/2025<\/option><option value=\"18-10-2025-fr\">18\/10\/2025<\/option><option value=\"19-10-2025-fr\">19\/10\/2025<\/option><option value=\"20-10-2025-fr\">20\/10\/2025<\/option><option value=\"24-10-2025-fr\">24\/10\/2025<\/option><option value=\"25-10-2025-fr\">25\/10\/2025<\/option><option value=\"26-10-2025-fr\">26\/10\/2025<\/option><option value=\"29-10-2025-fr\">29\/10\/2025<\/option><option value=\"31-10-2025-fr\">31\/10\/2025<\/option><option value=\"01-11-2025-fr\">01\/11\/2025<\/option><option value=\"02-11-2025-fr\">02\/11\/2025<\/option><option value=\"07-11-2025-fr\">07\/11\/2025<\/option><option value=\"09-11-2025-fr\">09\/11\/2025<\/option><option value=\"10-11-2025-fr\">10\/11\/2025<\/option><option value=\"15-11-2025-fr\">15\/11\/2025<\/option><option value=\"21-11-2025-fr\">21\/11\/2025<\/option><option value=\"22-11-2025-fr\">22\/11\/2025<\/option><option value=\"23-11-2025-fr\">23\/11\/2025<\/option><option value=\"25-11-2025-fr\">25\/11\/2025<\/option><option value=\"26-11-2025-fr\">26\/11\/2025<\/option><option value=\"27-11-2025-fr\">27\/11\/2025<\/option><option value=\"28-11-2025-fr\">28\/11\/2025<\/option><option value=\"29-11-2025-fr\">29\/11\/2025<\/option>                    <\/select>\n                                    <select name=\"eix\" class=\"filter\" id=\"f-eix\">\n                        <option value=\"\">Axe th\u00e9matique<\/option>\n                        <option value=\"culture-et-paix\">Culture et paix<\/option><option value=\"drets-culturals-fr\">Droits culturels<\/option><option value=\"technologies-et-intelligence-artificielle\">Technologies et intelligence artificielle<\/option><option value=\"diversite-culturelle-et-linguistique\">Diversit\u00e9 culturelle et linguistique<\/option><option value=\"ecosystemes-culturels\">\u00c9cosyst\u00e8mes culturels<\/option><option value=\"villes-et-objectif-culture-dans-les-agendas-mondiaux\">Villes et Objectif Culture dans les agendas mondiaux<\/option><option value=\"autres\">Autres<\/option>                    <\/select>\n                                    <select name=\"format\" class=\"filter\" id=\"f-format\">\n                        <option value=\"\">Format<\/option>\n                        <option value=\"debat-fr-2\">D\u00e9bat<\/option><option value=\"dynamique-de-groupes\">Dynamique de groupes<\/option><option value=\"dialogue-fr\">Dialogue<\/option><option value=\"espaces-de-reflexion\">Espaces de r\u00e9flexion<\/option><option value=\"exercices\">Exercices<\/option><option value=\"itineraire\">Itin\u00e9raire<\/option><option value=\"exposition\">Exposition<\/option><option value=\"cineforum-projection-film-debat\">Cinef\u00f2rum (projection film + d\u00e9bat)<\/option><option value=\"conversation\">conversation<\/option><option value=\"piece-de-theatre\">Pi\u00e8ce de th\u00e9\u00e2tre<\/option><option value=\"seance-pleniere\">S\u00e9ance pl\u00e9ni\u00e8re<\/option><option value=\"exposition-fr\">Exposition<\/option><option value=\"ponctuation\">Ponctuation<\/option><option value=\"interviews-fr\">Interviews<\/option><option value=\"presentation-fr\">Pr\u00e9sentation<\/option><option value=\"visite-guidee\">Visite guid\u00e9e<\/option><option value=\"projection\">Projection<\/option><option value=\"visite-guidee-de-la-model-et-passage-par-lexposition\">Visite guid\u00e9e de La Model et passage par l\u2019exposition<\/option><option value=\"projets\">Projets<\/option><option value=\"spectacle-en-plein-air\">Spectacle en plein air<\/option><option value=\"espectacle-fr\">Espectacle<\/option><option value=\"seance-participative\">S\u00e9ance participative<\/option><option value=\"performaforum-fr\">Performaforum<\/option><option value=\"cercavila-fr\">Rechercher<\/option><option value=\"diner\">D\u00eener<\/option><option value=\"musique\">Musique<\/option><option value=\"debat-fr\">Communaut\u00e9 d\u2019apprentissage<\/option><option value=\"atelier\">Atelier<\/option><option value=\"lecture-poetique\">Lecture po\u00e9tique<\/option><option value=\"concert-fr\">Concert<\/option><option value=\"table-ronde\">Table ronde<\/option><option value=\"cocktail\">Cocktail<\/option><option value=\"conference-fr\">Conf\u00e9rence<\/option><option value=\"exposition-artistique\">Exposition artistique<\/option><option value=\"radio-en-direct\">Radio en direct<\/option><option value=\"conference-performative\">Conf\u00e9rence performative<\/option><option value=\"carrache\">Carrache<\/option><option value=\"journee\">Journ\u00e9e<\/option>                    <\/select>\n                \n            <input type=\"hidden\" name=\"tipus-activitat\" value=\"agora-en-xarxa\" \/>\n        <\/div>\n    <\/form>\n\n    <div id=\"resultats-activitats\"><\/div>\n\n    [\/et_pb_code][\/et_pb_column][\/et_pb_row][\/et_pb_section]<\/p>\n","protected":false},"excerpt":{"rendered":"<p>AGORA EN R\u00c9SEAUAgora en r\u00e9seau regroupe les initiatives des entit\u00e9s de la soci\u00e9t\u00e9 civile qui organisent des activit\u00e9s sp\u00e9ciales en lien avec les th\u00e8mes de MONDIACULT2025. Grand nombre de ces activit\u00e9s ont re\u00e7u le soutien du Gouvernement de Catalogne et ont trait \u00e0 l\u2019exp\u00e9rience et au lien des entit\u00e9s catalanes avec l\u2019UNESCO et avec les [&hellip;]<\/p>\n","protected":false},"author":3,"featured_media":0,"parent":0,"menu_order":0,"comment_status":"closed","ping_status":"closed","template":"","meta":{"_acf_changed":false,"_et_pb_use_builder":"on","_et_pb_old_content":"","_et_gb_content_width":"","footnotes":""},"class_list":["post-1458","page","type-page","status-publish","hentry"],"acf":[],"yoast_head":"<!-- This site is optimized with the Yoast SEO plugin v26.0 - https:\/\/yoast.com\/wordpress\/plugins\/seo\/ -->\n<title>\u00c0gora en r\u00e9seau - \u00c0gora C\u00edvica<\/title>\n<meta name=\"robots\" content=\"index, follow, max-snippet:-1, max-image-preview:large, max-video-preview:-1\" \/>\n<link rel=\"canonical\" href=\"https:\/\/agoracivica.cat\/agora-en-xarxa\/\" \/>\n<meta property=\"og:locale\" content=\"fr_FR\" \/>\n<meta property=\"og:type\" content=\"article\" \/>\n<meta property=\"og:title\" content=\"\u00c0gora en r\u00e9seau - \u00c0gora C\u00edvica\" \/>\n<meta property=\"og:description\" content=\"AGORA EN R\u00c9SEAUAgora en r\u00e9seau regroupe les initiatives des entit\u00e9s de la soci\u00e9t\u00e9 civile qui organisent des activit\u00e9s sp\u00e9ciales en lien avec les th\u00e8mes de MONDIACULT2025. Grand nombre de ces activit\u00e9s ont re\u00e7u le soutien du Gouvernement de Catalogne et ont trait \u00e0 l\u2019exp\u00e9rience et au lien des entit\u00e9s catalanes avec l\u2019UNESCO et avec les [&hellip;]\" \/>\n<meta property=\"og:url\" content=\"https:\/\/agoracivica.cat\/agora-en-xarxa\/\" \/>\n<meta property=\"og:site_name\" content=\"\u00c0gora C\u00edvica\" \/>\n<meta property=\"article:modified_time\" content=\"2025-08-26T12:41:54+00:00\" \/>\n<meta name=\"twitter:card\" content=\"summary_large_image\" \/>\n<meta name=\"twitter:label1\" content=\"Dur\u00e9e de lecture estim\u00e9e\" \/>\n\t<meta name=\"twitter:data1\" content=\"2 minutes\" \/>\n<script type=\"application\/ld+json\" class=\"yoast-schema-graph\">{\"@context\":\"https:\/\/schema.org\",\"@graph\":[{\"@type\":\"WebPage\",\"@id\":\"https:\/\/agoracivica.cat\/agora-en-xarxa\/\",\"url\":\"https:\/\/agoracivica.cat\/agora-en-xarxa\/\",\"name\":\"\u00c0gora en r\u00e9seau - \u00c0gora C\u00edvica\",\"isPartOf\":{\"@id\":\"https:\/\/agoracivica.cat\/#website\"},\"datePublished\":\"2025-06-25T09:05:48+00:00\",\"dateModified\":\"2025-08-26T12:41:54+00:00\",\"breadcrumb\":{\"@id\":\"https:\/\/agoracivica.cat\/agora-en-xarxa\/#breadcrumb\"},\"inLanguage\":\"fr-FR\",\"potentialAction\":[{\"@type\":\"ReadAction\",\"target\":[\"https:\/\/agoracivica.cat\/agora-en-xarxa\/\"]}]},{\"@type\":\"BreadcrumbList\",\"@id\":\"https:\/\/agoracivica.cat\/agora-en-xarxa\/#breadcrumb\",\"itemListElement\":[{\"@type\":\"ListItem\",\"position\":1,\"name\":\"Inici\",\"item\":\"https:\/\/agoracivica.cat\/\"},{\"@type\":\"ListItem\",\"position\":2,\"name\":\"\u00c0gora en r\u00e9seau\"}]},{\"@type\":\"WebSite\",\"@id\":\"https:\/\/agoracivica.cat\/#website\",\"url\":\"https:\/\/agoracivica.cat\/\",\"name\":\"\u00c0gora C\u00edvica\",\"description\":\"Programa d&#039;activitats\",\"publisher\":{\"@id\":\"https:\/\/agoracivica.cat\/#organization\"},\"potentialAction\":[{\"@type\":\"SearchAction\",\"target\":{\"@type\":\"EntryPoint\",\"urlTemplate\":\"https:\/\/agoracivica.cat\/?s={search_term_string}\"},\"query-input\":{\"@type\":\"PropertyValueSpecification\",\"valueRequired\":true,\"valueName\":\"search_term_string\"}}],\"inLanguage\":\"fr-FR\"},{\"@type\":\"Organization\",\"@id\":\"https:\/\/agoracivica.cat\/#organization\",\"name\":\"\u00c0gora C\u00edvica\",\"url\":\"https:\/\/agoracivica.cat\/\",\"logo\":{\"@type\":\"ImageObject\",\"inLanguage\":\"fr-FR\",\"@id\":\"https:\/\/agoracivica.cat\/#\/schema\/logo\/image\/\",\"url\":\"https:\/\/agoracivica.cat\/wp-content\/uploads\/2025\/05\/Grupo-51.svg\",\"contentUrl\":\"https:\/\/agoracivica.cat\/wp-content\/uploads\/2025\/05\/Grupo-51.svg\",\"width\":1,\"height\":1,\"caption\":\"\u00c0gora C\u00edvica\"},\"image\":{\"@id\":\"https:\/\/agoracivica.cat\/#\/schema\/logo\/image\/\"}}]}<\/script>\n<!-- \/ Yoast SEO plugin. -->","yoast_head_json":{"title":"\u00c0gora en r\u00e9seau - \u00c0gora C\u00edvica","robots":{"index":"index","follow":"follow","max-snippet":"max-snippet:-1","max-image-preview":"max-image-preview:large","max-video-preview":"max-video-preview:-1"},"canonical":"https:\/\/agoracivica.cat\/agora-en-xarxa\/","og_locale":"fr_FR","og_type":"article","og_title":"\u00c0gora en r\u00e9seau - \u00c0gora C\u00edvica","og_description":"AGORA EN R\u00c9SEAUAgora en r\u00e9seau regroupe les initiatives des entit\u00e9s de la soci\u00e9t\u00e9 civile qui organisent des activit\u00e9s sp\u00e9ciales en lien avec les th\u00e8mes de MONDIACULT2025. Grand nombre de ces activit\u00e9s ont re\u00e7u le soutien du Gouvernement de Catalogne et ont trait \u00e0 l\u2019exp\u00e9rience et au lien des entit\u00e9s catalanes avec l\u2019UNESCO et avec les [&hellip;]","og_url":"https:\/\/agoracivica.cat\/agora-en-xarxa\/","og_site_name":"\u00c0gora C\u00edvica","article_modified_time":"2025-08-26T12:41:54+00:00","twitter_card":"summary_large_image","twitter_misc":{"Dur\u00e9e de lecture estim\u00e9e":"2 minutes"},"schema":{"@context":"https:\/\/schema.org","@graph":[{"@type":"WebPage","@id":"https:\/\/agoracivica.cat\/agora-en-xarxa\/","url":"https:\/\/agoracivica.cat\/agora-en-xarxa\/","name":"\u00c0gora en r\u00e9seau - \u00c0gora C\u00edvica","isPartOf":{"@id":"https:\/\/agoracivica.cat\/#website"},"datePublished":"2025-06-25T09:05:48+00:00","dateModified":"2025-08-26T12:41:54+00:00","breadcrumb":{"@id":"https:\/\/agoracivica.cat\/agora-en-xarxa\/#breadcrumb"},"inLanguage":"fr-FR","potentialAction":[{"@type":"ReadAction","target":["https:\/\/agoracivica.cat\/agora-en-xarxa\/"]}]},{"@type":"BreadcrumbList","@id":"https:\/\/agoracivica.cat\/agora-en-xarxa\/#breadcrumb","itemListElement":[{"@type":"ListItem","position":1,"name":"Inici","item":"https:\/\/agoracivica.cat\/"},{"@type":"ListItem","position":2,"name":"\u00c0gora en r\u00e9seau"}]},{"@type":"WebSite","@id":"https:\/\/agoracivica.cat\/#website","url":"https:\/\/agoracivica.cat\/","name":"\u00c0gora C\u00edvica","description":"Programa d&#039;activitats","publisher":{"@id":"https:\/\/agoracivica.cat\/#organization"},"potentialAction":[{"@type":"SearchAction","target":{"@type":"EntryPoint","urlTemplate":"https:\/\/agoracivica.cat\/?s={search_term_string}"},"query-input":{"@type":"PropertyValueSpecification","valueRequired":true,"valueName":"search_term_string"}}],"inLanguage":"fr-FR"},{"@type":"Organization","@id":"https:\/\/agoracivica.cat\/#organization","name":"\u00c0gora C\u00edvica","url":"https:\/\/agoracivica.cat\/","logo":{"@type":"ImageObject","inLanguage":"fr-FR","@id":"https:\/\/agoracivica.cat\/#\/schema\/logo\/image\/","url":"https:\/\/agoracivica.cat\/wp-content\/uploads\/2025\/05\/Grupo-51.svg","contentUrl":"https:\/\/agoracivica.cat\/wp-content\/uploads\/2025\/05\/Grupo-51.svg","width":1,"height":1,"caption":"\u00c0gora C\u00edvica"},"image":{"@id":"https:\/\/agoracivica.cat\/#\/schema\/logo\/image\/"}}]}},"_links":{"self":[{"href":"https:\/\/agoracivica.cat\/fr\/wp-json\/wp\/v2\/pages\/1458","targetHints":{"allow":["GET"]}}],"collection":[{"href":"https:\/\/agoracivica.cat\/fr\/wp-json\/wp\/v2\/pages"}],"about":[{"href":"https:\/\/agoracivica.cat\/fr\/wp-json\/wp\/v2\/types\/page"}],"author":[{"embeddable":true,"href":"https:\/\/agoracivica.cat\/fr\/wp-json\/wp\/v2\/users\/3"}],"replies":[{"embeddable":true,"href":"https:\/\/agoracivica.cat\/fr\/wp-json\/wp\/v2\/comments?post=1458"}],"version-history":[{"count":7,"href":"https:\/\/agoracivica.cat\/fr\/wp-json\/wp\/v2\/pages\/1458\/revisions"}],"predecessor-version":[{"id":5918,"href":"https:\/\/agoracivica.cat\/fr\/wp-json\/wp\/v2\/pages\/1458\/revisions\/5918"}],"wp:attachment":[{"href":"https:\/\/agoracivica.cat\/fr\/wp-json\/wp\/v2\/media?parent=1458"}],"curies":[{"name":"wp","href":"https:\/\/api.w.org\/{rel}","templated":true}]}}