{"id":3275,"date":"2025-07-30T08:40:14","date_gmt":"2025-07-30T08:40:14","guid":{"rendered":"https:\/\/agoracivica.cat\/sinscrire\/"},"modified":"2025-08-08T08:31:30","modified_gmt":"2025-08-08T08:31:30","slug":"sinscrire","status":"publish","type":"page","link":"https:\/\/agoracivica.cat\/fr\/sinscrire\/","title":{"rendered":"S&#8217;inscrire"},"content":{"rendered":"<p>[et_pb_section fb_built=&#8221;1&#8243; module_class=&#8221;bg_video_centrado fons_blau &#8221; _builder_version=&#8221;4.27.4&#8243; _module_preset=&#8221;default&#8221; background_color=&#8221;#102271&#8243; background_video_mp4=&#8221;https:\/\/agoracivica.cat\/wp-content\/uploads\/2025\/06\/dance.mp4&#8243; locked=&#8221;off&#8221; global_colors_info=&#8221;{}&#8221;][et_pb_row use_custom_gutter=&#8221;on&#8221; gutter_width=&#8221;2&#8243; make_equal=&#8221;on&#8221; module_class=&#8221;align-bottom&#8221; _builder_version=&#8221;4.27.4&#8243; _module_preset=&#8221;default&#8221; global_colors_info=&#8221;{}&#8221;][et_pb_column type=&#8221;4_4&#8243; _builder_version=&#8221;4.27.4&#8243; _module_preset=&#8221;default&#8221; global_colors_info=&#8221;{}&#8221;][et_pb_text module_class=&#8221;eix_tematics_title&#8221; _builder_version=&#8221;4.27.4&#8243; _module_preset=&#8221;default&#8221; header_text_align=&#8221;right&#8221; header_text_color=&#8221;#FDDCC2&#8243; header_font_size=&#8221;220px&#8221; header_line_height=&#8221;180px&#8221; header_2_text_align=&#8221;left&#8221; header_2_text_color=&#8221;#FDDCC2&#8243; header_2_font_size=&#8221;115px&#8221; header_2_line_height=&#8221;91.7px&#8221; header_2_font_size_tablet=&#8221;130px&#8221; header_2_font_size_phone=&#8221;74px&#8221; header_2_font_size_last_edited=&#8221;on|phone&#8221; header_2_line_height_tablet=&#8221;105px&#8221; header_2_line_height_phone=&#8221;59.2px&#8221; header_2_line_height_last_edited=&#8221;on|phone&#8221; global_colors_info=&#8221;{}&#8221;]<\/p>\n<h2 class=\"np nm\"><em>S&#8217;INSCRIRE<\/em><\/h2>\n<p>[\/et_pb_text][\/et_pb_column][\/et_pb_row][et_pb_row column_structure=&#8221;1_2,1_2&#8243; _builder_version=&#8221;4.27.4&#8243; _module_preset=&#8221;default&#8221; custom_margin=&#8221;270px||||false|false&#8221; custom_padding=&#8221;0px||||false|false&#8221; global_colors_info=&#8221;{}&#8221;][et_pb_column type=&#8221;1_2&#8243; _builder_version=&#8221;4.27.4&#8243; _module_preset=&#8221;default&#8221; global_colors_info=&#8221;{}&#8221;][et_pb_text admin_label=&#8221;Text&#8221; _builder_version=&#8221;4.27.4&#8243; _module_preset=&#8221;default&#8221; text_text_color=&#8221;#FDDCC2&#8243; text_letter_spacing=&#8221;0.3px&#8221; width=&#8221;90%&#8221; width_tablet=&#8221;90%&#8221; width_phone=&#8221;100%&#8221; width_last_edited=&#8221;on|phone&#8221; global_colors_info=&#8221;{}&#8221;]<\/p>\n<p>Souhaitez-vous assister \u00e0 l&#8217;Agora C\u00edvica&nbsp;? Remplissez le formulaire et choisissez le cr\u00e9neau horaire qui vous int\u00e9resse. L&#8217;inscription donne acc\u00e8s \u00e0 toutes les activit\u00e9s pr\u00e9vues dans le cr\u00e9neau horaire choisi, dans la limite des places disponibles, \u00e0 l&#8217;exception des activit\u00e9s sur inscription sp\u00e9cifique indiqu\u00e9es sur le site web.  <\/p>\n<p>[\/et_pb_text][\/et_pb_column][et_pb_column type=&#8221;1_2&#8243; _builder_version=&#8221;4.27.4&#8243; _module_preset=&#8221;default&#8221; global_colors_info=&#8221;{}&#8221;][et_pb_code _builder_version=&#8221;4.27.4&#8243; _module_preset=&#8221;default&#8221; global_colors_info=&#8221;{}&#8221;]    <form id=\"aforament-form\" method=\"post\" class=\"wpcf7-form-control-wrap\">\n\n            <div class=\"flex\">\n                <input type=\"text\" name=\"name\" required placeholder=\"Nom\" \/>\n        \n                <input type=\"email\" name=\"email\" required placeholder=\"Courriel\" >\n            <\/div>\n\n            <div class=\"flex\">\n                <input type=\"text\" name=\"entitat\" required placeholder=\"Pays d\u2019origine\" \/>\n                <input type=\"text\" name=\"pais\" required placeholder=\"Pays d\u2019origine\" >\n            <\/div>\n\n            <div class=\"flex date_time_holder\">\n                <select name=\"date_inscription[]\" id=\"fecha-select\" required>\n                    <option value=\"\">S\u00e9lectionner une date<\/option>\n                                            <option value=\"26\/09\/2025\">26\/09\/2025<\/option>\n                                            <option value=\"27\/09\/2025\">27\/09\/2025<\/option>\n                                            <option value=\"29\/09\/2025\">29\/09\/2025<\/option>\n                                            <option value=\"30\/09\/2025\">30\/09\/2025<\/option>\n                                            <option value=\"01\/10\/2025\">01\/10\/2025<\/option>\n                                    <\/select>\n        \n                <div class=\"flex\">\n                <select name=\"time_inscription[]\" id=\"franja-select\" required>\n                    <option value=\"\">Cr\u00e9neau horaire <\/option>\n                    <option value=\"0\">Matin<\/option>\n                    <option value=\"1\">Tarda<\/option>\n                <\/select>\n                        <div class=\"minus\">-<\/div>\n                        <div class=\"plus\">+<\/div>\n                        \n                <\/div>\n\n            <\/div>\n        \n            <span class=\"wpcf7-form-control-wrap block width\" data-name=\"grpd\">\n                <span class=\"wpcf7-form-control wpcf7-acceptance\">\n                    <span class=\"wpcf7-list-item\">\n                        <label><input type=\"checkbox\" name=\"grpd\" value=\"1\" required aria-invalid=\"false\">\n                        <span class=\"wpcf7-list-item-label\">\n                \n                            Je d\u00e9clare que je suis inform\u00e9(e) du contenu des informations de <a href=\"https:\/\/cultura.gencat.cat\/web\/.content\/02-DEPARTAMENT\/08-proteccio-dades\/documents\/2025\/Activitats-de-promocio-difusio-i-informacio.pdf\" target=\"_blank\">protection des donn\u00e9es<\/a>.\n                        <\/span>\n                        <\/label>\n                    <\/span>\n                <\/span>\n            <\/span>\n            <\/span>\n\n        <input type=\"hidden\" name=\"url\" value=\"https:\/\/agoracivica.cat\/fr\/sinscrire\/\">\n        <button class=\"wpcf7-form-control wpcf7-submit has-spinner et_pb_button et_pb_bg_layout_light\" type=\"submit\">Inscrire<\/button>\n\n        <div id=\"aforament-response\"><\/div>\n\n        <div class=\"grpd_formulari\"><p><strong>Informations de base sur la protection des donn\u00e9es<\/strong><\/p>\n<ul>\n<li>Identification du traitement : \u00ab ACTIVIT\u00c9S DE PROMOTION, DE DIFFUSION OU D\u2019INFORMATION \u00bb<\/li>\n<li>Responsable du traitement : D\u00e9partement de la Culture via le Secr\u00e9tariat G\u00e9n\u00e9ral.<\/li>\n<li>Finalit\u00e9 du traitement : G\u00e9rer et diffuser les actions d\u2019information et de diffusion externe du D\u00e9partement par les diff\u00e9rents moyens, t\u00e9l\u00e9matiques ou en pr\u00e9sentiel, disponibles.<\/li>\n<li>L\u00e9galisation : Consentement de la personne concern\u00e9e.<\/li>\n<li>Destinataires : Les donn\u00e9es pourront \u00eatre communiqu\u00e9es \u00e0 d\u2019autres administrations publiques comp\u00e9tentes en la mati\u00e8re.<\/li>\n<li>Droits des personnes concern\u00e9es : Vous avez le droit d\u2019acc\u00e9der, de rectifier et de supprimer vos donn\u00e9es, ainsi que d\u2019exercer d\u2019autres droits, comme expliqu\u00e9 dans les informations suppl\u00e9mentaires.<\/li>\n<li>Informations suppl\u00e9mentaires : Pour plus de d\u00e9tails sur le traitement des donn\u00e9es, veuillez consulter le site web du D\u00e9partement de la Culture. <a href=\"https:\/\/cultura.gencat.cat\/ca\/departament\/proteccio-dades\/index.html#googtrans(ca|fr)\">Protection des donn\u00e9es. D\u00e9partement de la Culture<\/a><\/li>\n<\/ul>\n<\/div>\n    <\/form>\n    [\/et_pb_code][\/et_pb_column][\/et_pb_row][\/et_pb_section]<\/p>\n","protected":false},"excerpt":{"rendered":"<p>S&#8217;INSCRIRESouhaitez-vous assister \u00e0 l&#8217;Agora C\u00edvica&nbsp;? Remplissez le formulaire et choisissez le cr\u00e9neau horaire qui vous int\u00e9resse. L&#8217;inscription donne acc\u00e8s \u00e0 toutes les activit\u00e9s pr\u00e9vues dans le cr\u00e9neau horaire choisi, dans la limite des places disponibles, \u00e0 l&#8217;exception des activit\u00e9s sur inscription sp\u00e9cifique indiqu\u00e9es sur le site web.     <form id=\"aforament-form\" method=\"post\" class=\"wpcf7-form-control-wrap\">\n\n            <div class=\"flex\">\n                <input type=\"text\" name=\"name\" required placeholder=\"Nom\" \/>\n        \n                <input type=\"email\" name=\"email\" required placeholder=\"Courriel\" >\n            <\/div>\n\n            <div class=\"flex\">\n                <input type=\"text\" name=\"entitat\" required placeholder=\"Pays d\u2019origine\" \/>\n                <input type=\"text\" name=\"pais\" required placeholder=\"Pays d\u2019origine\" >\n            <\/div>\n\n            <div class=\"flex date_time_holder\">\n                <select name=\"date_inscription[]\" id=\"fecha-select\" required>\n                    <option value=\"\">S\u00e9lectionner une date<\/option>\n                                            <option value=\"26\/09\/2025\">26\/09\/2025<\/option>\n                                            <option value=\"27\/09\/2025\">27\/09\/2025<\/option>\n                                            <option value=\"29\/09\/2025\">29\/09\/2025<\/option>\n                                            <option value=\"30\/09\/2025\">30\/09\/2025<\/option>\n                                            <option value=\"01\/10\/2025\">01\/10\/2025<\/option>\n                                    <\/select>\n        \n                <div class=\"flex\">\n                <select name=\"time_inscription[]\" id=\"franja-select\" required>\n                    <option value=\"\">Cr\u00e9neau horaire <\/option>\n                    <option value=\"0\">Matin<\/option>\n                    <option value=\"1\">Tarda<\/option>\n                <\/select>\n                        <div class=\"minus\">-<\/div>\n                        <div class=\"plus\">+<\/div>\n                        \n                <\/div>\n\n            <\/div>\n        \n            <span class=\"wpcf7-form-control-wrap block width\" data-name=\"grpd\">\n                <span class=\"wpcf7-form-control wpcf7-acceptance\">\n                    <span class=\"wpcf7-list-item\">\n                        <label><input type=\"checkbox\" name=\"grpd\" value=\"1\" required aria-invalid=\"false\">\n                        <span class=\"wpcf7-list-item-label\">\n                \n                            Je d\u00e9clare que je suis inform\u00e9(e) du contenu des informations de <a href=\"https:\/\/cultura.gencat.cat\/web\/.content\/02-DEPARTAMENT\/08-proteccio-dades\/documents\/2025\/Activitats-de-promocio-difusio-i-informacio.pdf\" target=\"_blank\">protection des donn\u00e9es<\/a>.\n                        <\/span>\n                        <\/label>\n                    <\/span>\n                <\/span>\n            <\/span>\n            <\/span>\n\n        <input type=\"hidden\" name=\"url\" value=\"https:\/\/agoracivica.cat\/fr\/sinscrire\/\">\n        <button class=\"wpcf7-form-control wpcf7-submit has-spinner et_pb_button et_pb_bg_layout_light\" type=\"submit\">Inscrire<\/button>\n\n        <div id=\"aforament-response\"><\/div>\n\n        <div class=\"grpd_formulari\"><p><strong>Informations de base sur la protection des donn\u00e9es<\/strong><\/p>\n<ul>\n<li>Identification du traitement : \u00ab ACTIVIT\u00c9S DE PROMOTION, DE DIFFUSION OU D\u2019INFORMATION \u00bb<\/li>\n<li>Responsable du traitement : D\u00e9partement de la Culture via le Secr\u00e9tariat G\u00e9n\u00e9ral.<\/li>\n<li>Finalit\u00e9 du traitement : G\u00e9rer et diffuser les actions d\u2019information et de diffusion externe du D\u00e9partement par les diff\u00e9rents moyens, t\u00e9l\u00e9matiques ou en pr\u00e9sentiel, disponibles.<\/li>\n<li>L\u00e9galisation : Consentement de la personne concern\u00e9e.<\/li>\n<li>Destinataires : Les donn\u00e9es pourront \u00eatre communiqu\u00e9es \u00e0 d\u2019autres administrations publiques comp\u00e9tentes en la mati\u00e8re.<\/li>\n<li>Droits des personnes concern\u00e9es : Vous avez le droit d\u2019acc\u00e9der, de rectifier et de supprimer vos donn\u00e9es, ainsi que d\u2019exercer d\u2019autres droits, comme expliqu\u00e9 dans les informations suppl\u00e9mentaires.<\/li>\n<li>Informations suppl\u00e9mentaires : Pour plus de d\u00e9tails sur le traitement des donn\u00e9es, veuillez consulter le site web du D\u00e9partement de la Culture. <a href=\"https:\/\/cultura.gencat.cat\/ca\/departament\/proteccio-dades\/index.html#googtrans(ca|fr)\">Protection des donn\u00e9es. D\u00e9partement de la Culture<\/a><\/li>\n<\/ul>\n<\/div>\n    <\/form>\n    <\/p>\n","protected":false},"author":3,"featured_media":0,"parent":0,"menu_order":0,"comment_status":"closed","ping_status":"closed","template":"","meta":{"_acf_changed":false,"_et_pb_use_builder":"on","_et_pb_old_content":"","_et_gb_content_width":"","footnotes":""},"class_list":["post-3275","page","type-page","status-publish","hentry"],"acf":[],"yoast_head":"<!-- This site is optimized with the Yoast SEO plugin v26.0 - https:\/\/yoast.com\/wordpress\/plugins\/seo\/ -->\n<title>S&#039;inscrire - \u00c0gora C\u00edvica<\/title>\n<meta name=\"robots\" content=\"index, follow, max-snippet:-1, max-image-preview:large, max-video-preview:-1\" \/>\n<link rel=\"canonical\" href=\"https:\/\/agoracivica.cat\/fr\/sinscrire\/\" \/>\n<meta property=\"og:locale\" content=\"fr_FR\" \/>\n<meta property=\"og:type\" content=\"article\" \/>\n<meta property=\"og:title\" content=\"S&#039;inscrire - \u00c0gora C\u00edvica\" \/>\n<meta property=\"og:description\" content=\"S&#039;INSCRIRESouhaitez-vous assister \u00e0 l&#039;Agora C\u00edvica&nbsp;? Remplissez le formulaire et choisissez le cr\u00e9neau horaire qui vous int\u00e9resse. L&#039;inscription donne acc\u00e8s \u00e0 toutes les activit\u00e9s pr\u00e9vues dans le cr\u00e9neau horaire choisi, dans la limite des places disponibles, \u00e0 l&#039;exception des activit\u00e9s sur inscription sp\u00e9cifique indiqu\u00e9es sur le site web.\" \/>\n<meta property=\"og:url\" content=\"https:\/\/agoracivica.cat\/fr\/sinscrire\/\" \/>\n<meta property=\"og:site_name\" content=\"\u00c0gora C\u00edvica\" \/>\n<meta property=\"article:modified_time\" content=\"2025-08-08T08:31:30+00:00\" \/>\n<meta name=\"twitter:card\" content=\"summary_large_image\" \/>\n<meta name=\"twitter:label1\" content=\"Dur\u00e9e de lecture estim\u00e9e\" \/>\n\t<meta name=\"twitter:data1\" content=\"2 minutes\" \/>\n<script type=\"application\/ld+json\" class=\"yoast-schema-graph\">{\"@context\":\"https:\/\/schema.org\",\"@graph\":[{\"@type\":\"WebPage\",\"@id\":\"https:\/\/agoracivica.cat\/fr\/sinscrire\/\",\"url\":\"https:\/\/agoracivica.cat\/fr\/sinscrire\/\",\"name\":\"S'inscrire - \u00c0gora C\u00edvica\",\"isPartOf\":{\"@id\":\"https:\/\/agoracivica.cat\/#website\"},\"datePublished\":\"2025-07-30T08:40:14+00:00\",\"dateModified\":\"2025-08-08T08:31:30+00:00\",\"breadcrumb\":{\"@id\":\"https:\/\/agoracivica.cat\/fr\/sinscrire\/#breadcrumb\"},\"inLanguage\":\"fr-FR\",\"potentialAction\":[{\"@type\":\"ReadAction\",\"target\":[\"https:\/\/agoracivica.cat\/fr\/sinscrire\/\"]}]},{\"@type\":\"BreadcrumbList\",\"@id\":\"https:\/\/agoracivica.cat\/fr\/sinscrire\/#breadcrumb\",\"itemListElement\":[{\"@type\":\"ListItem\",\"position\":1,\"name\":\"Inici\",\"item\":\"https:\/\/agoracivica.cat\/\"},{\"@type\":\"ListItem\",\"position\":2,\"name\":\"S&#8217;inscrire\"}]},{\"@type\":\"WebSite\",\"@id\":\"https:\/\/agoracivica.cat\/#website\",\"url\":\"https:\/\/agoracivica.cat\/\",\"name\":\"\u00c0gora C\u00edvica\",\"description\":\"Programa d&#039;activitats\",\"publisher\":{\"@id\":\"https:\/\/agoracivica.cat\/#organization\"},\"potentialAction\":[{\"@type\":\"SearchAction\",\"target\":{\"@type\":\"EntryPoint\",\"urlTemplate\":\"https:\/\/agoracivica.cat\/?s={search_term_string}\"},\"query-input\":{\"@type\":\"PropertyValueSpecification\",\"valueRequired\":true,\"valueName\":\"search_term_string\"}}],\"inLanguage\":\"fr-FR\"},{\"@type\":\"Organization\",\"@id\":\"https:\/\/agoracivica.cat\/#organization\",\"name\":\"\u00c0gora C\u00edvica\",\"url\":\"https:\/\/agoracivica.cat\/\",\"logo\":{\"@type\":\"ImageObject\",\"inLanguage\":\"fr-FR\",\"@id\":\"https:\/\/agoracivica.cat\/#\/schema\/logo\/image\/\",\"url\":\"https:\/\/agoracivica.cat\/wp-content\/uploads\/2025\/05\/Grupo-51.svg\",\"contentUrl\":\"https:\/\/agoracivica.cat\/wp-content\/uploads\/2025\/05\/Grupo-51.svg\",\"width\":1,\"height\":1,\"caption\":\"\u00c0gora C\u00edvica\"},\"image\":{\"@id\":\"https:\/\/agoracivica.cat\/#\/schema\/logo\/image\/\"}}]}<\/script>\n<!-- \/ Yoast SEO plugin. -->","yoast_head_json":{"title":"S'inscrire - \u00c0gora C\u00edvica","robots":{"index":"index","follow":"follow","max-snippet":"max-snippet:-1","max-image-preview":"max-image-preview:large","max-video-preview":"max-video-preview:-1"},"canonical":"https:\/\/agoracivica.cat\/fr\/sinscrire\/","og_locale":"fr_FR","og_type":"article","og_title":"S'inscrire - \u00c0gora C\u00edvica","og_description":"S'INSCRIRESouhaitez-vous assister \u00e0 l'Agora C\u00edvica&nbsp;? Remplissez le formulaire et choisissez le cr\u00e9neau horaire qui vous int\u00e9resse. L'inscription donne acc\u00e8s \u00e0 toutes les activit\u00e9s pr\u00e9vues dans le cr\u00e9neau horaire choisi, dans la limite des places disponibles, \u00e0 l'exception des activit\u00e9s sur inscription sp\u00e9cifique indiqu\u00e9es sur le site web.","og_url":"https:\/\/agoracivica.cat\/fr\/sinscrire\/","og_site_name":"\u00c0gora C\u00edvica","article_modified_time":"2025-08-08T08:31:30+00:00","twitter_card":"summary_large_image","twitter_misc":{"Dur\u00e9e de lecture estim\u00e9e":"2 minutes"},"schema":{"@context":"https:\/\/schema.org","@graph":[{"@type":"WebPage","@id":"https:\/\/agoracivica.cat\/fr\/sinscrire\/","url":"https:\/\/agoracivica.cat\/fr\/sinscrire\/","name":"S'inscrire - \u00c0gora C\u00edvica","isPartOf":{"@id":"https:\/\/agoracivica.cat\/#website"},"datePublished":"2025-07-30T08:40:14+00:00","dateModified":"2025-08-08T08:31:30+00:00","breadcrumb":{"@id":"https:\/\/agoracivica.cat\/fr\/sinscrire\/#breadcrumb"},"inLanguage":"fr-FR","potentialAction":[{"@type":"ReadAction","target":["https:\/\/agoracivica.cat\/fr\/sinscrire\/"]}]},{"@type":"BreadcrumbList","@id":"https:\/\/agoracivica.cat\/fr\/sinscrire\/#breadcrumb","itemListElement":[{"@type":"ListItem","position":1,"name":"Inici","item":"https:\/\/agoracivica.cat\/"},{"@type":"ListItem","position":2,"name":"S&#8217;inscrire"}]},{"@type":"WebSite","@id":"https:\/\/agoracivica.cat\/#website","url":"https:\/\/agoracivica.cat\/","name":"\u00c0gora C\u00edvica","description":"Programa d&#039;activitats","publisher":{"@id":"https:\/\/agoracivica.cat\/#organization"},"potentialAction":[{"@type":"SearchAction","target":{"@type":"EntryPoint","urlTemplate":"https:\/\/agoracivica.cat\/?s={search_term_string}"},"query-input":{"@type":"PropertyValueSpecification","valueRequired":true,"valueName":"search_term_string"}}],"inLanguage":"fr-FR"},{"@type":"Organization","@id":"https:\/\/agoracivica.cat\/#organization","name":"\u00c0gora C\u00edvica","url":"https:\/\/agoracivica.cat\/","logo":{"@type":"ImageObject","inLanguage":"fr-FR","@id":"https:\/\/agoracivica.cat\/#\/schema\/logo\/image\/","url":"https:\/\/agoracivica.cat\/wp-content\/uploads\/2025\/05\/Grupo-51.svg","contentUrl":"https:\/\/agoracivica.cat\/wp-content\/uploads\/2025\/05\/Grupo-51.svg","width":1,"height":1,"caption":"\u00c0gora C\u00edvica"},"image":{"@id":"https:\/\/agoracivica.cat\/#\/schema\/logo\/image\/"}}]}},"_links":{"self":[{"href":"https:\/\/agoracivica.cat\/fr\/wp-json\/wp\/v2\/pages\/3275","targetHints":{"allow":["GET"]}}],"collection":[{"href":"https:\/\/agoracivica.cat\/fr\/wp-json\/wp\/v2\/pages"}],"about":[{"href":"https:\/\/agoracivica.cat\/fr\/wp-json\/wp\/v2\/types\/page"}],"author":[{"embeddable":true,"href":"https:\/\/agoracivica.cat\/fr\/wp-json\/wp\/v2\/users\/3"}],"replies":[{"embeddable":true,"href":"https:\/\/agoracivica.cat\/fr\/wp-json\/wp\/v2\/comments?post=3275"}],"version-history":[{"count":2,"href":"https:\/\/agoracivica.cat\/fr\/wp-json\/wp\/v2\/pages\/3275\/revisions"}],"predecessor-version":[{"id":3277,"href":"https:\/\/agoracivica.cat\/fr\/wp-json\/wp\/v2\/pages\/3275\/revisions\/3277"}],"wp:attachment":[{"href":"https:\/\/agoracivica.cat\/fr\/wp-json\/wp\/v2\/media?parent=3275"}],"curies":[{"name":"wp","href":"https:\/\/api.w.org\/{rel}","templated":true}]}}