{"id":972,"date":"2025-06-12T08:41:49","date_gmt":"2025-06-12T08:41:49","guid":{"rendered":"https:\/\/agoracivica.cat\/avis-legal\/"},"modified":"2025-06-12T10:26:32","modified_gmt":"2025-06-12T10:26:32","slug":"avis-legal","status":"publish","type":"page","link":"https:\/\/agoracivica.cat\/fr\/avis-legal\/","title":{"rendered":"Avis l\u00e9gal"},"content":{"rendered":"<p>[et_pb_section fb_built=&#8221;1&#8243; custom_padding_last_edited=&#8221;on|phone&#8221; _builder_version=&#8221;4.27.4&#8243; _module_preset=&#8221;default&#8221; background_color=&#8221;#abdbfc&#8221; background_enable_image=&#8221;off&#8221; background_size=&#8221;custom&#8221; background_image_width=&#8221;54%&#8221; background_position=&#8221;top_right&#8221; background_horizontal_offset=&#8221;-28%&#8221; background_vertical_offset=&#8221;-100%&#8221; custom_padding=&#8221;0px|35px||35px|false|true&#8221; custom_padding_tablet=&#8221;|35px||35px|false|true&#8221; custom_padding_phone=&#8221;|20px||20px|false|true&#8221; global_colors_info=&#8221;{}&#8221;][et_pb_row column_structure=&#8221;1_2,1_2&#8243; custom_padding_last_edited=&#8221;on|phone&#8221; _builder_version=&#8221;4.27.4&#8243; _module_preset=&#8221;default&#8221; module_alignment=&#8221;center&#8221; custom_margin=&#8221;0px||0px||false|false&#8221; custom_padding=&#8221;0px|35px||0px|false|false&#8221; custom_padding_tablet=&#8221;0px|48px||48px|false|false&#8221; custom_padding_phone=&#8221;0px|10px||10px|false|true&#8221; global_colors_info=&#8221;{}&#8221;][et_pb_column type=&#8221;1_2&#8243; _builder_version=&#8221;4.27.4&#8243; _module_preset=&#8221;default&#8221; custom_padding=&#8221;0px||||false|false&#8221; global_colors_info=&#8221;{}&#8221;][\/et_pb_column][et_pb_column type=&#8221;1_2&#8243; _builder_version=&#8221;4.27.4&#8243; _module_preset=&#8221;default&#8221; global_colors_info=&#8221;{}&#8221;][\/et_pb_column][\/et_pb_row][et_pb_row use_custom_gutter=&#8221;on&#8221; gutter_width=&#8221;2&#8243; make_equal=&#8221;on&#8221; custom_padding_last_edited=&#8221;on|phone&#8221; module_class=&#8221;align-bottom&#8221; _builder_version=&#8221;4.27.4&#8243; _module_preset=&#8221;default&#8221; custom_padding=&#8221;6em||||false|false&#8221; custom_padding_tablet=&#8221;6em||||false|false&#8221; custom_padding_phone=&#8221;0em||0px||false|false&#8221; global_colors_info=&#8221;{}&#8221;][et_pb_column type=&#8221;4_4&#8243; _builder_version=&#8221;4.27.4&#8243; _module_preset=&#8221;default&#8221; global_colors_info=&#8221;{}&#8221;][et_pb_text module_class=&#8221;eix_tematics_title&#8221; _builder_version=&#8221;4.27.4&#8243; _module_preset=&#8221;default&#8221; header_text_align=&#8221;right&#8221; header_font_size=&#8221;220px&#8221; header_line_height=&#8221;180px&#8221; header_2_text_align=&#8221;left&#8221; header_2_font_size=&#8221;115px&#8221; header_2_line_height=&#8221;91.7px&#8221; header_2_font_size_tablet=&#8221;130px&#8221; header_2_font_size_phone=&#8221;74px&#8221; header_2_font_size_last_edited=&#8221;on|phone&#8221; header_2_line_height_tablet=&#8221;105px&#8221; header_2_line_height_phone=&#8221;59.2px&#8221; header_2_line_height_last_edited=&#8221;on|phone&#8221; global_colors_info=&#8221;{}&#8221;]<\/p>\n<h2 class=\"np nm\">AVIS<\/h2>\n<h2 class=\"np nm\"><em>L\u00c9GAL<\/em><\/h2>\n<p>[\/et_pb_text][\/et_pb_column][\/et_pb_row][et_pb_row use_custom_gutter=&#8221;on&#8221; gutter_width=&#8221;2&#8243; make_equal=&#8221;on&#8221; module_class=&#8221;align-bottom&#8221; _builder_version=&#8221;4.27.4&#8243; _module_preset=&#8221;default&#8221; global_colors_info=&#8221;{}&#8221;][et_pb_column type=&#8221;4_4&#8243; _builder_version=&#8221;4.27.4&#8243; _module_preset=&#8221;default&#8221; global_colors_info=&#8221;{}&#8221;][et_pb_text module_class=&#8221;col_2&#8243; _builder_version=&#8221;4.27.4&#8243; _module_preset=&#8221;default&#8221; animation_style=&#8221;fade&#8221; text_font_size_tablet=&#8221;&#8221; text_font_size_phone=&#8221;18px&#8221; text_font_size_last_edited=&#8221;on|phone&#8221; text_line_height_tablet=&#8221;&#8221; text_line_height_phone=&#8221;22px&#8221; text_line_height_last_edited=&#8221;on|desktop&#8221; custom_css_main_element=&#8221;||  &#8221; global_colors_info=&#8221;{}&#8221;]<\/p>\n<p><span>Ce site est le fruit d\u2019une initiative conjointe du Gouvernement de Catalogne, de la mairie de Barcelone, du Conseil de la province de Barcelone et du minist\u00e8re de la Culture. Le Gouvernement de Catalogne en est le propri\u00e9taire et le responsable. Il est permis de r\u00e9utiliser le contenu de ce site Internet et les donn\u00e9es dans le monde entier sans aucune limitation de temps ni restriction, selon les termes \u00e9tablis par la Licence ouverte d\u2019utilisation de l\u2019information \u2013 Catalogne ou par l\u2019instrument l\u00e9gal \u00e9quivalent CC0 de Creative Commons, conform\u00e9ment aux conditions et au r\u00e9gime \u00e9tablis \u00e0 l\u2019article 17.1 de la loi 19\/2014 du 29 d\u00e9cembre sur la transparence, l\u2019acc\u00e8s \u00e0 l\u2019information publique et la bonne gouvernance et au-del\u00e0 des conditions de base \u00e9tablies \u00e0 l\u2019article 8 de la loi 37\/2007 sur la r\u00e9utilisation de l\u2019information du secteur public (citation de la source, non-alt\u00e9ration ni d\u00e9naturation de l\u2019information et sp\u00e9cification de la date de derni\u00e8re mise \u00e0 jour), \u00e0 condition qu\u2019elle ne contredise pas la licence ou l\u2019avis pouvant \u00eatre attach\u00e9 \u00e0 une \u0153uvre et qui pr\u00e9vaut.  <\/span><\/p>\n<p><span>Ce site Internet a un design r\u00e9actif et est utilisable et accessible pour garantir l\u2019acc\u00e8s \u00e0 toutes les personnes qui le consultent, ind\u00e9pendamment de leurs capacit\u00e9s physiques, sensorielles ou intellectuelles, ainsi que du dispositif qu\u2019elles utilisent pour se connecter.<\/span><\/p>\n<p>[\/et_pb_text][\/et_pb_column][\/et_pb_row][et_pb_row use_custom_gutter=&#8221;on&#8221; gutter_width=&#8221;2&#8243; make_equal=&#8221;on&#8221; _builder_version=&#8221;4.27.4&#8243; _module_preset=&#8221;default&#8221; global_colors_info=&#8221;{}&#8221;][et_pb_column type=&#8221;4_4&#8243; _builder_version=&#8221;4.27.4&#8243; _module_preset=&#8221;default&#8221; global_colors_info=&#8221;{}&#8221;][et_pb_toggle title=&#8221;Plus d\u2019informations&#8221; open_toggle_text_color=&#8221;#102271&#8243; icon_color=&#8221;#102271&#8243; toggle_icon=&#8221;&#x4c;||divi||400&#8243; use_icon_font_size=&#8221;on&#8221; icon_font_size=&#8221;42px&#8221; open_icon_color=&#8221;#102271&#8243; open_toggle_icon=&#8221;&#x4d;||divi||400&#8243; open_use_icon_font_size=&#8221;on&#8221; open_icon_font_size=&#8221;42px&#8221; module_class=&#8221; eixos_tematics&#8221; _builder_version=&#8221;4.27.4&#8243; _module_preset=&#8221;default&#8221; title_text_color=&#8221;#102271&#8243; title_level=&#8221;h3&#8243; title_font_size=&#8221;60px&#8221; body_font_size=&#8221;26px&#8221; body_line_height=&#8221;36px&#8221; body_link_text_color=&#8221;#102271&#8243; background_color=&#8221;rgba(16,34,113,0.1)&#8221; custom_margin=&#8221;||||false|false&#8221; custom_padding=&#8221;24px|24px|24px|24px|false|true&#8221; hover_transition_duration=&#8221;50ms&#8221; title_font_size_tablet=&#8221;60px&#8221; title_font_size_phone=&#8221;30px&#8221; title_font_size_last_edited=&#8221;on|phone&#8221; body_font_size_tablet=&#8221;26px&#8221; body_font_size_phone=&#8221;16px&#8221; body_font_size_last_edited=&#8221;on|phone&#8221; body_line_height_tablet=&#8221;36px&#8221; body_line_height_phone=&#8221;22px&#8221; body_line_height_last_edited=&#8221;on|phone&#8221; custom_css_main_element=&#8221;||&#8221; border_radii=&#8221;on|10px|10px|10px|10px&#8221; border_width_all=&#8221;0px&#8221; global_colors_info=&#8221;{}&#8221;]<\/p>\n<p><span>CC0 de Creative Commons (<a href=\"https:\/\/creativecommons.org\/publicdomain\/zero\/1.0\/deed.ca\"><span style=\"text-decoration: underline;\">https:\/\/creativecommons.org\/publicdomain\/zero\/1.0\/deed.ca<\/span><\/a>)<\/span><\/p>\n<p><span>Loi 37\/2007 du 16 novembre (<a href=\"https:\/\/www.boe.es\/buscar\/act.php?id=BOE-A-2007-19814\"><span style=\"text-decoration: underline;\">https:\/\/www.boe.es\/buscar\/act.php?id=BOE-A-2007-19814<\/span><\/a>)<\/span><\/p>\n<p><span>sur la r\u00e9utilisation des informations du secteur public.<\/span><\/p>\n<p><strong><span>Modalit\u00e9s de r\u00e9utilisation de l\u2019information <\/span><\/strong><\/p>\n<p><span>La r\u00e9utilisation des informations publiques est libre et n\u2019est pas soumise \u00e0 des restrictions, sauf dans les cas o\u00f9, par voie r\u00e9glementaire, elle est soumise \u00e0 l\u2019obtention d\u2019une licence sp\u00e9cifique, en raison de la protection d\u2019autres droits ou biens juridiques, ou \u00e0 la demande pr\u00e9alable de la personne concern\u00e9e. Par cons\u00e9quent, conform\u00e9ment \u00e0 la r\u00e9glementation en vigueur, la reproduction, la distribution et la communication publique de l\u2019\u0153uvre sont autoris\u00e9es, ainsi que la transformation de l\u2019\u0153uvre pour cr\u00e9er des \u0153uvres d\u00e9riv\u00e9es, dans le monde entier et sans aucune limitation temporelle, selon les termes \u00e9tablis par la Licence ouverte d\u2019utilisation de l\u2019information &#8211; Catalogne ou par l\u2019instrument l\u00e9gal \u00e9quivalent CC0 de Creative Commons, et qui ne contredit pas la licence ou l\u2019avis que peut avoir une \u0153uvre et qui pr\u00e9vaut. <\/span><\/p>\n<p><span>Pour r\u00e9utiliser l\u2019information, il faut respecter les conditions suivantes:<\/span><\/p>\n<ul>\n<li><span>Ne pas d\u00e9naturer le sens de l\u2019information.<\/span><\/li>\n<li><span>Citer toujours la source de l\u2019information.<\/span><\/li>\n<li><span>Mentionner la date de la derni\u00e8re mise \u00e0 jour de l\u2019information.<\/span><\/li>\n<\/ul>\n<p><span>Il faut toujours mentionner la source : site Internet de l\u2019\u00c0gora C\u00edvica.<\/span><\/p>\n<p>[\/et_pb_toggle][\/et_pb_column][\/et_pb_row][\/et_pb_section]<\/p>\n","protected":false},"excerpt":{"rendered":"<p>AVIS L\u00c9GALCe site est le fruit d\u2019une initiative conjointe du Gouvernement de Catalogne, de la mairie de Barcelone, du Conseil de la province de Barcelone et du minist\u00e8re de la Culture. Le Gouvernement de Catalogne en est le propri\u00e9taire et le responsable. Il est permis de r\u00e9utiliser le contenu de ce site Internet et les [&hellip;]<\/p>\n","protected":false},"author":3,"featured_media":0,"parent":0,"menu_order":0,"comment_status":"closed","ping_status":"closed","template":"","meta":{"_acf_changed":false,"_et_pb_use_builder":"on","_et_pb_old_content":"","_et_gb_content_width":"","footnotes":""},"class_list":["post-972","page","type-page","status-publish","hentry"],"acf":[],"yoast_head":"<!-- This site is optimized with the Yoast SEO plugin v26.0 - https:\/\/yoast.com\/wordpress\/plugins\/seo\/ -->\n<title>Avis l\u00e9gal - \u00c0gora C\u00edvica<\/title>\n<meta name=\"robots\" content=\"index, follow, max-snippet:-1, max-image-preview:large, max-video-preview:-1\" \/>\n<link rel=\"canonical\" href=\"https:\/\/agoracivica.cat\/avis-legal\/\" \/>\n<meta property=\"og:locale\" content=\"fr_FR\" \/>\n<meta property=\"og:type\" content=\"article\" \/>\n<meta property=\"og:title\" content=\"Avis l\u00e9gal - \u00c0gora C\u00edvica\" \/>\n<meta property=\"og:description\" content=\"AVIS L\u00c9GALCe site est le fruit d\u2019une initiative conjointe du Gouvernement de Catalogne, de la mairie de Barcelone, du Conseil de la province de Barcelone et du minist\u00e8re de la Culture. Le Gouvernement de Catalogne en est le propri\u00e9taire et le responsable. Il est permis de r\u00e9utiliser le contenu de ce site Internet et les [&hellip;]\" \/>\n<meta property=\"og:url\" content=\"https:\/\/agoracivica.cat\/avis-legal\/\" \/>\n<meta property=\"og:site_name\" content=\"\u00c0gora C\u00edvica\" \/>\n<meta property=\"article:modified_time\" content=\"2025-06-12T10:26:32+00:00\" \/>\n<meta name=\"twitter:card\" content=\"summary_large_image\" \/>\n<meta name=\"twitter:label1\" content=\"Dur\u00e9e de lecture estim\u00e9e\" \/>\n\t<meta name=\"twitter:data1\" content=\"5 minutes\" \/>\n<script type=\"application\/ld+json\" class=\"yoast-schema-graph\">{\"@context\":\"https:\/\/schema.org\",\"@graph\":[{\"@type\":\"WebPage\",\"@id\":\"https:\/\/agoracivica.cat\/avis-legal\/\",\"url\":\"https:\/\/agoracivica.cat\/avis-legal\/\",\"name\":\"Avis l\u00e9gal - \u00c0gora C\u00edvica\",\"isPartOf\":{\"@id\":\"https:\/\/agoracivica.cat\/#website\"},\"datePublished\":\"2025-06-12T08:41:49+00:00\",\"dateModified\":\"2025-06-12T10:26:32+00:00\",\"breadcrumb\":{\"@id\":\"https:\/\/agoracivica.cat\/avis-legal\/#breadcrumb\"},\"inLanguage\":\"fr-FR\",\"potentialAction\":[{\"@type\":\"ReadAction\",\"target\":[\"https:\/\/agoracivica.cat\/avis-legal\/\"]}]},{\"@type\":\"BreadcrumbList\",\"@id\":\"https:\/\/agoracivica.cat\/avis-legal\/#breadcrumb\",\"itemListElement\":[{\"@type\":\"ListItem\",\"position\":1,\"name\":\"Inici\",\"item\":\"https:\/\/agoracivica.cat\/\"},{\"@type\":\"ListItem\",\"position\":2,\"name\":\"Avis l\u00e9gal\"}]},{\"@type\":\"WebSite\",\"@id\":\"https:\/\/agoracivica.cat\/#website\",\"url\":\"https:\/\/agoracivica.cat\/\",\"name\":\"\u00c0gora C\u00edvica\",\"description\":\"Programa d&#039;activitats\",\"publisher\":{\"@id\":\"https:\/\/agoracivica.cat\/#organization\"},\"potentialAction\":[{\"@type\":\"SearchAction\",\"target\":{\"@type\":\"EntryPoint\",\"urlTemplate\":\"https:\/\/agoracivica.cat\/?s={search_term_string}\"},\"query-input\":{\"@type\":\"PropertyValueSpecification\",\"valueRequired\":true,\"valueName\":\"search_term_string\"}}],\"inLanguage\":\"fr-FR\"},{\"@type\":\"Organization\",\"@id\":\"https:\/\/agoracivica.cat\/#organization\",\"name\":\"\u00c0gora C\u00edvica\",\"url\":\"https:\/\/agoracivica.cat\/\",\"logo\":{\"@type\":\"ImageObject\",\"inLanguage\":\"fr-FR\",\"@id\":\"https:\/\/agoracivica.cat\/#\/schema\/logo\/image\/\",\"url\":\"https:\/\/agoracivica.cat\/wp-content\/uploads\/2025\/05\/Grupo-51.svg\",\"contentUrl\":\"https:\/\/agoracivica.cat\/wp-content\/uploads\/2025\/05\/Grupo-51.svg\",\"width\":1,\"height\":1,\"caption\":\"\u00c0gora C\u00edvica\"},\"image\":{\"@id\":\"https:\/\/agoracivica.cat\/#\/schema\/logo\/image\/\"}}]}<\/script>\n<!-- \/ Yoast SEO plugin. -->","yoast_head_json":{"title":"Avis l\u00e9gal - \u00c0gora C\u00edvica","robots":{"index":"index","follow":"follow","max-snippet":"max-snippet:-1","max-image-preview":"max-image-preview:large","max-video-preview":"max-video-preview:-1"},"canonical":"https:\/\/agoracivica.cat\/avis-legal\/","og_locale":"fr_FR","og_type":"article","og_title":"Avis l\u00e9gal - \u00c0gora C\u00edvica","og_description":"AVIS L\u00c9GALCe site est le fruit d\u2019une initiative conjointe du Gouvernement de Catalogne, de la mairie de Barcelone, du Conseil de la province de Barcelone et du minist\u00e8re de la Culture. Le Gouvernement de Catalogne en est le propri\u00e9taire et le responsable. Il est permis de r\u00e9utiliser le contenu de ce site Internet et les [&hellip;]","og_url":"https:\/\/agoracivica.cat\/avis-legal\/","og_site_name":"\u00c0gora C\u00edvica","article_modified_time":"2025-06-12T10:26:32+00:00","twitter_card":"summary_large_image","twitter_misc":{"Dur\u00e9e de lecture estim\u00e9e":"5 minutes"},"schema":{"@context":"https:\/\/schema.org","@graph":[{"@type":"WebPage","@id":"https:\/\/agoracivica.cat\/avis-legal\/","url":"https:\/\/agoracivica.cat\/avis-legal\/","name":"Avis l\u00e9gal - \u00c0gora C\u00edvica","isPartOf":{"@id":"https:\/\/agoracivica.cat\/#website"},"datePublished":"2025-06-12T08:41:49+00:00","dateModified":"2025-06-12T10:26:32+00:00","breadcrumb":{"@id":"https:\/\/agoracivica.cat\/avis-legal\/#breadcrumb"},"inLanguage":"fr-FR","potentialAction":[{"@type":"ReadAction","target":["https:\/\/agoracivica.cat\/avis-legal\/"]}]},{"@type":"BreadcrumbList","@id":"https:\/\/agoracivica.cat\/avis-legal\/#breadcrumb","itemListElement":[{"@type":"ListItem","position":1,"name":"Inici","item":"https:\/\/agoracivica.cat\/"},{"@type":"ListItem","position":2,"name":"Avis l\u00e9gal"}]},{"@type":"WebSite","@id":"https:\/\/agoracivica.cat\/#website","url":"https:\/\/agoracivica.cat\/","name":"\u00c0gora C\u00edvica","description":"Programa d&#039;activitats","publisher":{"@id":"https:\/\/agoracivica.cat\/#organization"},"potentialAction":[{"@type":"SearchAction","target":{"@type":"EntryPoint","urlTemplate":"https:\/\/agoracivica.cat\/?s={search_term_string}"},"query-input":{"@type":"PropertyValueSpecification","valueRequired":true,"valueName":"search_term_string"}}],"inLanguage":"fr-FR"},{"@type":"Organization","@id":"https:\/\/agoracivica.cat\/#organization","name":"\u00c0gora C\u00edvica","url":"https:\/\/agoracivica.cat\/","logo":{"@type":"ImageObject","inLanguage":"fr-FR","@id":"https:\/\/agoracivica.cat\/#\/schema\/logo\/image\/","url":"https:\/\/agoracivica.cat\/wp-content\/uploads\/2025\/05\/Grupo-51.svg","contentUrl":"https:\/\/agoracivica.cat\/wp-content\/uploads\/2025\/05\/Grupo-51.svg","width":1,"height":1,"caption":"\u00c0gora C\u00edvica"},"image":{"@id":"https:\/\/agoracivica.cat\/#\/schema\/logo\/image\/"}}]}},"_links":{"self":[{"href":"https:\/\/agoracivica.cat\/fr\/wp-json\/wp\/v2\/pages\/972","targetHints":{"allow":["GET"]}}],"collection":[{"href":"https:\/\/agoracivica.cat\/fr\/wp-json\/wp\/v2\/pages"}],"about":[{"href":"https:\/\/agoracivica.cat\/fr\/wp-json\/wp\/v2\/types\/page"}],"author":[{"embeddable":true,"href":"https:\/\/agoracivica.cat\/fr\/wp-json\/wp\/v2\/users\/3"}],"replies":[{"embeddable":true,"href":"https:\/\/agoracivica.cat\/fr\/wp-json\/wp\/v2\/comments?post=972"}],"version-history":[{"count":0,"href":"https:\/\/agoracivica.cat\/fr\/wp-json\/wp\/v2\/pages\/972\/revisions"}],"wp:attachment":[{"href":"https:\/\/agoracivica.cat\/fr\/wp-json\/wp\/v2\/media?parent=972"}],"curies":[{"name":"wp","href":"https:\/\/api.w.org\/{rel}","templated":true}]}}