{"id":977,"date":"2025-06-12T09:06:20","date_gmt":"2025-06-12T09:06:20","guid":{"rendered":"https:\/\/agoracivica.cat\/politiques-de-confidentialite\/"},"modified":"2025-07-03T15:54:40","modified_gmt":"2025-07-03T15:54:40","slug":"politiques-de-confidentialite","status":"publish","type":"page","link":"https:\/\/agoracivica.cat\/fr\/politiques-de-confidentialite\/","title":{"rendered":"Politiques de confidentialit\u00e9"},"content":{"rendered":"<p>[et_pb_section fb_built=&#8221;1&#8243; custom_padding_last_edited=&#8221;on|phone&#8221; _builder_version=&#8221;4.27.4&#8243; _module_preset=&#8221;default&#8221; background_color=&#8221;#FDDCC2&#8243; background_enable_image=&#8221;off&#8221; background_size=&#8221;custom&#8221; background_image_width=&#8221;54%&#8221; background_position=&#8221;top_right&#8221; background_horizontal_offset=&#8221;-28%&#8221; background_vertical_offset=&#8221;-100%&#8221; custom_padding=&#8221;0px|35px||35px|false|true&#8221; custom_padding_tablet=&#8221;|35px||35px|false|true&#8221; custom_padding_phone=&#8221;|20px||20px|false|true&#8221; global_colors_info=&#8221;{}&#8221;][et_pb_row column_structure=&#8221;1_2,1_2&#8243; custom_padding_last_edited=&#8221;on|phone&#8221; _builder_version=&#8221;4.27.4&#8243; _module_preset=&#8221;default&#8221; module_alignment=&#8221;center&#8221; custom_margin=&#8221;0px||0px||false|false&#8221; custom_padding=&#8221;0px|35px||0px|false|false&#8221; custom_padding_tablet=&#8221;0px|48px||48px|false|false&#8221; custom_padding_phone=&#8221;0px|10px||0px|false|false&#8221; global_colors_info=&#8221;{}&#8221;][et_pb_column type=&#8221;1_2&#8243; _builder_version=&#8221;4.27.4&#8243; _module_preset=&#8221;default&#8221; custom_padding=&#8221;0px||||false|false&#8221; global_colors_info=&#8221;{}&#8221;][\/et_pb_column][et_pb_column type=&#8221;1_2&#8243; _builder_version=&#8221;4.27.4&#8243; _module_preset=&#8221;default&#8221; global_colors_info=&#8221;{}&#8221;][\/et_pb_column][\/et_pb_row][et_pb_row use_custom_gutter=&#8221;on&#8221; gutter_width=&#8221;2&#8243; make_equal=&#8221;on&#8221; custom_padding_last_edited=&#8221;on|phone&#8221; module_class=&#8221;align-bottom&#8221; _builder_version=&#8221;4.27.4&#8243; _module_preset=&#8221;default&#8221; custom_padding=&#8221;6em||||false|false&#8221; custom_padding_tablet=&#8221;6em||||false|false&#8221; custom_padding_phone=&#8221;0em||||false|false&#8221; global_colors_info=&#8221;{}&#8221;][et_pb_column type=&#8221;4_4&#8243; _builder_version=&#8221;4.27.4&#8243; _module_preset=&#8221;default&#8221; global_colors_info=&#8221;{}&#8221;][et_pb_text module_class=&#8221;eix_tematics_title&#8221; _builder_version=&#8221;4.27.4&#8243; _module_preset=&#8221;default&#8221; header_text_align=&#8221;right&#8221; header_font_size=&#8221;220px&#8221; header_line_height=&#8221;180px&#8221; header_2_text_align=&#8221;left&#8221; header_2_font_size=&#8221;115px&#8221; header_2_line_height=&#8221;91.7px&#8221; header_2_font_size_tablet=&#8221;130px&#8221; header_2_font_size_phone=&#8221;74px&#8221; header_2_font_size_last_edited=&#8221;on|phone&#8221; header_2_line_height_tablet=&#8221;105px&#8221; header_2_line_height_phone=&#8221;59.2px&#8221; header_2_line_height_last_edited=&#8221;on|phone&#8221; global_colors_info=&#8221;{}&#8221;]<\/p>\n<h2 class=\"np nm\">POLITIQUES DE<\/h2>\n<h2 class=\"np nm\"><em>CONFIDENTIALIT\u00c9<\/em><\/h2>\n<p>[\/et_pb_text][\/et_pb_column][\/et_pb_row][et_pb_row column_structure=&#8221;1_2,1_2&#8243; use_custom_gutter=&#8221;on&#8221; gutter_width=&#8221;2&#8243; make_equal=&#8221;on&#8221; custom_padding_last_edited=&#8221;on|phone&#8221; module_class=&#8221;align-bottom&#8221; _builder_version=&#8221;4.27.4&#8243; _module_preset=&#8221;default&#8221; custom_padding=&#8221;70px|||||&#8221; custom_padding_tablet=&#8221;70px|||||&#8221; custom_padding_phone=&#8221;0px||||false|false&#8221; global_colors_info=&#8221;{}&#8221;][et_pb_column type=&#8221;1_2&#8243; _builder_version=&#8221;4.27.4&#8243; _module_preset=&#8221;default&#8221; global_colors_info=&#8221;{}&#8221;][et_pb_text _builder_version=&#8221;4.27.4&#8243; _module_preset=&#8221;default&#8221; text_font_size=&#8221;30px&#8221; width=&#8221;72%&#8221; module_alignment=&#8221;left&#8221; custom_margin=&#8221;auto|||auto|false|false&#8221; animation_style=&#8221;fade&#8221; text_font_size_tablet=&#8221;30px&#8221; text_font_size_phone=&#8221;22px&#8221; text_font_size_last_edited=&#8221;on|phone&#8221; text_line_height_tablet=&#8221;&#8221; text_line_height_phone=&#8221;28px&#8221; text_line_height_last_edited=&#8221;on|phone&#8221; locked=&#8221;off&#8221; global_colors_info=&#8221;{}&#8221;]<\/p>\n<p>Politique de protection des donn\u00e9es \u00e0 caract\u00e8re personnel du site gencat<\/p>\n<p>[\/et_pb_text][et_pb_text _builder_version=&#8221;4.27.4&#8243; _module_preset=&#8221;default&#8221; link_text_color=&#8221;#102271&#8243; ul_line_height=&#8221;1.2em&#8221; animation_style=&#8221;fade&#8221; text_font_size_tablet=&#8221;&#8221; text_font_size_phone=&#8221;18px&#8221; text_font_size_last_edited=&#8221;on|phone&#8221; text_line_height_tablet=&#8221;&#8221; text_line_height_phone=&#8221;22px&#8221; text_line_height_last_edited=&#8221;on|desktop&#8221; custom_css_main_element=&#8221;a  { text-decoration:underline  !important; }&#8221; global_colors_info=&#8221;{}&#8221;]<\/p>\n<p>Le Gouvernement de Catalogne garantit le droit \u00e0 la protection des donn\u00e9es personnelles fournies par cette application dans les termes \u00e9tablis par la loi organique 3\/2018 du 5 d\u00e9cembre sur la protection des donn\u00e9es personnelles et garanties num\u00e9riques et par le r\u00e8glement (UE) 2016\/679, du Parlement europ\u00e9en et du Conseil relatif \u00e0 la protection des personnes physiques en ce qui concerne le traitement des donn\u00e9es personnelles et \u00e0 la libre circulation de ces donn\u00e9es, en mettant en \u0153uvre les mesures de s\u00e9curit\u00e9 n\u00e9cessaires et adapt\u00e9es au type de donn\u00e9es personnelles.<\/p>\n<p>Les donn\u00e9es requises seront strictement n\u00e9cessaires, appropri\u00e9es et pertinentes pour l\u2019objectif pour lequel elles sont collect\u00e9es et seront soumises \u00e0 un traitement automatis\u00e9.<\/p>\n<p>\u00c0 chaque page contenant des formulaires qui collectent des donn\u00e9es \u00e0 caract\u00e8re personnel, il sera express\u00e9ment inform\u00e9 de :<\/p>\n<ul>\n<li>L\u2019existence d\u2019un traitement de donn\u00e9es \u00e0 caract\u00e8re personnel.<\/li>\n<li>L\u2019identit\u00e9 et les coordonn\u00e9es du responsable du traitement.<\/li>\n<li>Les coordonn\u00e9es du d\u00e9l\u00e9gu\u00e9 \u00e0 la protection des donn\u00e9es.<\/li>\n<li>Les finalit\u00e9s du traitement auxquelles sont destin\u00e9es les donn\u00e9es personnelles et la base juridique du traitement.<\/li>\n<li>Les cat\u00e9gories de destinataires des donn\u00e9es personnelles.<\/li>\n<li>La dur\u00e9e de conservation des donn\u00e9es personnelles.<\/li>\n<li>L\u2019existence du droit de demander au responsable du traitement l\u2019acc\u00e8s aux donn\u00e9es personnelles relatives \u00e0 la personne concern\u00e9e, ainsi que leur rectification, suppression, opposition ou limitation de leur traitement.<\/li>\n<li>Le droit de pr\u00e9senter une r\u00e9clamation aupr\u00e8s de l\u2019autorit\u00e9 de contr\u00f4le, si la communication de donn\u00e9es personnelles est une exigence l\u00e9gale ou contractuelle.<\/li>\n<li>L\u2019existence de d\u00e9cisions automatis\u00e9es, y compris l\u2019\u00e9laboration de profils.<\/li>\n<\/ul>\n<p>Dans le cas o\u00f9 un formulaire recueillant des donn\u00e9es personnelles n\u2019explicite pas ces droits ou la mani\u00e8re de les exercer, vous pouvez le signaler au :<\/p>\n<p>Minist\u00e8re de la Culture par le biais du Secr\u00e9tariat g\u00e9n\u00e9ral<br \/>Adresse : La Rambla, 8 (08002 Barcelone)<br \/>Contact : <a href=\"mailto:protecciodades.cultura@gencat.cat\">protecciodades.cultura@gencat.cat<\/a><\/p>\n<p>[\/et_pb_text][\/et_pb_column][et_pb_column type=&#8221;1_2&#8243; _builder_version=&#8221;4.27.4&#8243; _module_preset=&#8221;default&#8221; global_colors_info=&#8221;{}&#8221;][et_pb_text _builder_version=&#8221;4.27.4&#8243; _module_preset=&#8221;default&#8221; link_text_color=&#8221;#102271&#8243; ul_line_height=&#8221;1.2em&#8221; animation_style=&#8221;fade&#8221; text_font_size_tablet=&#8221;&#8221; text_font_size_phone=&#8221;18px&#8221; text_font_size_last_edited=&#8221;on|phone&#8221; text_line_height_tablet=&#8221;&#8221; text_line_height_phone=&#8221;22px&#8221; text_line_height_last_edited=&#8221;on|desktop&#8221; custom_css_main_element=&#8221;||  a  { text-decoration:underline  !important; }&#8221; global_colors_info=&#8221;{}&#8221;]<\/p>\n<p><strong><span>Politiques de confidentialit\u00e9 et conditions d\u2019utilisation de contenus de tiers<\/span><\/strong><\/p>\n<p><span>Certaines pages du site https:\/\/agoracivica.cat peuvent inclure du contenu h\u00e9berg\u00e9 sur des plateformes externes qui ont leurs propres politiques de confidentialit\u00e9 et conditions d\u2019utilisation.<\/span><\/p>\n<p><span>Consultez le d\u00e9tail des outils que nous utilisons actuellement :<\/span><\/p>\n<p><strong><span>Youtube<\/span><\/strong><\/p>\n<p><span>Nous utilisons YouTube pour reproduire des vid\u00e9os et des diffusions en direct sur le site.<\/span><\/p>\n<ul>\n<li><span>Conditions d\u2019utilisation du service <a href=\"https:\/\/www.youtube.com\/static?template=terms\">https:\/\/www.youtube.com\/static?template=terms<\/a><\/span><\/li>\n<li>Politiques de confidentialit\u00e9 <a href=\"https:\/\/policies.google.com\/privacy\">https:\/\/policies.google.com\/privacy<\/a><\/li>\n<\/ul>\n<p>[\/et_pb_text][\/et_pb_column][\/et_pb_row][\/et_pb_section]<\/p>\n","protected":false},"excerpt":{"rendered":"<p>POLITIQUES DE CONFIDENTIALIT\u00c9Politique de protection des donn\u00e9es \u00e0 caract\u00e8re personnel du site gencatLe Gouvernement de Catalogne garantit le droit \u00e0 la protection des donn\u00e9es personnelles fournies par cette application dans les termes \u00e9tablis par la loi organique 3\/2018 du 5 d\u00e9cembre sur la protection des donn\u00e9es personnelles et garanties num\u00e9riques et par le r\u00e8glement (UE) [&hellip;]<\/p>\n","protected":false},"author":3,"featured_media":0,"parent":0,"menu_order":0,"comment_status":"closed","ping_status":"closed","template":"","meta":{"_acf_changed":false,"_et_pb_use_builder":"on","_et_pb_old_content":"","_et_gb_content_width":"","footnotes":""},"class_list":["post-977","page","type-page","status-publish","hentry"],"acf":[],"yoast_head":"<!-- This site is optimized with the Yoast SEO plugin v26.0 - https:\/\/yoast.com\/wordpress\/plugins\/seo\/ -->\n<title>Politiques de confidentialit\u00e9 - \u00c0gora C\u00edvica<\/title>\n<meta name=\"robots\" content=\"index, follow, max-snippet:-1, max-image-preview:large, max-video-preview:-1\" \/>\n<link rel=\"canonical\" href=\"https:\/\/agoracivica.cat\/politica-de-privacitat\/\" \/>\n<meta property=\"og:locale\" content=\"fr_FR\" \/>\n<meta property=\"og:type\" content=\"article\" \/>\n<meta property=\"og:title\" content=\"Politiques de confidentialit\u00e9 - \u00c0gora C\u00edvica\" \/>\n<meta property=\"og:description\" content=\"POLITIQUES DE CONFIDENTIALIT\u00c9Politique de protection des donn\u00e9es \u00e0 caract\u00e8re personnel du site gencatLe Gouvernement de Catalogne garantit le droit \u00e0 la protection des donn\u00e9es personnelles fournies par cette application dans les termes \u00e9tablis par la loi organique 3\/2018 du 5 d\u00e9cembre sur la protection des donn\u00e9es personnelles et garanties num\u00e9riques et par le r\u00e8glement (UE) [&hellip;]\" \/>\n<meta property=\"og:url\" content=\"https:\/\/agoracivica.cat\/politica-de-privacitat\/\" \/>\n<meta property=\"og:site_name\" content=\"\u00c0gora C\u00edvica\" \/>\n<meta property=\"article:modified_time\" content=\"2025-07-03T15:54:40+00:00\" \/>\n<meta name=\"twitter:card\" content=\"summary_large_image\" \/>\n<meta name=\"twitter:label1\" content=\"Dur\u00e9e de lecture estim\u00e9e\" \/>\n\t<meta name=\"twitter:data1\" content=\"5 minutes\" \/>\n<script type=\"application\/ld+json\" class=\"yoast-schema-graph\">{\"@context\":\"https:\/\/schema.org\",\"@graph\":[{\"@type\":\"WebPage\",\"@id\":\"https:\/\/agoracivica.cat\/politica-de-privacitat\/\",\"url\":\"https:\/\/agoracivica.cat\/politica-de-privacitat\/\",\"name\":\"Politiques de confidentialit\u00e9 - \u00c0gora C\u00edvica\",\"isPartOf\":{\"@id\":\"https:\/\/agoracivica.cat\/#website\"},\"datePublished\":\"2025-06-12T09:06:20+00:00\",\"dateModified\":\"2025-07-03T15:54:40+00:00\",\"breadcrumb\":{\"@id\":\"https:\/\/agoracivica.cat\/politica-de-privacitat\/#breadcrumb\"},\"inLanguage\":\"fr-FR\",\"potentialAction\":[{\"@type\":\"ReadAction\",\"target\":[\"https:\/\/agoracivica.cat\/politica-de-privacitat\/\"]}]},{\"@type\":\"BreadcrumbList\",\"@id\":\"https:\/\/agoracivica.cat\/politica-de-privacitat\/#breadcrumb\",\"itemListElement\":[{\"@type\":\"ListItem\",\"position\":1,\"name\":\"Inici\",\"item\":\"https:\/\/agoracivica.cat\/\"},{\"@type\":\"ListItem\",\"position\":2,\"name\":\"Politiques de confidentialit\u00e9\"}]},{\"@type\":\"WebSite\",\"@id\":\"https:\/\/agoracivica.cat\/#website\",\"url\":\"https:\/\/agoracivica.cat\/\",\"name\":\"\u00c0gora C\u00edvica\",\"description\":\"Programa d&#039;activitats\",\"publisher\":{\"@id\":\"https:\/\/agoracivica.cat\/#organization\"},\"potentialAction\":[{\"@type\":\"SearchAction\",\"target\":{\"@type\":\"EntryPoint\",\"urlTemplate\":\"https:\/\/agoracivica.cat\/?s={search_term_string}\"},\"query-input\":{\"@type\":\"PropertyValueSpecification\",\"valueRequired\":true,\"valueName\":\"search_term_string\"}}],\"inLanguage\":\"fr-FR\"},{\"@type\":\"Organization\",\"@id\":\"https:\/\/agoracivica.cat\/#organization\",\"name\":\"\u00c0gora C\u00edvica\",\"url\":\"https:\/\/agoracivica.cat\/\",\"logo\":{\"@type\":\"ImageObject\",\"inLanguage\":\"fr-FR\",\"@id\":\"https:\/\/agoracivica.cat\/#\/schema\/logo\/image\/\",\"url\":\"https:\/\/agoracivica.cat\/wp-content\/uploads\/2025\/05\/Grupo-51.svg\",\"contentUrl\":\"https:\/\/agoracivica.cat\/wp-content\/uploads\/2025\/05\/Grupo-51.svg\",\"width\":1,\"height\":1,\"caption\":\"\u00c0gora C\u00edvica\"},\"image\":{\"@id\":\"https:\/\/agoracivica.cat\/#\/schema\/logo\/image\/\"}}]}<\/script>\n<!-- \/ Yoast SEO plugin. -->","yoast_head_json":{"title":"Politiques de confidentialit\u00e9 - \u00c0gora C\u00edvica","robots":{"index":"index","follow":"follow","max-snippet":"max-snippet:-1","max-image-preview":"max-image-preview:large","max-video-preview":"max-video-preview:-1"},"canonical":"https:\/\/agoracivica.cat\/politica-de-privacitat\/","og_locale":"fr_FR","og_type":"article","og_title":"Politiques de confidentialit\u00e9 - \u00c0gora C\u00edvica","og_description":"POLITIQUES DE CONFIDENTIALIT\u00c9Politique de protection des donn\u00e9es \u00e0 caract\u00e8re personnel du site gencatLe Gouvernement de Catalogne garantit le droit \u00e0 la protection des donn\u00e9es personnelles fournies par cette application dans les termes \u00e9tablis par la loi organique 3\/2018 du 5 d\u00e9cembre sur la protection des donn\u00e9es personnelles et garanties num\u00e9riques et par le r\u00e8glement (UE) [&hellip;]","og_url":"https:\/\/agoracivica.cat\/politica-de-privacitat\/","og_site_name":"\u00c0gora C\u00edvica","article_modified_time":"2025-07-03T15:54:40+00:00","twitter_card":"summary_large_image","twitter_misc":{"Dur\u00e9e de lecture estim\u00e9e":"5 minutes"},"schema":{"@context":"https:\/\/schema.org","@graph":[{"@type":"WebPage","@id":"https:\/\/agoracivica.cat\/politica-de-privacitat\/","url":"https:\/\/agoracivica.cat\/politica-de-privacitat\/","name":"Politiques de confidentialit\u00e9 - \u00c0gora C\u00edvica","isPartOf":{"@id":"https:\/\/agoracivica.cat\/#website"},"datePublished":"2025-06-12T09:06:20+00:00","dateModified":"2025-07-03T15:54:40+00:00","breadcrumb":{"@id":"https:\/\/agoracivica.cat\/politica-de-privacitat\/#breadcrumb"},"inLanguage":"fr-FR","potentialAction":[{"@type":"ReadAction","target":["https:\/\/agoracivica.cat\/politica-de-privacitat\/"]}]},{"@type":"BreadcrumbList","@id":"https:\/\/agoracivica.cat\/politica-de-privacitat\/#breadcrumb","itemListElement":[{"@type":"ListItem","position":1,"name":"Inici","item":"https:\/\/agoracivica.cat\/"},{"@type":"ListItem","position":2,"name":"Politiques de confidentialit\u00e9"}]},{"@type":"WebSite","@id":"https:\/\/agoracivica.cat\/#website","url":"https:\/\/agoracivica.cat\/","name":"\u00c0gora C\u00edvica","description":"Programa d&#039;activitats","publisher":{"@id":"https:\/\/agoracivica.cat\/#organization"},"potentialAction":[{"@type":"SearchAction","target":{"@type":"EntryPoint","urlTemplate":"https:\/\/agoracivica.cat\/?s={search_term_string}"},"query-input":{"@type":"PropertyValueSpecification","valueRequired":true,"valueName":"search_term_string"}}],"inLanguage":"fr-FR"},{"@type":"Organization","@id":"https:\/\/agoracivica.cat\/#organization","name":"\u00c0gora C\u00edvica","url":"https:\/\/agoracivica.cat\/","logo":{"@type":"ImageObject","inLanguage":"fr-FR","@id":"https:\/\/agoracivica.cat\/#\/schema\/logo\/image\/","url":"https:\/\/agoracivica.cat\/wp-content\/uploads\/2025\/05\/Grupo-51.svg","contentUrl":"https:\/\/agoracivica.cat\/wp-content\/uploads\/2025\/05\/Grupo-51.svg","width":1,"height":1,"caption":"\u00c0gora C\u00edvica"},"image":{"@id":"https:\/\/agoracivica.cat\/#\/schema\/logo\/image\/"}}]}},"_links":{"self":[{"href":"https:\/\/agoracivica.cat\/fr\/wp-json\/wp\/v2\/pages\/977","targetHints":{"allow":["GET"]}}],"collection":[{"href":"https:\/\/agoracivica.cat\/fr\/wp-json\/wp\/v2\/pages"}],"about":[{"href":"https:\/\/agoracivica.cat\/fr\/wp-json\/wp\/v2\/types\/page"}],"author":[{"embeddable":true,"href":"https:\/\/agoracivica.cat\/fr\/wp-json\/wp\/v2\/users\/3"}],"replies":[{"embeddable":true,"href":"https:\/\/agoracivica.cat\/fr\/wp-json\/wp\/v2\/comments?post=977"}],"version-history":[{"count":0,"href":"https:\/\/agoracivica.cat\/fr\/wp-json\/wp\/v2\/pages\/977\/revisions"}],"wp:attachment":[{"href":"https:\/\/agoracivica.cat\/fr\/wp-json\/wp\/v2\/media?parent=977"}],"curies":[{"name":"wp","href":"https:\/\/api.w.org\/{rel}","templated":true}]}}