{"id":1187,"date":"2025-06-16T07:39:59","date_gmt":"2025-06-16T07:39:59","guid":{"rendered":"https:\/\/agoracivica.cat\/accessibilitat\/"},"modified":"2025-07-03T15:55:40","modified_gmt":"2025-07-03T15:55:40","slug":"accessibilitat","status":"publish","type":"page","link":"https:\/\/agoracivica.cat\/oc\/accessibilitat\/","title":{"rendered":"Accessibilitat"},"content":{"rendered":"<p>[et_pb_section fb_built=&#8221;1&#8243; custom_padding_last_edited=&#8221;on|phone&#8221; _builder_version=&#8221;4.27.4&#8243; _module_preset=&#8221;default&#8221; background_color=&#8221;#F4FFFF&#8221; background_enable_image=&#8221;off&#8221; background_size=&#8221;custom&#8221; background_image_width=&#8221;54%&#8221; background_position=&#8221;top_right&#8221; background_horizontal_offset=&#8221;-28%&#8221; background_vertical_offset=&#8221;-100%&#8221; custom_padding=&#8221;0px|35px||35px|false|true&#8221; custom_padding_tablet=&#8221;|35px||35px|false|true&#8221; custom_padding_phone=&#8221;|20px||20px|false|true&#8221; global_colors_info=&#8221;{}&#8221;][et_pb_row column_structure=&#8221;1_2,1_2&#8243; custom_padding_last_edited=&#8221;on|phone&#8221; _builder_version=&#8221;4.27.4&#8243; _module_preset=&#8221;default&#8221; module_alignment=&#8221;center&#8221; custom_margin=&#8221;0px||0px||false|false&#8221; custom_padding=&#8221;0px|35px||0px|false|false&#8221; custom_padding_tablet=&#8221;0px|48px||48px|false|false&#8221; custom_padding_phone=&#8221;0px|10px||0px|false|false&#8221; global_colors_info=&#8221;{}&#8221;][et_pb_column type=&#8221;1_2&#8243; _builder_version=&#8221;4.27.4&#8243; _module_preset=&#8221;default&#8221; custom_padding=&#8221;0px||||false|false&#8221; global_colors_info=&#8221;{}&#8221;][\/et_pb_column][et_pb_column type=&#8221;1_2&#8243; _builder_version=&#8221;4.27.4&#8243; _module_preset=&#8221;default&#8221; global_colors_info=&#8221;{}&#8221;][\/et_pb_column][\/et_pb_row][et_pb_row use_custom_gutter=&#8221;on&#8221; gutter_width=&#8221;2&#8243; make_equal=&#8221;on&#8221; custom_padding_last_edited=&#8221;on|phone&#8221; module_class=&#8221;align-bottom&#8221; _builder_version=&#8221;4.27.4&#8243; _module_preset=&#8221;default&#8221; custom_padding=&#8221;6em||||false|false&#8221; custom_padding_tablet=&#8221;6em||||false|false&#8221; custom_padding_phone=&#8221;0em||||false|false&#8221; global_colors_info=&#8221;{}&#8221;][et_pb_column type=&#8221;4_4&#8243; _builder_version=&#8221;4.27.4&#8243; _module_preset=&#8221;default&#8221; global_colors_info=&#8221;{}&#8221;][et_pb_text module_class=&#8221;eix_tematics_title&#8221; _builder_version=&#8221;4.27.4&#8243; _module_preset=&#8221;default&#8221; header_text_align=&#8221;right&#8221; header_text_color=&#8221;#FDDCC2&#8243; header_font_size=&#8221;220px&#8221; header_line_height=&#8221;180px&#8221; header_2_text_align=&#8221;left&#8221; header_2_text_color=&#8221;#102271&#8243; header_2_font_size=&#8221;115px&#8221; header_2_line_height=&#8221;91.7px&#8221; header_2_font_size_tablet=&#8221;130px&#8221; header_2_font_size_phone=&#8221;74px&#8221; header_2_font_size_last_edited=&#8221;on|phone&#8221; header_2_line_height_tablet=&#8221;105px&#8221; header_2_line_height_phone=&#8221;59.2px&#8221; header_2_line_height_last_edited=&#8221;on|phone&#8221; global_colors_info=&#8221;{}&#8221;]<\/p>\n<h2 class=\"np nm\"><em>ACCESSIBILITAT<\/em><strong><\/strong><\/h2>\n<p>[\/et_pb_text][\/et_pb_column][\/et_pb_row][et_pb_row use_custom_gutter=&#8221;on&#8221; gutter_width=&#8221;2&#8243; make_equal=&#8221;on&#8221; custom_padding_last_edited=&#8221;on|phone&#8221; module_class=&#8221;align-bottom&#8221; _builder_version=&#8221;4.27.4&#8243; _module_preset=&#8221;default&#8221; custom_padding=&#8221;70px|||||&#8221; custom_padding_tablet=&#8221;70px|||||&#8221; custom_padding_phone=&#8221;0px||||false|false&#8221; global_colors_info=&#8221;{}&#8221;][et_pb_column type=&#8221;4_4&#8243; _builder_version=&#8221;4.27.4&#8243; _module_preset=&#8221;default&#8221; global_colors_info=&#8221;{}&#8221;][et_pb_text _builder_version=&#8221;4.27.4&#8243; _module_preset=&#8221;default&#8221; text_text_color=&#8221;#102271&#8243; link_text_color=&#8221;#102271&#8243; ul_line_height=&#8221;1.2em&#8221; animation_style=&#8221;fade&#8221; text_font_size_tablet=&#8221;&#8221; text_font_size_phone=&#8221;18px&#8221; text_font_size_last_edited=&#8221;on|phone&#8221; text_line_height_tablet=&#8221;&#8221; text_line_height_phone=&#8221;22px&#8221; text_line_height_last_edited=&#8221;on|desktop&#8221; custom_css_main_element=&#8221;a  { text-decoration:underline  !important; }&#8221; global_colors_info=&#8221;{}&#8221;]<\/p>\n<p>Aguest l\u00f2c web ei dessenhat damb era t\u00f2ca de garentir er acc\u00e8s universau ara informacion e as servicis, d\u2019ac\u00f2rd damb es principis d\u2019egalitat, non-discriminacion e accessibilitat ent\u00e0 totes es persones, tau coma establissen es normatives en vigor.<\/p>\n<p>[\/et_pb_text][et_pb_text module_class=&#8221;col_2&#8243; _builder_version=&#8221;4.27.4&#8243; _module_preset=&#8221;default&#8221; text_text_color=&#8221;#102271&#8243; link_text_color=&#8221;#102271&#8243; ul_line_height=&#8221;1.2em&#8221; animation_style=&#8221;fade&#8221; hover_enabled=&#8221;0&#8243; text_font_size_tablet=&#8221;&#8221; text_font_size_phone=&#8221;18px&#8221; text_font_size_last_edited=&#8221;on|phone&#8221; text_line_height_tablet=&#8221;&#8221; text_line_height_phone=&#8221;22px&#8221; text_line_height_last_edited=&#8221;on|desktop&#8221; custom_css_main_element=&#8221;a  { text-decoration:underline  !important; }&#8221; global_colors_info=&#8221;{}&#8221; sticky_enabled=&#8221;0&#8243;]<\/p>\n<p><strong>Comprom\u00e9s institucionau<\/strong><\/p>\n<p>Era Generalitat de Catalonha assum\u00eds eth comprom\u00e9s de garentir era accessibilitat des s\u00f2ns contenguts digitaus, tau coma preve <strong>eth Reiau decr\u00e8t 1112\/2018, d\u2019accessibilitat des l\u00f2cs web e aplicacions ent\u00e0 dispositius mobils deth sector public,<\/strong> e tanben era <strong>Lei 19\/2014, de transpar\u00e9ncia, acc\u00e8s ara informacion publica e bon gov\u00e8rn.<\/strong><\/p>\n<p>Aguest portau s\u2019a desvolopat en tot seguir es <strong>Pautes d\u2019Accessibilitat entath Contengut Web (WCAG 2.1)<\/strong> deth W3C e compl\u00eds damb eth<strong> niv\u00e8u de conformitat AA,<\/strong> qu\u2019assegure un grad elevat d\u2019accessibilitat e usabilitat entara ciutadanetat.<\/p>\n<p><strong>Caracteristiques d\u2019accessibilitat<\/strong><\/p>\n<p>Ent\u00e0 h\u00e8r possibla ua experi\u00e9ncia de navegacion accessibla, eth web incorp\u00f2re es seg\u00fcentes foncionalitats:<\/p>\n<ul>\n<li>Estructura semantica clara e jerarquica (ent\u00e8stes, listes, taules&#8230;).<\/li>\n<li>T\u00e8xtes alternatius en imatges e elements non textuaus.<\/li>\n<li>Contrast adequat entre eth t\u00e8xte e eth hons ent\u00e0 garentir ua lectura facila.<\/li>\n<li>Formularis etiquetadi e accessibles ent\u00e0 tecnologies d\u2019assist\u00e9ncia.<\/li>\n<li>Declaracion dera lengua ent\u00e0 facilitar era lectura damb lectors de pantalha.<\/li>\n<\/ul>\n<p><strong>Revision e melhora de contunh<\/strong><\/p>\n<p>Aguest l\u00f2c web a estat revisat mejan\u00e7ant airines automatiques e validacions manuaus, e se manten en proc\u00e8s d\u2019actualizacion ent\u00e0 corregir possibles errors e garentir eth compliment permanent des crit\u00e8ris d\u2019accessibilitat.<\/p>\n<p>Era Generalitat de Catalonha prom\u00f2 activament ua cultura digitau inclusiva e velhe entara accessibilitat des servicis publics digitaus coma dret basic dera ciutadanetat.<\/p>\n<ul>\n<li><strong>Data deta darr\u00e8ra revision d\u2019accessibilitat:<\/strong> 30 de mai de 2025.<\/li>\n<\/ul>\n<p><strong>Comunicacion d\u2019incid\u00e9ncies e consultes<\/strong><\/p>\n<p>Se detectatz b\u00e8ra barr\u00e8ra d\u2019accessibilitat en aguest web, o voletz mandar-mos suggestions de melhora, podetz h\u00e8\u2019c en tot escr\u00eduer ara adre\u00e7a electronica seg\u00fcenta:<\/p>\n<p>\ud83d\udce9 <a href=\"mailto:info@agoracivica.cat\">info@agoracivica.cat<\/a><\/p>\n<p>Totes es comunicacions ser\u00e0n corsades d\u2019ac\u00f2rd damb eth procediment establit en article 10 deth Reiau decr\u00e8t 1112\/2018 e receber\u00e0n responsa en t\u00e8rme legau establit.<\/p>\n<p>[\/et_pb_text][\/et_pb_column][\/et_pb_row][\/et_pb_section]<\/p>\n","protected":false},"excerpt":{"rendered":"<p>ACCESSIBILITATAguest l\u00f2c web ei dessenhat damb era t\u00f2ca de garentir er acc\u00e8s universau ara informacion e as servicis, d\u2019ac\u00f2rd damb es principis d\u2019egalitat, non-discriminacion e accessibilitat ent\u00e0 totes es persones, tau coma establissen es normatives en vigor.Comprom\u00e9s institucionau Era Generalitat de Catalonha assum\u00eds eth comprom\u00e9s de garentir era accessibilitat des s\u00f2ns contenguts digitaus, tau coma [&hellip;]<\/p>\n","protected":false},"author":3,"featured_media":0,"parent":0,"menu_order":0,"comment_status":"closed","ping_status":"closed","template":"","meta":{"_acf_changed":false,"_et_pb_use_builder":"on","_et_pb_old_content":"","_et_gb_content_width":"","footnotes":""},"class_list":["post-1187","page","type-page","status-publish","hentry"],"acf":[],"yoast_head":"<!-- This site is optimized with the Yoast SEO plugin v26.0 - https:\/\/yoast.com\/wordpress\/plugins\/seo\/ -->\n<title>Accessibilitat - \u00c0gora C\u00edvica<\/title>\n<meta name=\"robots\" content=\"index, follow, max-snippet:-1, max-image-preview:large, max-video-preview:-1\" \/>\n<link rel=\"canonical\" href=\"https:\/\/agoracivica.cat\/accessibilitat\/\" \/>\n<meta property=\"og:locale\" content=\"en_US\" \/>\n<meta property=\"og:type\" content=\"article\" \/>\n<meta property=\"og:title\" content=\"Accessibilitat - \u00c0gora C\u00edvica\" \/>\n<meta property=\"og:description\" content=\"ACCESSIBILITATAguest l\u00f2c web ei dessenhat damb era t\u00f2ca de garentir er acc\u00e8s universau ara informacion e as servicis, d\u2019ac\u00f2rd damb es principis d\u2019egalitat, non-discriminacion e accessibilitat ent\u00e0 totes es persones, tau coma establissen es normatives en vigor.Comprom\u00e9s institucionau Era Generalitat de Catalonha assum\u00eds eth comprom\u00e9s de garentir era accessibilitat des s\u00f2ns contenguts digitaus, tau coma [&hellip;]\" \/>\n<meta property=\"og:url\" content=\"https:\/\/agoracivica.cat\/accessibilitat\/\" \/>\n<meta property=\"og:site_name\" content=\"\u00c0gora C\u00edvica\" \/>\n<meta property=\"article:modified_time\" content=\"2025-07-03T15:55:40+00:00\" \/>\n<meta name=\"twitter:card\" content=\"summary_large_image\" \/>\n<meta name=\"twitter:label1\" content=\"Est. reading time\" \/>\n\t<meta name=\"twitter:data1\" content=\"4 minutes\" \/>\n<script type=\"application\/ld+json\" class=\"yoast-schema-graph\">{\"@context\":\"https:\/\/schema.org\",\"@graph\":[{\"@type\":\"WebPage\",\"@id\":\"https:\/\/agoracivica.cat\/accessibilitat\/\",\"url\":\"https:\/\/agoracivica.cat\/accessibilitat\/\",\"name\":\"Accessibilitat - \u00c0gora C\u00edvica\",\"isPartOf\":{\"@id\":\"https:\/\/agoracivica.cat\/#website\"},\"datePublished\":\"2025-06-16T07:39:59+00:00\",\"dateModified\":\"2025-07-03T15:55:40+00:00\",\"breadcrumb\":{\"@id\":\"https:\/\/agoracivica.cat\/accessibilitat\/#breadcrumb\"},\"inLanguage\":\"oc\",\"potentialAction\":[{\"@type\":\"ReadAction\",\"target\":[\"https:\/\/agoracivica.cat\/accessibilitat\/\"]}]},{\"@type\":\"BreadcrumbList\",\"@id\":\"https:\/\/agoracivica.cat\/accessibilitat\/#breadcrumb\",\"itemListElement\":[{\"@type\":\"ListItem\",\"position\":1,\"name\":\"Inici\",\"item\":\"https:\/\/agoracivica.cat\/\"},{\"@type\":\"ListItem\",\"position\":2,\"name\":\"Accessibilitat\"}]},{\"@type\":\"WebSite\",\"@id\":\"https:\/\/agoracivica.cat\/#website\",\"url\":\"https:\/\/agoracivica.cat\/\",\"name\":\"\u00c0gora C\u00edvica\",\"description\":\"Programa d&#039;activitats\",\"publisher\":{\"@id\":\"https:\/\/agoracivica.cat\/#organization\"},\"potentialAction\":[{\"@type\":\"SearchAction\",\"target\":{\"@type\":\"EntryPoint\",\"urlTemplate\":\"https:\/\/agoracivica.cat\/?s={search_term_string}\"},\"query-input\":{\"@type\":\"PropertyValueSpecification\",\"valueRequired\":true,\"valueName\":\"search_term_string\"}}],\"inLanguage\":\"oc\"},{\"@type\":\"Organization\",\"@id\":\"https:\/\/agoracivica.cat\/#organization\",\"name\":\"\u00c0gora C\u00edvica\",\"url\":\"https:\/\/agoracivica.cat\/\",\"logo\":{\"@type\":\"ImageObject\",\"inLanguage\":\"oc\",\"@id\":\"https:\/\/agoracivica.cat\/#\/schema\/logo\/image\/\",\"url\":\"https:\/\/agoracivica.cat\/wp-content\/uploads\/2025\/05\/Grupo-51.svg\",\"contentUrl\":\"https:\/\/agoracivica.cat\/wp-content\/uploads\/2025\/05\/Grupo-51.svg\",\"width\":1,\"height\":1,\"caption\":\"\u00c0gora C\u00edvica\"},\"image\":{\"@id\":\"https:\/\/agoracivica.cat\/#\/schema\/logo\/image\/\"}}]}<\/script>\n<!-- \/ Yoast SEO plugin. -->","yoast_head_json":{"title":"Accessibilitat - \u00c0gora C\u00edvica","robots":{"index":"index","follow":"follow","max-snippet":"max-snippet:-1","max-image-preview":"max-image-preview:large","max-video-preview":"max-video-preview:-1"},"canonical":"https:\/\/agoracivica.cat\/accessibilitat\/","og_locale":"en_US","og_type":"article","og_title":"Accessibilitat - \u00c0gora C\u00edvica","og_description":"ACCESSIBILITATAguest l\u00f2c web ei dessenhat damb era t\u00f2ca de garentir er acc\u00e8s universau ara informacion e as servicis, d\u2019ac\u00f2rd damb es principis d\u2019egalitat, non-discriminacion e accessibilitat ent\u00e0 totes es persones, tau coma establissen es normatives en vigor.Comprom\u00e9s institucionau Era Generalitat de Catalonha assum\u00eds eth comprom\u00e9s de garentir era accessibilitat des s\u00f2ns contenguts digitaus, tau coma [&hellip;]","og_url":"https:\/\/agoracivica.cat\/accessibilitat\/","og_site_name":"\u00c0gora C\u00edvica","article_modified_time":"2025-07-03T15:55:40+00:00","twitter_card":"summary_large_image","twitter_misc":{"Est. reading time":"4 minutes"},"schema":{"@context":"https:\/\/schema.org","@graph":[{"@type":"WebPage","@id":"https:\/\/agoracivica.cat\/accessibilitat\/","url":"https:\/\/agoracivica.cat\/accessibilitat\/","name":"Accessibilitat - \u00c0gora C\u00edvica","isPartOf":{"@id":"https:\/\/agoracivica.cat\/#website"},"datePublished":"2025-06-16T07:39:59+00:00","dateModified":"2025-07-03T15:55:40+00:00","breadcrumb":{"@id":"https:\/\/agoracivica.cat\/accessibilitat\/#breadcrumb"},"inLanguage":"oc","potentialAction":[{"@type":"ReadAction","target":["https:\/\/agoracivica.cat\/accessibilitat\/"]}]},{"@type":"BreadcrumbList","@id":"https:\/\/agoracivica.cat\/accessibilitat\/#breadcrumb","itemListElement":[{"@type":"ListItem","position":1,"name":"Inici","item":"https:\/\/agoracivica.cat\/"},{"@type":"ListItem","position":2,"name":"Accessibilitat"}]},{"@type":"WebSite","@id":"https:\/\/agoracivica.cat\/#website","url":"https:\/\/agoracivica.cat\/","name":"\u00c0gora C\u00edvica","description":"Programa d&#039;activitats","publisher":{"@id":"https:\/\/agoracivica.cat\/#organization"},"potentialAction":[{"@type":"SearchAction","target":{"@type":"EntryPoint","urlTemplate":"https:\/\/agoracivica.cat\/?s={search_term_string}"},"query-input":{"@type":"PropertyValueSpecification","valueRequired":true,"valueName":"search_term_string"}}],"inLanguage":"oc"},{"@type":"Organization","@id":"https:\/\/agoracivica.cat\/#organization","name":"\u00c0gora C\u00edvica","url":"https:\/\/agoracivica.cat\/","logo":{"@type":"ImageObject","inLanguage":"oc","@id":"https:\/\/agoracivica.cat\/#\/schema\/logo\/image\/","url":"https:\/\/agoracivica.cat\/wp-content\/uploads\/2025\/05\/Grupo-51.svg","contentUrl":"https:\/\/agoracivica.cat\/wp-content\/uploads\/2025\/05\/Grupo-51.svg","width":1,"height":1,"caption":"\u00c0gora C\u00edvica"},"image":{"@id":"https:\/\/agoracivica.cat\/#\/schema\/logo\/image\/"}}]}},"_links":{"self":[{"href":"https:\/\/agoracivica.cat\/oc\/wp-json\/wp\/v2\/pages\/1187","targetHints":{"allow":["GET"]}}],"collection":[{"href":"https:\/\/agoracivica.cat\/oc\/wp-json\/wp\/v2\/pages"}],"about":[{"href":"https:\/\/agoracivica.cat\/oc\/wp-json\/wp\/v2\/types\/page"}],"author":[{"embeddable":true,"href":"https:\/\/agoracivica.cat\/oc\/wp-json\/wp\/v2\/users\/3"}],"replies":[{"embeddable":true,"href":"https:\/\/agoracivica.cat\/oc\/wp-json\/wp\/v2\/comments?post=1187"}],"version-history":[{"count":0,"href":"https:\/\/agoracivica.cat\/oc\/wp-json\/wp\/v2\/pages\/1187\/revisions"}],"wp:attachment":[{"href":"https:\/\/agoracivica.cat\/oc\/wp-json\/wp\/v2\/media?parent=1187"}],"curies":[{"name":"wp","href":"https:\/\/api.w.org\/{rel}","templated":true}]}}