{"id":1464,"date":"2025-06-25T09:05:48","date_gmt":"2025-06-25T09:05:48","guid":{"rendered":"https:\/\/agoracivica.cat\/agora-en-hilat\/"},"modified":"2025-08-26T12:45:18","modified_gmt":"2025-08-26T12:45:18","slug":"agora-en-hilat","status":"publish","type":"page","link":"https:\/\/agoracivica.cat\/oc\/agora-en-hilat\/","title":{"rendered":"Ag\u00f2ra en Hilat"},"content":{"rendered":"<p>[et_pb_section fb_built=&#8221;1&#8243; custom_padding_last_edited=&#8221;on|phone&#8221; _builder_version=&#8221;4.27.4&#8243; _module_preset=&#8221;default&#8221; background_color=&#8221;#FDDCC2&#8243; custom_padding=&#8221;2px|35px|80px|35px|false|true&#8221; custom_padding_tablet=&#8221;164px||80px||false|false&#8221; custom_padding_phone=&#8221;80px|20px|20px|20px|false|true&#8221; locked=&#8221;off&#8221; global_colors_info=&#8221;{}&#8221;][et_pb_row column_structure=&#8221;1_2,1_2&#8243; custom_padding_last_edited=&#8221;on|phone&#8221; admin_label=&#8221;Row&#8221; _builder_version=&#8221;4.27.4&#8243; _module_preset=&#8221;default&#8221; module_alignment=&#8221;center&#8221; custom_margin=&#8221;0px|auto|47px|auto|false|false&#8221; custom_padding=&#8221;0px|35px||0px|false|false&#8221; custom_padding_tablet=&#8221;0px|48px||48px|false|false&#8221; custom_padding_phone=&#8221;0px|10px||10px|false|true&#8221; global_colors_info=&#8221;{}&#8221;][et_pb_column type=&#8221;1_2&#8243; _builder_version=&#8221;4.27.4&#8243; _module_preset=&#8221;default&#8221; custom_padding=&#8221;0px||||false|false&#8221; global_colors_info=&#8221;{}&#8221;][\/et_pb_column][et_pb_column type=&#8221;1_2&#8243; _builder_version=&#8221;4.27.4&#8243; _module_preset=&#8221;default&#8221; global_colors_info=&#8221;{}&#8221;][\/et_pb_column][\/et_pb_row][et_pb_row use_custom_gutter=&#8221;on&#8221; gutter_width=&#8221;2&#8243; make_equal=&#8221;on&#8221; module_class=&#8221;align-bottom&#8221; _builder_version=&#8221;4.27.4&#8243; _module_preset=&#8221;default&#8221; custom_padding=&#8221;13px|||||&#8221; global_colors_info=&#8221;{}&#8221;][et_pb_column type=&#8221;4_4&#8243; _builder_version=&#8221;4.27.4&#8243; _module_preset=&#8221;default&#8221; global_colors_info=&#8221;{}&#8221;][et_pb_text module_class=&#8221;eix_tematics_title&#8221; _builder_version=&#8221;4.27.4&#8243; _module_preset=&#8221;default&#8221; header_text_align=&#8221;right&#8221; header_font_size=&#8221;220px&#8221; header_line_height=&#8221;180px&#8221; header_2_text_align=&#8221;left&#8221; header_2_font_size=&#8221;115px&#8221; header_2_line_height=&#8221;91.7px&#8221; width=&#8221;80%&#8221; header_2_font_size_tablet=&#8221;130px&#8221; header_2_font_size_phone=&#8221;74px&#8221; header_2_font_size_last_edited=&#8221;on|phone&#8221; header_2_line_height_tablet=&#8221;105px&#8221; header_2_line_height_phone=&#8221;59.2px&#8221; header_2_line_height_last_edited=&#8221;on|phone&#8221; global_colors_info=&#8221;{}&#8221;]<\/p>\n<h2 class=\"np nm\">\u00c0GORA<\/h2>\n<h2 class=\"np nm\"><em>EN<\/em> <em>HILAT<\/em><\/h2>\n<p>[\/et_pb_text][et_pb_text module_class=&#8221;col_2&#8243; _builder_version=&#8221;4.27.4&#8243; _module_preset=&#8221;default&#8221; animation_style=&#8221;fade&#8221; text_font_size_tablet=&#8221;&#8221; text_font_size_phone=&#8221;18px&#8221; text_font_size_last_edited=&#8221;on|phone&#8221; text_line_height_tablet=&#8221;&#8221; text_line_height_phone=&#8221;22px&#8221; text_line_height_last_edited=&#8221;on|desktop&#8221; custom_css_main_element=&#8221;||  &#8221; global_colors_info=&#8221;{}&#8221;]<\/p>\n<p>Ag\u00f2ra en Hilat amasse es iniciatives a compdar d\u2019entitats qu\u2019organizen activitats especiaus vinculades damb es t\u00e8mes de MONDIACULT 2025. F\u00f2r\u00e7a d\u2019aguestes iniciatives an recebut eth sosten dera Generalitat de Catalonha, ena sua convocacion de subvencion. D\u2019autes an a veir damb era experi\u00e9ncia e era vinculacion a compdar des entitats catalanes damb era UNESCO e damb es hilats culturaus mondiaus. <\/p>\n<p>[\/et_pb_text][\/et_pb_column][\/et_pb_row][et_pb_row use_custom_gutter=&#8221;on&#8221; gutter_width=&#8221;2&#8243; make_equal=&#8221;on&#8221; custom_padding_last_edited=&#8221;on|phone&#8221; module_class=&#8221;align-bottom&#8221; _builder_version=&#8221;4.27.4&#8243; _module_preset=&#8221;default&#8221; custom_padding=&#8221;20px||||false|false&#8221; custom_padding_tablet=&#8221;70px|||||&#8221; custom_padding_phone=&#8221;0px||||false|false&#8221; locked=&#8221;off&#8221; global_colors_info=&#8221;{}&#8221;][et_pb_column type=&#8221;4_4&#8243; _builder_version=&#8221;4.27.4&#8243; _module_preset=&#8221;default&#8221; global_colors_info=&#8221;{}&#8221;][et_pb_code _builder_version=&#8221;4.27.4&#8243; _module_preset=&#8221;default&#8221; global_colors_info=&#8221;{}&#8221;]\n    <form id=\"filtre-activitats\" method=\"get\">\n        <input type=\"hidden\" name=\"paged\" value=\"1\">\n        <div class=\"filtres-wrapper\">\n                                <select name=\"data\" class=\"filter\" id=\"f-data\">\n                        <option value=\"\">Data<\/option>\n                        <option value=\"09-09-2025-oc\">09\/09\/2025<\/option><option value=\"10-09-2025-oc\">10\/09\/2025<\/option><option value=\"13-09-2025-oc\">13\/09\/2025<\/option><option value=\"16-09-2025-oc\">16\/09\/2025<\/option><option value=\"15-09-2025-oc\">15\/09\/2025<\/option><option value=\"17-09-2025-oc\">17\/09\/2025<\/option><option value=\"22-09-2025-oc\">22\/09\/2025<\/option><option value=\"25-09-2025-oc\">25\/09\/2025<\/option><option value=\"26-09-2025-oc\">26\/09\/2025<\/option><option value=\"27-09-2025-oc\">27\/09\/2025<\/option><option value=\"29-09-2025-oc\">29\/09\/2025<\/option><option value=\"28-09-2025-oc\">28\/09\/2025<\/option><option value=\"30-09-2025-oc\">30\/09\/2025<\/option><option value=\"01-10-2025-oc\">01\/10\/2025<\/option><option value=\"02-10-2025-oc\">02\/10\/2025<\/option><option value=\"04-10-2025-oc\">04\/10\/2025<\/option><option value=\"10-10-2025-oc\">10\/10\/2025<\/option><option value=\"11-10-2025-oc\">11\/10\/2025<\/option><option value=\"12-10-2025-oc\">12\/10\/2025<\/option><option value=\"13-10-2025-oc\">13\/10\/2025<\/option><option value=\"17-10-2025-oc\">17\/10\/2025<\/option><option value=\"18-10-2025-oc\">18\/10\/2025<\/option><option value=\"19-10-2025-oc\">19\/10\/2025<\/option><option value=\"20-10-2025-oc\">20\/10\/2025<\/option><option value=\"24-10-2025-oc\">24\/10\/2025<\/option><option value=\"25-10-2025-oc\">25\/10\/2025<\/option><option value=\"26-10-2025-oc\">26\/10\/2025<\/option><option value=\"29-10-2025-oc\">29\/10\/2025<\/option><option value=\"31-10-2025-oc\">31\/10\/2025<\/option><option value=\"01-11-2025-oc\">01\/11\/2025<\/option><option value=\"02-11-2025-oc\">02\/11\/2025<\/option><option value=\"07-11-2025-oc\">07\/11\/2025<\/option><option value=\"09-11-2025-oc\">09\/11\/2025<\/option><option value=\"10-11-2025-oc\">10\/11\/2025<\/option><option value=\"15-11-2025-oc\">15\/11\/2025<\/option><option value=\"21-11-2025-oc\">21\/11\/2025<\/option><option value=\"22-11-2025-oc\">22\/11\/2025<\/option><option value=\"23-11-2025-oc\">23\/11\/2025<\/option><option value=\"25-11-2025-oc\">25\/11\/2025<\/option><option value=\"26-11-2025-oc\">26\/11\/2025<\/option><option value=\"27-11-2025-oc\">27\/11\/2025<\/option><option value=\"28-11-2025-oc\">28\/11\/2025<\/option><option value=\"29-11-2025-oc\">29\/11\/2025<\/option>                    <\/select>\n                                    <select name=\"eix\" class=\"filter\" id=\"f-eix\">\n                        <option value=\"\">\u00c8ish tematic<\/option>\n                        <option value=\"altres-oc\">Altres<\/option><option value=\"dreches-culturals\">Dreches culturals<\/option><option value=\"tecnologies-i-intelligencia-artificial-oc\">Tecnologias e intellig\u00e9ncia artificiala<\/option><option value=\"diversitat-culturala-e-linguistica\">Diversitat culturala e ling\u00fcistica<\/option><option value=\"ecosistemas-de-la-cultura-oc\">Ecosist\u00e8mas de la cultura<\/option><option value=\"ciutats-i-lobjectiu-cultura-a-les-agendes-globals-oc\">Vilas e l\u2019Objectiu Cultura dins las agendas globalas<\/option><option value=\"cultura-e-patz\">Cultura e patz<\/option>                    <\/select>\n                                    <select name=\"format\" class=\"filter\" id=\"f-format\">\n                        <option value=\"\">Format<\/option>\n                        <option value=\"conversa-oc\">conv\u00e8rsa<\/option><option value=\"cineforum-projeccion-filmdebat\">Cinef\u00f2rum (projeccion film+debat)<\/option><option value=\"mostra-oc\">Mostra<\/option><option value=\"obra-teatrala\">\u00d2bra teatrala<\/option><option value=\"plenaria-oc\">Plen\u00e0ria<\/option><option value=\"exposicion\">Exposicion<\/option><option value=\"ponencia-oc\">Pon\u00e9ncia<\/option><option value=\"entrevistas\">Entrevistas<\/option><option value=\"presentacion\">Presentacion<\/option><option value=\"visita-guidada\">Visita guidada<\/option><option value=\"projeccions-oc\">Proj\u00e8ccions<\/option><option value=\"visita-guiada-a-la-model-amb-pas-per-lexposicio-oc\">Visita Guiada a la Model amb pas per l&#039;exposici\u00f3<\/option><option value=\"projectes-oc\">Proj\u00e8ctes<\/option><option value=\"espectacle-a-laire-liure\">Espectacle a l\u2019aire liure<\/option><option value=\"conferencia-oc\">Confer\u00e9ncia<\/option><option value=\"sesion-participativa\">Sesion participativa<\/option><option value=\"performaforum-oc\">Performaforum<\/option><option value=\"espectacle-oc\">Espectacle<\/option><option value=\"dinar\">Dinar<\/option><option value=\"musica-oc\">Musica<\/option><option value=\"cercavila-oc\">Cercavila<\/option><option value=\"talhier\">Talhi\u00e8r<\/option><option value=\"lectura-poetica-oc\">Lectura Poetica<\/option><option value=\"comunautat-daprendissatge\">Comunautat d\u2019aprendissatge<\/option><option value=\"taula-redonda\">Taula redonda<\/option><option value=\"coctel-oc\">Coct\u00e8l<\/option><option value=\"concert-oc\">Conc\u00e8rt<\/option><option value=\"mostra-artistica-oc\">M\u00f2stra artistica<\/option><option value=\"radio-en-directe-oc\">R\u00e0dio en dir\u00e8cte<\/option><option value=\"conferencia-performativa-oc\">Confer\u00e9ncia Performativa<\/option><option value=\"charrada\">Charrada<\/option><option value=\"jornada-oc\">Jornada<\/option><option value=\"debat-oc\">Debat<\/option><option value=\"dinamicas-en-grops\">Dinamicas en grops<\/option><option value=\"dialog\">Dialog<\/option><option value=\"espacis-de-reflexion\">Espacis de reflexion<\/option><option value=\"experiencias-oc\">experi\u00e9ncias<\/option><option value=\"itinerari-oc\">Itinerari<\/option>                    <\/select>\n                \n            <input type=\"hidden\" name=\"tipus-activitat\" value=\"agora-en-xarxa\" \/>\n        <\/div>\n    <\/form>\n\n    <div id=\"resultats-activitats\"><\/div>\n\n    [\/et_pb_code][\/et_pb_column][\/et_pb_row][\/et_pb_section]<\/p>\n","protected":false},"excerpt":{"rendered":"<p>\u00c0GORA EN HILATAg\u00f2ra en Hilat amasse es iniciatives a compdar d\u2019entitats qu\u2019organizen activitats especiaus vinculades damb es t\u00e8mes de MONDIACULT 2025. F\u00f2r\u00e7a d\u2019aguestes iniciatives an recebut eth sosten dera Generalitat de Catalonha, ena sua convocacion de subvencion. D\u2019autes an a veir damb era experi\u00e9ncia e era vinculacion a compdar des entitats catalanes damb era UNESCO [&hellip;]<\/p>\n","protected":false},"author":3,"featured_media":0,"parent":0,"menu_order":0,"comment_status":"closed","ping_status":"closed","template":"","meta":{"_acf_changed":false,"_et_pb_use_builder":"on","_et_pb_old_content":"","_et_gb_content_width":"","footnotes":""},"class_list":["post-1464","page","type-page","status-publish","hentry"],"acf":[],"yoast_head":"<!-- This site is optimized with the Yoast SEO plugin v26.0 - https:\/\/yoast.com\/wordpress\/plugins\/seo\/ -->\n<title>Ag\u00f2ra en Hilat - \u00c0gora C\u00edvica<\/title>\n<meta name=\"robots\" content=\"index, follow, max-snippet:-1, max-image-preview:large, max-video-preview:-1\" \/>\n<link rel=\"canonical\" href=\"https:\/\/agoracivica.cat\/agora-en-xarxa\/\" \/>\n<meta property=\"og:locale\" content=\"en_US\" \/>\n<meta property=\"og:type\" content=\"article\" \/>\n<meta property=\"og:title\" content=\"Ag\u00f2ra en Hilat - \u00c0gora C\u00edvica\" \/>\n<meta property=\"og:description\" content=\"\u00c0GORA EN HILATAg\u00f2ra en Hilat amasse es iniciatives a compdar d\u2019entitats qu\u2019organizen activitats especiaus vinculades damb es t\u00e8mes de MONDIACULT 2025. F\u00f2r\u00e7a d\u2019aguestes iniciatives an recebut eth sosten dera Generalitat de Catalonha, ena sua convocacion de subvencion. D\u2019autes an a veir damb era experi\u00e9ncia e era vinculacion a compdar des entitats catalanes damb era UNESCO [&hellip;]\" \/>\n<meta property=\"og:url\" content=\"https:\/\/agoracivica.cat\/agora-en-xarxa\/\" \/>\n<meta property=\"og:site_name\" content=\"\u00c0gora C\u00edvica\" \/>\n<meta property=\"article:modified_time\" content=\"2025-08-26T12:45:18+00:00\" \/>\n<meta name=\"twitter:card\" content=\"summary_large_image\" \/>\n<meta name=\"twitter:label1\" content=\"Est. reading time\" \/>\n\t<meta name=\"twitter:data1\" content=\"2 minutes\" \/>\n<script type=\"application\/ld+json\" class=\"yoast-schema-graph\">{\"@context\":\"https:\/\/schema.org\",\"@graph\":[{\"@type\":\"WebPage\",\"@id\":\"https:\/\/agoracivica.cat\/agora-en-xarxa\/\",\"url\":\"https:\/\/agoracivica.cat\/agora-en-xarxa\/\",\"name\":\"Ag\u00f2ra en Hilat - \u00c0gora C\u00edvica\",\"isPartOf\":{\"@id\":\"https:\/\/agoracivica.cat\/#website\"},\"datePublished\":\"2025-06-25T09:05:48+00:00\",\"dateModified\":\"2025-08-26T12:45:18+00:00\",\"breadcrumb\":{\"@id\":\"https:\/\/agoracivica.cat\/agora-en-xarxa\/#breadcrumb\"},\"inLanguage\":\"oc\",\"potentialAction\":[{\"@type\":\"ReadAction\",\"target\":[\"https:\/\/agoracivica.cat\/agora-en-xarxa\/\"]}]},{\"@type\":\"BreadcrumbList\",\"@id\":\"https:\/\/agoracivica.cat\/agora-en-xarxa\/#breadcrumb\",\"itemListElement\":[{\"@type\":\"ListItem\",\"position\":1,\"name\":\"Inici\",\"item\":\"https:\/\/agoracivica.cat\/\"},{\"@type\":\"ListItem\",\"position\":2,\"name\":\"Ag\u00f2ra en Hilat\"}]},{\"@type\":\"WebSite\",\"@id\":\"https:\/\/agoracivica.cat\/#website\",\"url\":\"https:\/\/agoracivica.cat\/\",\"name\":\"\u00c0gora C\u00edvica\",\"description\":\"Programa d&#039;activitats\",\"publisher\":{\"@id\":\"https:\/\/agoracivica.cat\/#organization\"},\"potentialAction\":[{\"@type\":\"SearchAction\",\"target\":{\"@type\":\"EntryPoint\",\"urlTemplate\":\"https:\/\/agoracivica.cat\/?s={search_term_string}\"},\"query-input\":{\"@type\":\"PropertyValueSpecification\",\"valueRequired\":true,\"valueName\":\"search_term_string\"}}],\"inLanguage\":\"oc\"},{\"@type\":\"Organization\",\"@id\":\"https:\/\/agoracivica.cat\/#organization\",\"name\":\"\u00c0gora C\u00edvica\",\"url\":\"https:\/\/agoracivica.cat\/\",\"logo\":{\"@type\":\"ImageObject\",\"inLanguage\":\"oc\",\"@id\":\"https:\/\/agoracivica.cat\/#\/schema\/logo\/image\/\",\"url\":\"https:\/\/agoracivica.cat\/wp-content\/uploads\/2025\/05\/Grupo-51.svg\",\"contentUrl\":\"https:\/\/agoracivica.cat\/wp-content\/uploads\/2025\/05\/Grupo-51.svg\",\"width\":1,\"height\":1,\"caption\":\"\u00c0gora C\u00edvica\"},\"image\":{\"@id\":\"https:\/\/agoracivica.cat\/#\/schema\/logo\/image\/\"}}]}<\/script>\n<!-- \/ Yoast SEO plugin. -->","yoast_head_json":{"title":"Ag\u00f2ra en Hilat - \u00c0gora C\u00edvica","robots":{"index":"index","follow":"follow","max-snippet":"max-snippet:-1","max-image-preview":"max-image-preview:large","max-video-preview":"max-video-preview:-1"},"canonical":"https:\/\/agoracivica.cat\/agora-en-xarxa\/","og_locale":"en_US","og_type":"article","og_title":"Ag\u00f2ra en Hilat - \u00c0gora C\u00edvica","og_description":"\u00c0GORA EN HILATAg\u00f2ra en Hilat amasse es iniciatives a compdar d\u2019entitats qu\u2019organizen activitats especiaus vinculades damb es t\u00e8mes de MONDIACULT 2025. F\u00f2r\u00e7a d\u2019aguestes iniciatives an recebut eth sosten dera Generalitat de Catalonha, ena sua convocacion de subvencion. D\u2019autes an a veir damb era experi\u00e9ncia e era vinculacion a compdar des entitats catalanes damb era UNESCO [&hellip;]","og_url":"https:\/\/agoracivica.cat\/agora-en-xarxa\/","og_site_name":"\u00c0gora C\u00edvica","article_modified_time":"2025-08-26T12:45:18+00:00","twitter_card":"summary_large_image","twitter_misc":{"Est. reading time":"2 minutes"},"schema":{"@context":"https:\/\/schema.org","@graph":[{"@type":"WebPage","@id":"https:\/\/agoracivica.cat\/agora-en-xarxa\/","url":"https:\/\/agoracivica.cat\/agora-en-xarxa\/","name":"Ag\u00f2ra en Hilat - \u00c0gora C\u00edvica","isPartOf":{"@id":"https:\/\/agoracivica.cat\/#website"},"datePublished":"2025-06-25T09:05:48+00:00","dateModified":"2025-08-26T12:45:18+00:00","breadcrumb":{"@id":"https:\/\/agoracivica.cat\/agora-en-xarxa\/#breadcrumb"},"inLanguage":"oc","potentialAction":[{"@type":"ReadAction","target":["https:\/\/agoracivica.cat\/agora-en-xarxa\/"]}]},{"@type":"BreadcrumbList","@id":"https:\/\/agoracivica.cat\/agora-en-xarxa\/#breadcrumb","itemListElement":[{"@type":"ListItem","position":1,"name":"Inici","item":"https:\/\/agoracivica.cat\/"},{"@type":"ListItem","position":2,"name":"Ag\u00f2ra en Hilat"}]},{"@type":"WebSite","@id":"https:\/\/agoracivica.cat\/#website","url":"https:\/\/agoracivica.cat\/","name":"\u00c0gora C\u00edvica","description":"Programa d&#039;activitats","publisher":{"@id":"https:\/\/agoracivica.cat\/#organization"},"potentialAction":[{"@type":"SearchAction","target":{"@type":"EntryPoint","urlTemplate":"https:\/\/agoracivica.cat\/?s={search_term_string}"},"query-input":{"@type":"PropertyValueSpecification","valueRequired":true,"valueName":"search_term_string"}}],"inLanguage":"oc"},{"@type":"Organization","@id":"https:\/\/agoracivica.cat\/#organization","name":"\u00c0gora C\u00edvica","url":"https:\/\/agoracivica.cat\/","logo":{"@type":"ImageObject","inLanguage":"oc","@id":"https:\/\/agoracivica.cat\/#\/schema\/logo\/image\/","url":"https:\/\/agoracivica.cat\/wp-content\/uploads\/2025\/05\/Grupo-51.svg","contentUrl":"https:\/\/agoracivica.cat\/wp-content\/uploads\/2025\/05\/Grupo-51.svg","width":1,"height":1,"caption":"\u00c0gora C\u00edvica"},"image":{"@id":"https:\/\/agoracivica.cat\/#\/schema\/logo\/image\/"}}]}},"_links":{"self":[{"href":"https:\/\/agoracivica.cat\/oc\/wp-json\/wp\/v2\/pages\/1464","targetHints":{"allow":["GET"]}}],"collection":[{"href":"https:\/\/agoracivica.cat\/oc\/wp-json\/wp\/v2\/pages"}],"about":[{"href":"https:\/\/agoracivica.cat\/oc\/wp-json\/wp\/v2\/types\/page"}],"author":[{"embeddable":true,"href":"https:\/\/agoracivica.cat\/oc\/wp-json\/wp\/v2\/users\/3"}],"replies":[{"embeddable":true,"href":"https:\/\/agoracivica.cat\/oc\/wp-json\/wp\/v2\/comments?post=1464"}],"version-history":[{"count":5,"href":"https:\/\/agoracivica.cat\/oc\/wp-json\/wp\/v2\/pages\/1464\/revisions"}],"predecessor-version":[{"id":5923,"href":"https:\/\/agoracivica.cat\/oc\/wp-json\/wp\/v2\/pages\/1464\/revisions\/5923"}],"wp:attachment":[{"href":"https:\/\/agoracivica.cat\/oc\/wp-json\/wp\/v2\/media?parent=1464"}],"curies":[{"name":"wp","href":"https:\/\/api.w.org\/{rel}","templated":true}]}}