{"id":3278,"date":"2025-07-30T08:40:14","date_gmt":"2025-07-30T08:40:14","guid":{"rendered":"https:\/\/agoracivica.cat\/inscriu-te\/"},"modified":"2025-08-08T08:31:48","modified_gmt":"2025-08-08T08:31:48","slug":"inscriu-te","status":"publish","type":"page","link":"https:\/\/agoracivica.cat\/oc\/inscriu-te\/","title":{"rendered":"Inscriu-te"},"content":{"rendered":"<p>[et_pb_section fb_built=&#8221;1&#8243; module_class=&#8221;bg_video_centrado fons_blau &#8221; _builder_version=&#8221;4.27.4&#8243; _module_preset=&#8221;default&#8221; background_color=&#8221;#102271&#8243; background_video_mp4=&#8221;https:\/\/agoracivica.cat\/wp-content\/uploads\/2025\/06\/dance.mp4&#8243; locked=&#8221;off&#8221; global_colors_info=&#8221;{}&#8221;][et_pb_row use_custom_gutter=&#8221;on&#8221; gutter_width=&#8221;2&#8243; make_equal=&#8221;on&#8221; module_class=&#8221;align-bottom&#8221; _builder_version=&#8221;4.27.4&#8243; _module_preset=&#8221;default&#8221; global_colors_info=&#8221;{}&#8221;][et_pb_column type=&#8221;4_4&#8243; _builder_version=&#8221;4.27.4&#8243; _module_preset=&#8221;default&#8221; global_colors_info=&#8221;{}&#8221;][et_pb_text module_class=&#8221;eix_tematics_title&#8221; _builder_version=&#8221;4.27.4&#8243; _module_preset=&#8221;default&#8221; header_text_align=&#8221;right&#8221; header_text_color=&#8221;#FDDCC2&#8243; header_font_size=&#8221;220px&#8221; header_line_height=&#8221;180px&#8221; header_2_text_align=&#8221;left&#8221; header_2_text_color=&#8221;#FDDCC2&#8243; header_2_font_size=&#8221;115px&#8221; header_2_line_height=&#8221;91.7px&#8221; header_2_font_size_tablet=&#8221;130px&#8221; header_2_font_size_phone=&#8221;74px&#8221; header_2_font_size_last_edited=&#8221;on|phone&#8221; header_2_line_height_tablet=&#8221;105px&#8221; header_2_line_height_phone=&#8221;59.2px&#8221; header_2_line_height_last_edited=&#8221;on|phone&#8221; global_colors_info=&#8221;{}&#8221;]<\/p>\n<h2 class=\"np nm\"><em>INSCRIU-TE<\/em><\/h2>\n<p>[\/et_pb_text][\/et_pb_column][\/et_pb_row][et_pb_row column_structure=&#8221;1_2,1_2&#8243; _builder_version=&#8221;4.27.4&#8243; _module_preset=&#8221;default&#8221; custom_margin=&#8221;270px||||false|false&#8221; custom_padding=&#8221;0px||||false|false&#8221; global_colors_info=&#8221;{}&#8221;][et_pb_column type=&#8221;1_2&#8243; _builder_version=&#8221;4.27.4&#8243; _module_preset=&#8221;default&#8221; global_colors_info=&#8221;{}&#8221;][et_pb_text admin_label=&#8221;Text&#8221; _builder_version=&#8221;4.27.4&#8243; _module_preset=&#8221;default&#8221; text_text_color=&#8221;#FDDCC2&#8243; text_letter_spacing=&#8221;0.3px&#8221; width=&#8221;90%&#8221; width_tablet=&#8221;90%&#8221; width_phone=&#8221;100%&#8221; width_last_edited=&#8221;on|phone&#8221; global_colors_info=&#8221;{}&#8221;]<\/p>\n<p>Vol\u00e8tz assistir a l\u2019Ag\u00f2ra Civica ? Rempliss\u00e8tz lo formulari e causiss\u00e8tz l\u2019interval orari que vos conven. L\u2019inscripcion permet d\u2019accedir a tota activitat programada dins l\u2019interval causit, fins a completar l\u2019aforament, levat las activitats amb inscripcion especifica indicadas sul sit web.  <\/p>\n<p>[\/et_pb_text][\/et_pb_column][et_pb_column type=&#8221;1_2&#8243; _builder_version=&#8221;4.27.4&#8243; _module_preset=&#8221;default&#8221; global_colors_info=&#8221;{}&#8221;][et_pb_code _builder_version=&#8221;4.27.4&#8243; _module_preset=&#8221;default&#8221; global_colors_info=&#8221;{}&#8221;]    <form id=\"aforament-form\" method=\"post\" class=\"wpcf7-form-control-wrap\">\n\n            <div class=\"flex\">\n                <input type=\"text\" name=\"name\" required placeholder=\"N\u00f2m\" \/>\n        \n                <input type=\"email\" name=\"email\" required placeholder=\"Corr\u00e8u electronic\" >\n            <\/div>\n\n            <div class=\"flex\">\n                <input type=\"text\" name=\"entitat\" required placeholder=\"Pa\u00eds d\u2019origina\" \/>\n                <input type=\"text\" name=\"pais\" required placeholder=\"Pa\u00eds d\u2019origina\" >\n            <\/div>\n\n            <div class=\"flex date_time_holder\">\n                <select name=\"date_inscription[]\" id=\"fecha-select\" required>\n                    <option value=\"\">Seleccione ua data<\/option>\n                                            <option value=\"26\/09\/2025\">26\/09\/2025<\/option>\n                                            <option value=\"27\/09\/2025\">27\/09\/2025<\/option>\n                                            <option value=\"29\/09\/2025\">29\/09\/2025<\/option>\n                                            <option value=\"30\/09\/2025\">30\/09\/2025<\/option>\n                                            <option value=\"01\/10\/2025\">01\/10\/2025<\/option>\n                                    <\/select>\n        \n                <div class=\"flex\">\n                <select name=\"time_inscription[]\" id=\"franja-select\" required>\n                    <option value=\"\">Franja hor\u00e0ria <\/option>\n                    <option value=\"0\">Maitin<\/option>\n                    <option value=\"1\">Tarde<\/option>\n                <\/select>\n                        <div class=\"minus\">-<\/div>\n                        <div class=\"plus\">+<\/div>\n                        \n                <\/div>\n\n            <\/div>\n        \n            <span class=\"wpcf7-form-control-wrap block width\" data-name=\"grpd\">\n                <span class=\"wpcf7-form-control wpcf7-acceptance\">\n                    <span class=\"wpcf7-list-item\">\n                        <label><input type=\"checkbox\" name=\"grpd\" value=\"1\" required aria-invalid=\"false\">\n                        <span class=\"wpcf7-list-item-label\">\n                \n                            Declari que s\u00f2 informat\/a deth contengut dera informacion <a href=\"https:\/\/cultura.gencat.cat\/web\/.content\/02-DEPARTAMENT\/08-proteccio-dades\/documents\/2025\/Activitats-de-promocio-difusio-i-informacio.pdf\" target=\"_blank\">d'emparament de donades<\/a>.\n                        <\/span>\n                        <\/label>\n                    <\/span>\n                <\/span>\n            <\/span>\n            <\/span>\n\n        <input type=\"hidden\" name=\"url\" value=\"https:\/\/agoracivica.cat\/oc\/inscriu-te\/\">\n        <button class=\"wpcf7-form-control wpcf7-submit has-spinner et_pb_button et_pb_bg_layout_light\" type=\"submit\">Inscriuer-se<\/button>\n\n        <div id=\"aforament-response\"><\/div>\n\n        <div class=\"grpd_formulari\"><p><strong>Informacion de basa sus la proteccion de donadas<\/strong><strong><br \/>\n<\/strong><\/p>\n<ul>\n<li>Identificacion del tractament : \u00ab ACTIVITATS DE PROMOCION, DIFUSION O INFORMACION \u00bb<\/li>\n<li>Responsable del tractament : Departament de Cultura a trav\u00e8rs de la Secretaria Generala.<\/li>\n<li>Fin del tractament : Gestionar e difondre las accions de difusion e d\u2019informacion ext\u00e8rna del Departament pels diferents mejans disponibles, telematics o presencials.<\/li>\n<li>Legitimacion : Consentiment de la persona interessada.<\/li>\n<li>Destinataris : Las donadas se poir\u00e0n comunicar a d\u2019autras administracions publicas competentas en la mat\u00e8ria.<\/li>\n<li>Dreches de las personas interessadas : Av\u00e8tz lo drech d\u2019accedir, rectificar e suprimir las donadas, atal coma d\u2019autres dreches, coma s\u2019explica dins l\u2019informacion addicionala.<\/li>\n<li>Informacion addicionala : Per ne saber mai e con\u00e9isser los detalhs del tractament de donadas pod\u00e8tz consultar lo site web del Departament de Cultura. <a href=\"https:\/\/cultura.gencat.cat\/oc\/departament\/proteccio-dades\/index.html\">Proteccion de donades. Departament de Cultura<\/a><\/li>\n<\/ul>\n<\/div>\n    <\/form>\n    [\/et_pb_code][\/et_pb_column][\/et_pb_row][\/et_pb_section]<\/p>\n","protected":false},"excerpt":{"rendered":"<p>INSCRIU-TEVol\u00e8tz assistir a l\u2019Ag\u00f2ra Civica ? Rempliss\u00e8tz lo formulari e causiss\u00e8tz l\u2019interval orari que vos conven. L\u2019inscripcion permet d\u2019accedir a tota activitat programada dins l\u2019interval causit, fins a completar l\u2019aforament, levat las activitats amb inscripcion especifica indicadas sul sit web.     <form id=\"aforament-form\" method=\"post\" class=\"wpcf7-form-control-wrap\">\n\n            <div class=\"flex\">\n                <input type=\"text\" name=\"name\" required placeholder=\"N\u00f2m\" \/>\n        \n                <input type=\"email\" name=\"email\" required placeholder=\"Corr\u00e8u electronic\" >\n            <\/div>\n\n            <div class=\"flex\">\n                <input type=\"text\" name=\"entitat\" required placeholder=\"Pa\u00eds d\u2019origina\" \/>\n                <input type=\"text\" name=\"pais\" required placeholder=\"Pa\u00eds d\u2019origina\" >\n            <\/div>\n\n            <div class=\"flex date_time_holder\">\n                <select name=\"date_inscription[]\" id=\"fecha-select\" required>\n                    <option value=\"\">Seleccione ua data<\/option>\n                                            <option value=\"26\/09\/2025\">26\/09\/2025<\/option>\n                                            <option value=\"27\/09\/2025\">27\/09\/2025<\/option>\n                                            <option value=\"29\/09\/2025\">29\/09\/2025<\/option>\n                                            <option value=\"30\/09\/2025\">30\/09\/2025<\/option>\n                                            <option value=\"01\/10\/2025\">01\/10\/2025<\/option>\n                                    <\/select>\n        \n                <div class=\"flex\">\n                <select name=\"time_inscription[]\" id=\"franja-select\" required>\n                    <option value=\"\">Franja hor\u00e0ria <\/option>\n                    <option value=\"0\">Maitin<\/option>\n                    <option value=\"1\">Tarde<\/option>\n                <\/select>\n                        <div class=\"minus\">-<\/div>\n                        <div class=\"plus\">+<\/div>\n                        \n                <\/div>\n\n            <\/div>\n        \n            <span class=\"wpcf7-form-control-wrap block width\" data-name=\"grpd\">\n                <span class=\"wpcf7-form-control wpcf7-acceptance\">\n                    <span class=\"wpcf7-list-item\">\n                        <label><input type=\"checkbox\" name=\"grpd\" value=\"1\" required aria-invalid=\"false\">\n                        <span class=\"wpcf7-list-item-label\">\n                \n                            Declari que s\u00f2 informat\/a deth contengut dera informacion <a href=\"https:\/\/cultura.gencat.cat\/web\/.content\/02-DEPARTAMENT\/08-proteccio-dades\/documents\/2025\/Activitats-de-promocio-difusio-i-informacio.pdf\" target=\"_blank\">d'emparament de donades<\/a>.\n                        <\/span>\n                        <\/label>\n                    <\/span>\n                <\/span>\n            <\/span>\n            <\/span>\n\n        <input type=\"hidden\" name=\"url\" value=\"https:\/\/agoracivica.cat\/oc\/inscriu-te\/\">\n        <button class=\"wpcf7-form-control wpcf7-submit has-spinner et_pb_button et_pb_bg_layout_light\" type=\"submit\">Inscriuer-se<\/button>\n\n        <div id=\"aforament-response\"><\/div>\n\n        <div class=\"grpd_formulari\"><p><strong>Informacion de basa sus la proteccion de donadas<\/strong><strong><br \/>\n<\/strong><\/p>\n<ul>\n<li>Identificacion del tractament : \u00ab ACTIVITATS DE PROMOCION, DIFUSION O INFORMACION \u00bb<\/li>\n<li>Responsable del tractament : Departament de Cultura a trav\u00e8rs de la Secretaria Generala.<\/li>\n<li>Fin del tractament : Gestionar e difondre las accions de difusion e d\u2019informacion ext\u00e8rna del Departament pels diferents mejans disponibles, telematics o presencials.<\/li>\n<li>Legitimacion : Consentiment de la persona interessada.<\/li>\n<li>Destinataris : Las donadas se poir\u00e0n comunicar a d\u2019autras administracions publicas competentas en la mat\u00e8ria.<\/li>\n<li>Dreches de las personas interessadas : Av\u00e8tz lo drech d\u2019accedir, rectificar e suprimir las donadas, atal coma d\u2019autres dreches, coma s\u2019explica dins l\u2019informacion addicionala.<\/li>\n<li>Informacion addicionala : Per ne saber mai e con\u00e9isser los detalhs del tractament de donadas pod\u00e8tz consultar lo site web del Departament de Cultura. <a href=\"https:\/\/cultura.gencat.cat\/oc\/departament\/proteccio-dades\/index.html\">Proteccion de donades. Departament de Cultura<\/a><\/li>\n<\/ul>\n<\/div>\n    <\/form>\n    <\/p>\n","protected":false},"author":3,"featured_media":0,"parent":0,"menu_order":0,"comment_status":"closed","ping_status":"closed","template":"","meta":{"_acf_changed":false,"_et_pb_use_builder":"on","_et_pb_old_content":"","_et_gb_content_width":"","footnotes":""},"class_list":["post-3278","page","type-page","status-publish","hentry"],"acf":[],"yoast_head":"<!-- This site is optimized with the Yoast SEO plugin v26.0 - https:\/\/yoast.com\/wordpress\/plugins\/seo\/ -->\n<title>Inscriu-te - \u00c0gora C\u00edvica<\/title>\n<meta name=\"robots\" content=\"index, follow, max-snippet:-1, max-image-preview:large, max-video-preview:-1\" \/>\n<link rel=\"canonical\" href=\"https:\/\/agoracivica.cat\/oc\/inscriu-te\/\" \/>\n<meta property=\"og:locale\" content=\"en_US\" \/>\n<meta property=\"og:type\" content=\"article\" \/>\n<meta property=\"og:title\" content=\"Inscriu-te - \u00c0gora C\u00edvica\" \/>\n<meta property=\"og:description\" content=\"INSCRIU-TEVol\u00e8tz assistir a l\u2019Ag\u00f2ra Civica ? Rempliss\u00e8tz lo formulari e causiss\u00e8tz l\u2019interval orari que vos conven. L\u2019inscripcion permet d\u2019accedir a tota activitat programada dins l\u2019interval causit, fins a completar l\u2019aforament, levat las activitats amb inscripcion especifica indicadas sul sit web.\" \/>\n<meta property=\"og:url\" content=\"https:\/\/agoracivica.cat\/oc\/inscriu-te\/\" \/>\n<meta property=\"og:site_name\" content=\"\u00c0gora C\u00edvica\" \/>\n<meta property=\"article:modified_time\" content=\"2025-08-08T08:31:48+00:00\" \/>\n<meta name=\"twitter:card\" content=\"summary_large_image\" \/>\n<meta name=\"twitter:label1\" content=\"Est. reading time\" \/>\n\t<meta name=\"twitter:data1\" content=\"2 minutes\" \/>\n<script type=\"application\/ld+json\" class=\"yoast-schema-graph\">{\"@context\":\"https:\/\/schema.org\",\"@graph\":[{\"@type\":\"WebPage\",\"@id\":\"https:\/\/agoracivica.cat\/oc\/inscriu-te\/\",\"url\":\"https:\/\/agoracivica.cat\/oc\/inscriu-te\/\",\"name\":\"Inscriu-te - \u00c0gora C\u00edvica\",\"isPartOf\":{\"@id\":\"https:\/\/agoracivica.cat\/#website\"},\"datePublished\":\"2025-07-30T08:40:14+00:00\",\"dateModified\":\"2025-08-08T08:31:48+00:00\",\"breadcrumb\":{\"@id\":\"https:\/\/agoracivica.cat\/oc\/inscriu-te\/#breadcrumb\"},\"inLanguage\":\"oc\",\"potentialAction\":[{\"@type\":\"ReadAction\",\"target\":[\"https:\/\/agoracivica.cat\/oc\/inscriu-te\/\"]}]},{\"@type\":\"BreadcrumbList\",\"@id\":\"https:\/\/agoracivica.cat\/oc\/inscriu-te\/#breadcrumb\",\"itemListElement\":[{\"@type\":\"ListItem\",\"position\":1,\"name\":\"Inici\",\"item\":\"https:\/\/agoracivica.cat\/\"},{\"@type\":\"ListItem\",\"position\":2,\"name\":\"Inscriu-te\"}]},{\"@type\":\"WebSite\",\"@id\":\"https:\/\/agoracivica.cat\/#website\",\"url\":\"https:\/\/agoracivica.cat\/\",\"name\":\"\u00c0gora C\u00edvica\",\"description\":\"Programa d&#039;activitats\",\"publisher\":{\"@id\":\"https:\/\/agoracivica.cat\/#organization\"},\"potentialAction\":[{\"@type\":\"SearchAction\",\"target\":{\"@type\":\"EntryPoint\",\"urlTemplate\":\"https:\/\/agoracivica.cat\/?s={search_term_string}\"},\"query-input\":{\"@type\":\"PropertyValueSpecification\",\"valueRequired\":true,\"valueName\":\"search_term_string\"}}],\"inLanguage\":\"oc\"},{\"@type\":\"Organization\",\"@id\":\"https:\/\/agoracivica.cat\/#organization\",\"name\":\"\u00c0gora C\u00edvica\",\"url\":\"https:\/\/agoracivica.cat\/\",\"logo\":{\"@type\":\"ImageObject\",\"inLanguage\":\"oc\",\"@id\":\"https:\/\/agoracivica.cat\/#\/schema\/logo\/image\/\",\"url\":\"https:\/\/agoracivica.cat\/wp-content\/uploads\/2025\/05\/Grupo-51.svg\",\"contentUrl\":\"https:\/\/agoracivica.cat\/wp-content\/uploads\/2025\/05\/Grupo-51.svg\",\"width\":1,\"height\":1,\"caption\":\"\u00c0gora C\u00edvica\"},\"image\":{\"@id\":\"https:\/\/agoracivica.cat\/#\/schema\/logo\/image\/\"}}]}<\/script>\n<!-- \/ Yoast SEO plugin. -->","yoast_head_json":{"title":"Inscriu-te - \u00c0gora C\u00edvica","robots":{"index":"index","follow":"follow","max-snippet":"max-snippet:-1","max-image-preview":"max-image-preview:large","max-video-preview":"max-video-preview:-1"},"canonical":"https:\/\/agoracivica.cat\/oc\/inscriu-te\/","og_locale":"en_US","og_type":"article","og_title":"Inscriu-te - \u00c0gora C\u00edvica","og_description":"INSCRIU-TEVol\u00e8tz assistir a l\u2019Ag\u00f2ra Civica ? Rempliss\u00e8tz lo formulari e causiss\u00e8tz l\u2019interval orari que vos conven. L\u2019inscripcion permet d\u2019accedir a tota activitat programada dins l\u2019interval causit, fins a completar l\u2019aforament, levat las activitats amb inscripcion especifica indicadas sul sit web.","og_url":"https:\/\/agoracivica.cat\/oc\/inscriu-te\/","og_site_name":"\u00c0gora C\u00edvica","article_modified_time":"2025-08-08T08:31:48+00:00","twitter_card":"summary_large_image","twitter_misc":{"Est. reading time":"2 minutes"},"schema":{"@context":"https:\/\/schema.org","@graph":[{"@type":"WebPage","@id":"https:\/\/agoracivica.cat\/oc\/inscriu-te\/","url":"https:\/\/agoracivica.cat\/oc\/inscriu-te\/","name":"Inscriu-te - \u00c0gora C\u00edvica","isPartOf":{"@id":"https:\/\/agoracivica.cat\/#website"},"datePublished":"2025-07-30T08:40:14+00:00","dateModified":"2025-08-08T08:31:48+00:00","breadcrumb":{"@id":"https:\/\/agoracivica.cat\/oc\/inscriu-te\/#breadcrumb"},"inLanguage":"oc","potentialAction":[{"@type":"ReadAction","target":["https:\/\/agoracivica.cat\/oc\/inscriu-te\/"]}]},{"@type":"BreadcrumbList","@id":"https:\/\/agoracivica.cat\/oc\/inscriu-te\/#breadcrumb","itemListElement":[{"@type":"ListItem","position":1,"name":"Inici","item":"https:\/\/agoracivica.cat\/"},{"@type":"ListItem","position":2,"name":"Inscriu-te"}]},{"@type":"WebSite","@id":"https:\/\/agoracivica.cat\/#website","url":"https:\/\/agoracivica.cat\/","name":"\u00c0gora C\u00edvica","description":"Programa d&#039;activitats","publisher":{"@id":"https:\/\/agoracivica.cat\/#organization"},"potentialAction":[{"@type":"SearchAction","target":{"@type":"EntryPoint","urlTemplate":"https:\/\/agoracivica.cat\/?s={search_term_string}"},"query-input":{"@type":"PropertyValueSpecification","valueRequired":true,"valueName":"search_term_string"}}],"inLanguage":"oc"},{"@type":"Organization","@id":"https:\/\/agoracivica.cat\/#organization","name":"\u00c0gora C\u00edvica","url":"https:\/\/agoracivica.cat\/","logo":{"@type":"ImageObject","inLanguage":"oc","@id":"https:\/\/agoracivica.cat\/#\/schema\/logo\/image\/","url":"https:\/\/agoracivica.cat\/wp-content\/uploads\/2025\/05\/Grupo-51.svg","contentUrl":"https:\/\/agoracivica.cat\/wp-content\/uploads\/2025\/05\/Grupo-51.svg","width":1,"height":1,"caption":"\u00c0gora C\u00edvica"},"image":{"@id":"https:\/\/agoracivica.cat\/#\/schema\/logo\/image\/"}}]}},"_links":{"self":[{"href":"https:\/\/agoracivica.cat\/oc\/wp-json\/wp\/v2\/pages\/3278","targetHints":{"allow":["GET"]}}],"collection":[{"href":"https:\/\/agoracivica.cat\/oc\/wp-json\/wp\/v2\/pages"}],"about":[{"href":"https:\/\/agoracivica.cat\/oc\/wp-json\/wp\/v2\/types\/page"}],"author":[{"embeddable":true,"href":"https:\/\/agoracivica.cat\/oc\/wp-json\/wp\/v2\/users\/3"}],"replies":[{"embeddable":true,"href":"https:\/\/agoracivica.cat\/oc\/wp-json\/wp\/v2\/comments?post=3278"}],"version-history":[{"count":2,"href":"https:\/\/agoracivica.cat\/oc\/wp-json\/wp\/v2\/pages\/3278\/revisions"}],"predecessor-version":[{"id":3280,"href":"https:\/\/agoracivica.cat\/oc\/wp-json\/wp\/v2\/pages\/3278\/revisions\/3280"}],"wp:attachment":[{"href":"https:\/\/agoracivica.cat\/oc\/wp-json\/wp\/v2\/media?parent=3278"}],"curies":[{"name":"wp","href":"https:\/\/api.w.org\/{rel}","templated":true}]}}