{"id":980,"date":"2025-06-12T08:41:49","date_gmt":"2025-06-12T08:41:49","guid":{"rendered":"https:\/\/agoracivica.cat\/avis-legal\/"},"modified":"2025-06-12T10:36:32","modified_gmt":"2025-06-12T10:36:32","slug":"avis-legal","status":"publish","type":"page","link":"https:\/\/agoracivica.cat\/oc\/avis-legal\/","title":{"rendered":"Avertiment legau"},"content":{"rendered":"<p>[et_pb_section fb_built=&#8221;1&#8243; custom_padding_last_edited=&#8221;on|phone&#8221; _builder_version=&#8221;4.27.4&#8243; _module_preset=&#8221;default&#8221; background_color=&#8221;#abdbfc&#8221; background_enable_image=&#8221;off&#8221; background_size=&#8221;custom&#8221; background_image_width=&#8221;54%&#8221; background_position=&#8221;top_right&#8221; background_horizontal_offset=&#8221;-28%&#8221; background_vertical_offset=&#8221;-100%&#8221; custom_padding=&#8221;0px|35px||35px|false|true&#8221; custom_padding_tablet=&#8221;|35px||35px|false|true&#8221; custom_padding_phone=&#8221;|20px||20px|false|true&#8221; global_colors_info=&#8221;{}&#8221;][et_pb_row column_structure=&#8221;1_2,1_2&#8243; custom_padding_last_edited=&#8221;on|phone&#8221; _builder_version=&#8221;4.27.4&#8243; _module_preset=&#8221;default&#8221; module_alignment=&#8221;center&#8221; custom_margin=&#8221;0px||0px||false|false&#8221; custom_padding=&#8221;0px|35px||0px|false|false&#8221; custom_padding_tablet=&#8221;0px|48px||48px|false|false&#8221; custom_padding_phone=&#8221;0px|10px||10px|false|true&#8221; global_colors_info=&#8221;{}&#8221;][et_pb_column type=&#8221;1_2&#8243; _builder_version=&#8221;4.27.4&#8243; _module_preset=&#8221;default&#8221; custom_padding=&#8221;0px||||false|false&#8221; global_colors_info=&#8221;{}&#8221;][\/et_pb_column][et_pb_column type=&#8221;1_2&#8243; _builder_version=&#8221;4.27.4&#8243; _module_preset=&#8221;default&#8221; global_colors_info=&#8221;{}&#8221;][\/et_pb_column][\/et_pb_row][et_pb_row use_custom_gutter=&#8221;on&#8221; gutter_width=&#8221;2&#8243; make_equal=&#8221;on&#8221; custom_padding_last_edited=&#8221;on|phone&#8221; module_class=&#8221;align-bottom&#8221; _builder_version=&#8221;4.27.4&#8243; _module_preset=&#8221;default&#8221; custom_padding=&#8221;6em||||false|false&#8221; custom_padding_tablet=&#8221;6em||||false|false&#8221; custom_padding_phone=&#8221;0em||0px||false|false&#8221; global_colors_info=&#8221;{}&#8221;][et_pb_column type=&#8221;4_4&#8243; _builder_version=&#8221;4.27.4&#8243; _module_preset=&#8221;default&#8221; global_colors_info=&#8221;{}&#8221;][et_pb_text module_class=&#8221;eix_tematics_title&#8221; _builder_version=&#8221;4.27.4&#8243; _module_preset=&#8221;default&#8221; header_text_align=&#8221;right&#8221; header_font_size=&#8221;220px&#8221; header_line_height=&#8221;180px&#8221; header_2_text_align=&#8221;left&#8221; header_2_font_size=&#8221;115px&#8221; header_2_line_height=&#8221;91.7px&#8221; header_2_font_size_tablet=&#8221;130px&#8221; header_2_font_size_phone=&#8221;74px&#8221; header_2_font_size_last_edited=&#8221;on|phone&#8221; header_2_line_height_tablet=&#8221;105px&#8221; header_2_line_height_phone=&#8221;59.2px&#8221; header_2_line_height_last_edited=&#8221;on|phone&#8221; global_colors_info=&#8221;{}&#8221;]<\/p>\n<h2 class=\"np nm\">AVERTIMENT<\/h2>\n<h2 class=\"np nm\"><em>LEGAU<\/em><\/h2>\n<p>[\/et_pb_text][\/et_pb_column][\/et_pb_row][et_pb_row use_custom_gutter=&#8221;on&#8221; gutter_width=&#8221;2&#8243; make_equal=&#8221;on&#8221; module_class=&#8221;align-bottom&#8221; _builder_version=&#8221;4.27.4&#8243; _module_preset=&#8221;default&#8221; global_colors_info=&#8221;{}&#8221;][et_pb_column type=&#8221;4_4&#8243; _builder_version=&#8221;4.27.4&#8243; _module_preset=&#8221;default&#8221; global_colors_info=&#8221;{}&#8221;][et_pb_text module_class=&#8221;col_2&#8243; _builder_version=&#8221;4.27.4&#8243; _module_preset=&#8221;default&#8221; animation_style=&#8221;fade&#8221; text_font_size_tablet=&#8221;&#8221; text_font_size_phone=&#8221;18px&#8221; text_font_size_last_edited=&#8221;on|phone&#8221; text_line_height_tablet=&#8221;&#8221; text_line_height_phone=&#8221;22px&#8221; text_line_height_last_edited=&#8221;on|desktop&#8221; custom_css_main_element=&#8221;||  &#8221; global_colors_info=&#8221;{}&#8221;]<\/p>\n<p><span>Aguest web ei frut d\u2019ua iniciativa conjunta dera Generalitat de Catalonha, er Ajuntament de Barcelona, era Deputacion de Barcelona e eth Ministerio de Cultura. Era Generalitat de Catalonha n\u2019ei eth proprietari e responsable. Se permet era reutilizacion deth contengut d\u2019aguest web e des donades ent\u00e0 tot eth mon e sense cap s\u00f2rta de limitacion temporau ne restriccion, enes t\u00e8rmes establidi pera Lic\u00e9ncia dub\u00e8rta d\u2019usatge d\u2019informacion \u2013 Catalonha o per equivalent instrument legau CC0 de Creative Commons, d\u2019ac\u00f2rd damb es condicions e regim establit en article 17.1 dera Lei 19\/2014, de 29 de deseme, de transpar\u00e9ncia, acc\u00e8s ara informacion publica e bon gov\u00e8rn e ath del\u00e0 des condicions basiques establides en article 8 dera Lei 37\/2007 sus era reutilizacion dera informacion deth sector public (citacion dera h\u00f2nt, non alteracion ne desnaturacion dera informacion e especificacion dera data de darr\u00e8ra actualizacion), e cada viatge que non se contradigue damb era lic\u00e9ncia o avertiment que pogue auer ua \u00f2bra e qu\u2019ei era que prevau.  <\/span><\/p>\n<p><span>Aguest web a dessenh responsiu e ei usable e accessible ent\u00e0 garentir er acc\u00e8s a totes es persones que les consulten independentament des sues capacitats, fisiques, sensoriaus o intellectuaus e tanben deth dispositiu qu\u2019utilizen ent\u00e0 connectar-s\u2019i.<\/span><\/p>\n<p>[\/et_pb_text][\/et_pb_column][\/et_pb_row][et_pb_row use_custom_gutter=&#8221;on&#8221; gutter_width=&#8221;2&#8243; make_equal=&#8221;on&#8221; _builder_version=&#8221;4.27.4&#8243; _module_preset=&#8221;default&#8221; global_colors_info=&#8221;{}&#8221;][et_pb_column type=&#8221;4_4&#8243; _builder_version=&#8221;4.27.4&#8243; _module_preset=&#8221;default&#8221; global_colors_info=&#8221;{}&#8221;][et_pb_toggle title=&#8221;M\u00e8s informacion&#8221; open_toggle_text_color=&#8221;#102271&#8243; icon_color=&#8221;#102271&#8243; toggle_icon=&#8221;&#x4c;||divi||400&#8243; use_icon_font_size=&#8221;on&#8221; icon_font_size=&#8221;42px&#8221; open_icon_color=&#8221;#102271&#8243; open_toggle_icon=&#8221;&#x4d;||divi||400&#8243; open_use_icon_font_size=&#8221;on&#8221; open_icon_font_size=&#8221;42px&#8221; module_class=&#8221; eixos_tematics&#8221; _builder_version=&#8221;4.27.4&#8243; _module_preset=&#8221;default&#8221; title_text_color=&#8221;#102271&#8243; title_level=&#8221;h3&#8243; title_font_size=&#8221;60px&#8221; body_font_size=&#8221;26px&#8221; body_line_height=&#8221;36px&#8221; body_link_text_color=&#8221;#102271&#8243; background_color=&#8221;rgba(16,34,113,0.1)&#8221; custom_margin=&#8221;||||false|false&#8221; custom_padding=&#8221;24px|24px|24px|24px|false|true&#8221; hover_transition_duration=&#8221;50ms&#8221; title_font_size_tablet=&#8221;60px&#8221; title_font_size_phone=&#8221;30px&#8221; title_font_size_last_edited=&#8221;on|phone&#8221; body_font_size_tablet=&#8221;26px&#8221; body_font_size_phone=&#8221;16px&#8221; body_font_size_last_edited=&#8221;on|phone&#8221; body_line_height_tablet=&#8221;36px&#8221; body_line_height_phone=&#8221;22px&#8221; body_line_height_last_edited=&#8221;on|phone&#8221; custom_css_main_element=&#8221;||&#8221; border_radii=&#8221;on|10px|10px|10px|10px&#8221; border_width_all=&#8221;0px&#8221; global_colors_info=&#8221;{}&#8221;]<\/p>\n<p><span>CC0 de Creative Commons (<a href=\"https:\/\/creativecommons.org\/publicdomain\/zero\/1.0\/deed.ca\"><span style=\"text-decoration: underline;\">https:\/\/creativecommons.org\/publicdomain\/zero\/1.0\/deed.ca<\/span><\/a>)<\/span><\/p>\n<p><span>Lei 37\/2007, de 16 de noveme (<a href=\"https:\/\/www.boe.es\/buscar\/act.php?id=BOE-A-2007-19814\"><span style=\"text-decoration: underline;\">https:\/\/www.boe.es\/buscar\/act.php?id=BOE-A-2007-19814<\/span><\/a>)<\/span><\/p>\n<p><span>sus reutilizacion dera informacion deth sector public.<\/span><\/p>\n<p><strong><span>Modalitats de reutilizacion dera informacion <\/span><\/strong><\/p>\n<p><span>Era reutilizacion dera informacion publica ei liura e non ei subj\u00e8cta a restriccions, lheuat des supausats enes quaus, per via reglament\u00e0ria, se somete ara obtencion d\u2019ua lic\u00e9ncia especifica, per arrason dera tut\u00e8la d\u2019auti drets o bens juridics, o ara sollicitacion prealabla der interessat. Alavetz, d\u2019ac\u00f2rd damb era normativa en vigor, se permet era reproduccion, era distribucion e era comunicacion publica dera \u00f2bra e, ath del\u00e0, era transformacion dera \u00f2bra ent\u00e0 h\u00e8r-ne \u00f2bres derivades, ent\u00e0 tot eth mon e sense cap limitacion temporau, enes t\u00e8rmes establidi pera Lic\u00e9ncia dub\u00e8rta d\u2019usatge d\u2019informacion \u2013 Catalonha o per equivalent instrument legau CC0 de Creative Commons, e que non se contradigue damb era lic\u00e9ncia o avertiment que pogue auer ua \u00f2bra e qu\u2019ei era que prevau. <\/span><\/p>\n<p><span>Ent\u00e0 reutilizar era informacion, cau seguir es condicions seg\u00fcentes:<\/span><\/p>\n<ul>\n<li><span>Non desnaturar eth sens dera informacion.<\/span><\/li>\n<li><span>Citar sempre la font de la informaci\u00f3.<\/span><\/li>\n<li><span>Citar tostemp era h\u00f2nt dera informacion.<\/span><\/li>\n<\/ul>\n<p><span>Cau mencionar tostemp era h\u00f2nt: web d\u2019Ag\u00f2ra Civica.<\/span><\/p>\n<p>[\/et_pb_toggle][\/et_pb_column][\/et_pb_row][\/et_pb_section]<\/p>\n","protected":false},"excerpt":{"rendered":"<p>AVERTIMENT LEGAUAguest web ei frut d\u2019ua iniciativa conjunta dera Generalitat de Catalonha, er Ajuntament de Barcelona, era Deputacion de Barcelona e eth Ministerio de Cultura. Era Generalitat de Catalonha n\u2019ei eth proprietari e responsable. Se permet era reutilizacion deth contengut d\u2019aguest web e des donades ent\u00e0 tot eth mon e sense cap s\u00f2rta de limitacion [&hellip;]<\/p>\n","protected":false},"author":3,"featured_media":0,"parent":0,"menu_order":0,"comment_status":"closed","ping_status":"closed","template":"","meta":{"_acf_changed":false,"_et_pb_use_builder":"on","_et_pb_old_content":"","_et_gb_content_width":"","footnotes":""},"class_list":["post-980","page","type-page","status-publish","hentry"],"acf":[],"yoast_head":"<!-- This site is optimized with the Yoast SEO plugin v26.0 - https:\/\/yoast.com\/wordpress\/plugins\/seo\/ -->\n<title>Avertiment legau - \u00c0gora C\u00edvica<\/title>\n<meta name=\"robots\" content=\"index, follow, max-snippet:-1, max-image-preview:large, max-video-preview:-1\" \/>\n<link rel=\"canonical\" href=\"https:\/\/agoracivica.cat\/avis-legal\/\" \/>\n<meta property=\"og:locale\" content=\"en_US\" \/>\n<meta property=\"og:type\" content=\"article\" \/>\n<meta property=\"og:title\" content=\"Avertiment legau - \u00c0gora C\u00edvica\" \/>\n<meta property=\"og:description\" content=\"AVERTIMENT LEGAUAguest web ei frut d\u2019ua iniciativa conjunta dera Generalitat de Catalonha, er Ajuntament de Barcelona, era Deputacion de Barcelona e eth Ministerio de Cultura. Era Generalitat de Catalonha n\u2019ei eth proprietari e responsable. Se permet era reutilizacion deth contengut d\u2019aguest web e des donades ent\u00e0 tot eth mon e sense cap s\u00f2rta de limitacion [&hellip;]\" \/>\n<meta property=\"og:url\" content=\"https:\/\/agoracivica.cat\/avis-legal\/\" \/>\n<meta property=\"og:site_name\" content=\"\u00c0gora C\u00edvica\" \/>\n<meta property=\"article:modified_time\" content=\"2025-06-12T10:36:32+00:00\" \/>\n<meta name=\"twitter:card\" content=\"summary_large_image\" \/>\n<meta name=\"twitter:label1\" content=\"Est. reading time\" \/>\n\t<meta name=\"twitter:data1\" content=\"5 minutes\" \/>\n<script type=\"application\/ld+json\" class=\"yoast-schema-graph\">{\"@context\":\"https:\/\/schema.org\",\"@graph\":[{\"@type\":\"WebPage\",\"@id\":\"https:\/\/agoracivica.cat\/avis-legal\/\",\"url\":\"https:\/\/agoracivica.cat\/avis-legal\/\",\"name\":\"Avertiment legau - \u00c0gora C\u00edvica\",\"isPartOf\":{\"@id\":\"https:\/\/agoracivica.cat\/#website\"},\"datePublished\":\"2025-06-12T08:41:49+00:00\",\"dateModified\":\"2025-06-12T10:36:32+00:00\",\"breadcrumb\":{\"@id\":\"https:\/\/agoracivica.cat\/avis-legal\/#breadcrumb\"},\"inLanguage\":\"oc\",\"potentialAction\":[{\"@type\":\"ReadAction\",\"target\":[\"https:\/\/agoracivica.cat\/avis-legal\/\"]}]},{\"@type\":\"BreadcrumbList\",\"@id\":\"https:\/\/agoracivica.cat\/avis-legal\/#breadcrumb\",\"itemListElement\":[{\"@type\":\"ListItem\",\"position\":1,\"name\":\"Inici\",\"item\":\"https:\/\/agoracivica.cat\/\"},{\"@type\":\"ListItem\",\"position\":2,\"name\":\"Avertiment legau\"}]},{\"@type\":\"WebSite\",\"@id\":\"https:\/\/agoracivica.cat\/#website\",\"url\":\"https:\/\/agoracivica.cat\/\",\"name\":\"\u00c0gora C\u00edvica\",\"description\":\"Programa d&#039;activitats\",\"publisher\":{\"@id\":\"https:\/\/agoracivica.cat\/#organization\"},\"potentialAction\":[{\"@type\":\"SearchAction\",\"target\":{\"@type\":\"EntryPoint\",\"urlTemplate\":\"https:\/\/agoracivica.cat\/?s={search_term_string}\"},\"query-input\":{\"@type\":\"PropertyValueSpecification\",\"valueRequired\":true,\"valueName\":\"search_term_string\"}}],\"inLanguage\":\"oc\"},{\"@type\":\"Organization\",\"@id\":\"https:\/\/agoracivica.cat\/#organization\",\"name\":\"\u00c0gora C\u00edvica\",\"url\":\"https:\/\/agoracivica.cat\/\",\"logo\":{\"@type\":\"ImageObject\",\"inLanguage\":\"oc\",\"@id\":\"https:\/\/agoracivica.cat\/#\/schema\/logo\/image\/\",\"url\":\"https:\/\/agoracivica.cat\/wp-content\/uploads\/2025\/05\/Grupo-51.svg\",\"contentUrl\":\"https:\/\/agoracivica.cat\/wp-content\/uploads\/2025\/05\/Grupo-51.svg\",\"width\":1,\"height\":1,\"caption\":\"\u00c0gora C\u00edvica\"},\"image\":{\"@id\":\"https:\/\/agoracivica.cat\/#\/schema\/logo\/image\/\"}}]}<\/script>\n<!-- \/ Yoast SEO plugin. -->","yoast_head_json":{"title":"Avertiment legau - \u00c0gora C\u00edvica","robots":{"index":"index","follow":"follow","max-snippet":"max-snippet:-1","max-image-preview":"max-image-preview:large","max-video-preview":"max-video-preview:-1"},"canonical":"https:\/\/agoracivica.cat\/avis-legal\/","og_locale":"en_US","og_type":"article","og_title":"Avertiment legau - \u00c0gora C\u00edvica","og_description":"AVERTIMENT LEGAUAguest web ei frut d\u2019ua iniciativa conjunta dera Generalitat de Catalonha, er Ajuntament de Barcelona, era Deputacion de Barcelona e eth Ministerio de Cultura. Era Generalitat de Catalonha n\u2019ei eth proprietari e responsable. Se permet era reutilizacion deth contengut d\u2019aguest web e des donades ent\u00e0 tot eth mon e sense cap s\u00f2rta de limitacion [&hellip;]","og_url":"https:\/\/agoracivica.cat\/avis-legal\/","og_site_name":"\u00c0gora C\u00edvica","article_modified_time":"2025-06-12T10:36:32+00:00","twitter_card":"summary_large_image","twitter_misc":{"Est. reading time":"5 minutes"},"schema":{"@context":"https:\/\/schema.org","@graph":[{"@type":"WebPage","@id":"https:\/\/agoracivica.cat\/avis-legal\/","url":"https:\/\/agoracivica.cat\/avis-legal\/","name":"Avertiment legau - \u00c0gora C\u00edvica","isPartOf":{"@id":"https:\/\/agoracivica.cat\/#website"},"datePublished":"2025-06-12T08:41:49+00:00","dateModified":"2025-06-12T10:36:32+00:00","breadcrumb":{"@id":"https:\/\/agoracivica.cat\/avis-legal\/#breadcrumb"},"inLanguage":"oc","potentialAction":[{"@type":"ReadAction","target":["https:\/\/agoracivica.cat\/avis-legal\/"]}]},{"@type":"BreadcrumbList","@id":"https:\/\/agoracivica.cat\/avis-legal\/#breadcrumb","itemListElement":[{"@type":"ListItem","position":1,"name":"Inici","item":"https:\/\/agoracivica.cat\/"},{"@type":"ListItem","position":2,"name":"Avertiment legau"}]},{"@type":"WebSite","@id":"https:\/\/agoracivica.cat\/#website","url":"https:\/\/agoracivica.cat\/","name":"\u00c0gora C\u00edvica","description":"Programa d&#039;activitats","publisher":{"@id":"https:\/\/agoracivica.cat\/#organization"},"potentialAction":[{"@type":"SearchAction","target":{"@type":"EntryPoint","urlTemplate":"https:\/\/agoracivica.cat\/?s={search_term_string}"},"query-input":{"@type":"PropertyValueSpecification","valueRequired":true,"valueName":"search_term_string"}}],"inLanguage":"oc"},{"@type":"Organization","@id":"https:\/\/agoracivica.cat\/#organization","name":"\u00c0gora C\u00edvica","url":"https:\/\/agoracivica.cat\/","logo":{"@type":"ImageObject","inLanguage":"oc","@id":"https:\/\/agoracivica.cat\/#\/schema\/logo\/image\/","url":"https:\/\/agoracivica.cat\/wp-content\/uploads\/2025\/05\/Grupo-51.svg","contentUrl":"https:\/\/agoracivica.cat\/wp-content\/uploads\/2025\/05\/Grupo-51.svg","width":1,"height":1,"caption":"\u00c0gora C\u00edvica"},"image":{"@id":"https:\/\/agoracivica.cat\/#\/schema\/logo\/image\/"}}]}},"_links":{"self":[{"href":"https:\/\/agoracivica.cat\/oc\/wp-json\/wp\/v2\/pages\/980","targetHints":{"allow":["GET"]}}],"collection":[{"href":"https:\/\/agoracivica.cat\/oc\/wp-json\/wp\/v2\/pages"}],"about":[{"href":"https:\/\/agoracivica.cat\/oc\/wp-json\/wp\/v2\/types\/page"}],"author":[{"embeddable":true,"href":"https:\/\/agoracivica.cat\/oc\/wp-json\/wp\/v2\/users\/3"}],"replies":[{"embeddable":true,"href":"https:\/\/agoracivica.cat\/oc\/wp-json\/wp\/v2\/comments?post=980"}],"version-history":[{"count":0,"href":"https:\/\/agoracivica.cat\/oc\/wp-json\/wp\/v2\/pages\/980\/revisions"}],"wp:attachment":[{"href":"https:\/\/agoracivica.cat\/oc\/wp-json\/wp\/v2\/media?parent=980"}],"curies":[{"name":"wp","href":"https:\/\/api.w.org\/{rel}","templated":true}]}}