{"id":997,"date":"2025-06-12T09:06:20","date_gmt":"2025-06-12T09:06:20","guid":{"rendered":"https:\/\/agoracivica.cat\/politica-de-privacitat\/"},"modified":"2025-07-03T15:54:41","modified_gmt":"2025-07-03T15:54:41","slug":"politica-de-privacitat","status":"publish","type":"page","link":"https:\/\/agoracivica.cat\/oc\/politica-de-privacitat\/","title":{"rendered":"Politiques de privacitat"},"content":{"rendered":"<p>[et_pb_section fb_built=&#8221;1&#8243; custom_padding_last_edited=&#8221;on|phone&#8221; _builder_version=&#8221;4.27.4&#8243; _module_preset=&#8221;default&#8221; background_color=&#8221;#FDDCC2&#8243; background_enable_image=&#8221;off&#8221; background_size=&#8221;custom&#8221; background_image_width=&#8221;54%&#8221; background_position=&#8221;top_right&#8221; background_horizontal_offset=&#8221;-28%&#8221; background_vertical_offset=&#8221;-100%&#8221; custom_padding=&#8221;0px|35px||35px|false|true&#8221; custom_padding_tablet=&#8221;|35px||35px|false|true&#8221; custom_padding_phone=&#8221;|20px||20px|false|true&#8221; global_colors_info=&#8221;{}&#8221;][et_pb_row column_structure=&#8221;1_2,1_2&#8243; custom_padding_last_edited=&#8221;on|phone&#8221; _builder_version=&#8221;4.27.4&#8243; _module_preset=&#8221;default&#8221; module_alignment=&#8221;center&#8221; custom_margin=&#8221;0px||0px||false|false&#8221; custom_padding=&#8221;0px|35px||0px|false|false&#8221; custom_padding_tablet=&#8221;0px|48px||48px|false|false&#8221; custom_padding_phone=&#8221;0px|10px||0px|false|false&#8221; global_colors_info=&#8221;{}&#8221;][et_pb_column type=&#8221;1_2&#8243; _builder_version=&#8221;4.27.4&#8243; _module_preset=&#8221;default&#8221; custom_padding=&#8221;0px||||false|false&#8221; global_colors_info=&#8221;{}&#8221;][\/et_pb_column][et_pb_column type=&#8221;1_2&#8243; _builder_version=&#8221;4.27.4&#8243; _module_preset=&#8221;default&#8221; global_colors_info=&#8221;{}&#8221;][\/et_pb_column][\/et_pb_row][et_pb_row use_custom_gutter=&#8221;on&#8221; gutter_width=&#8221;2&#8243; make_equal=&#8221;on&#8221; custom_padding_last_edited=&#8221;on|phone&#8221; module_class=&#8221;align-bottom&#8221; _builder_version=&#8221;4.27.4&#8243; _module_preset=&#8221;default&#8221; custom_padding=&#8221;6em||||false|false&#8221; custom_padding_tablet=&#8221;6em||||false|false&#8221; custom_padding_phone=&#8221;0em||||false|false&#8221; global_colors_info=&#8221;{}&#8221;][et_pb_column type=&#8221;4_4&#8243; _builder_version=&#8221;4.27.4&#8243; _module_preset=&#8221;default&#8221; global_colors_info=&#8221;{}&#8221;][et_pb_text module_class=&#8221;eix_tematics_title&#8221; _builder_version=&#8221;4.27.4&#8243; _module_preset=&#8221;default&#8221; header_text_align=&#8221;right&#8221; header_font_size=&#8221;220px&#8221; header_line_height=&#8221;180px&#8221; header_2_text_align=&#8221;left&#8221; header_2_font_size=&#8221;115px&#8221; header_2_line_height=&#8221;91.7px&#8221; header_2_font_size_tablet=&#8221;130px&#8221; header_2_font_size_phone=&#8221;74px&#8221; header_2_font_size_last_edited=&#8221;on|phone&#8221; header_2_line_height_tablet=&#8221;105px&#8221; header_2_line_height_phone=&#8221;59.2px&#8221; header_2_line_height_last_edited=&#8221;on|phone&#8221; global_colors_info=&#8221;{}&#8221;]<\/p>\n<h2 class=\"np nm\">POLITIQUES DE<\/h2>\n<h2 class=\"np nm\"><em>PRIVACITAT<\/em><\/h2>\n<p>[\/et_pb_text][\/et_pb_column][\/et_pb_row][et_pb_row column_structure=&#8221;1_2,1_2&#8243; use_custom_gutter=&#8221;on&#8221; gutter_width=&#8221;2&#8243; make_equal=&#8221;on&#8221; custom_padding_last_edited=&#8221;on|phone&#8221; module_class=&#8221;align-bottom&#8221; _builder_version=&#8221;4.27.4&#8243; _module_preset=&#8221;default&#8221; custom_padding=&#8221;70px|||||&#8221; custom_padding_tablet=&#8221;70px|||||&#8221; custom_padding_phone=&#8221;0px||||false|false&#8221; global_colors_info=&#8221;{}&#8221;][et_pb_column type=&#8221;1_2&#8243; _builder_version=&#8221;4.27.4&#8243; _module_preset=&#8221;default&#8221; global_colors_info=&#8221;{}&#8221;][et_pb_text _builder_version=&#8221;4.27.4&#8243; _module_preset=&#8221;default&#8221; text_font_size=&#8221;30px&#8221; width=&#8221;72%&#8221; module_alignment=&#8221;left&#8221; custom_margin=&#8221;auto|||auto|false|false&#8221; animation_style=&#8221;fade&#8221; text_font_size_tablet=&#8221;30px&#8221; text_font_size_phone=&#8221;22px&#8221; text_font_size_last_edited=&#8221;on|phone&#8221; text_line_height_tablet=&#8221;&#8221; text_line_height_phone=&#8221;28px&#8221; text_line_height_last_edited=&#8221;on|phone&#8221; locked=&#8221;off&#8221; global_colors_info=&#8221;{}&#8221;]<\/p>\n<p>Politica de proteccion de donades de caract\u00e8r personau deth web gencat<\/p>\n<p>[\/et_pb_text][et_pb_text _builder_version=&#8221;4.27.4&#8243; _module_preset=&#8221;default&#8221; link_text_color=&#8221;#102271&#8243; ul_line_height=&#8221;1.2em&#8221; animation_style=&#8221;fade&#8221; text_font_size_tablet=&#8221;&#8221; text_font_size_phone=&#8221;18px&#8221; text_font_size_last_edited=&#8221;on|phone&#8221; text_line_height_tablet=&#8221;&#8221; text_line_height_phone=&#8221;22px&#8221; text_line_height_last_edited=&#8221;on|desktop&#8221; custom_css_main_element=&#8221;a  { text-decoration:underline  !important; }&#8221; global_colors_info=&#8221;{}&#8221;]<\/p>\n<p>Era Generalitat de Catalonha garent\u00eds eth dret ara proteccion des donades personaus que se faciliten a trau\u00e8s d\u2019aguesta aplicacion enes t\u00e8rmes establidi pera Lei organica 3\/2018, de 5 de deseme, de Proteccion de Donades Personaus e garentides digitaus e peth Reglament (UE) 2016\/679, deth Parlament Europ\u00e8u e deth Conselh relatiu ara proteccion des persones fisiques per \u00e7\u00f2 qu\u2019ei deth tractament de donades personaus e dera liura circulacion d\u2019aguestes donades, en tot implementar es mesures de seguretat de besonh e adequades ara s\u00f2rta de donades personaus.<\/p>\n<p>Es donades que se requerisquen ser\u00e0n es estrictament de besonh, adequades e avientes entara finalitat entara quau se recuelhen e ser\u00e0n sometudes a un tractament automatizat.<\/p>\n<p>En cada pagina que contengue formularis que recuelhen donades de caract\u00e8r personau, s\u2019informar\u00e0, expr\u00e8ssament, de:<\/p>\n<ul>\n<li>Era exist\u00e9ncia d\u2019un tractament de donades de caract\u00e8r personau.<\/li>\n<li>Era identitat e es donades de contacte deth responsable deth tractament.<\/li>\n<li>Es donades de contacte deth delegat de proteccion de donades.<\/li>\n<li>Es finalitats deth tractament a que se destinen es donades personaus e era basa juridica deth tractament.<\/li>\n<li>Es categories de destinataris des donades personaus.<\/li>\n<li>Eth t\u00e8rme pendent eth quau se conservar\u00e0n es donades personaus.<\/li>\n<li>Era exist\u00e9ncia deth dret a sollicitar ath responsable deth tractament er acc\u00e8s as donades personaus relatives ara persona interessada, e era sua rectificacion, supression, oposicion o era limitacion deth s\u00f2n tractament.<\/li>\n<li>Eth dret a presentar ua reclamacion deuant dera autoritat de contrar\u00f2tle, s\u2019era comunicacion de donades personaus ei un requesit legau o contractuau.<\/li>\n<li>Era exist\u00e9ncia de decisions automatizades includida era elaboracion de perfils.<\/li>\n<\/ul>\n<p>En cas qu\u2019en b\u00e8th formulari que recuelhe donades de caract\u00e8r personau non s\u2019expliciten aguesti drets o era man\u00e8ra d\u2019exercir-les, podetz comunic\u00e0\u2019c a:<\/p>\n<p>Departament de Cultura a trau\u00e8s deth Secretariat Generau<br \/>Adre\u00e7a: La Rambla, 8 (08002 Barcelona)<br \/>Contacte: <a href=\"mailto:protecciodades.cultura@gencat.cat\">protecciodades.cultura@gencat.cat<\/a><\/p>\n<p>[\/et_pb_text][\/et_pb_column][et_pb_column type=&#8221;1_2&#8243; _builder_version=&#8221;4.27.4&#8243; _module_preset=&#8221;default&#8221; global_colors_info=&#8221;{}&#8221;][et_pb_text _builder_version=&#8221;4.27.4&#8243; _module_preset=&#8221;default&#8221; link_text_color=&#8221;#102271&#8243; ul_line_height=&#8221;1.2em&#8221; animation_style=&#8221;fade&#8221; text_font_size_tablet=&#8221;&#8221; text_font_size_phone=&#8221;18px&#8221; text_font_size_last_edited=&#8221;on|phone&#8221; text_line_height_tablet=&#8221;&#8221; text_line_height_phone=&#8221;22px&#8221; text_line_height_last_edited=&#8221;on|desktop&#8221; custom_css_main_element=&#8221;||  a  { text-decoration:underline  !important; }&#8221; global_colors_info=&#8221;{}&#8221;]<\/p>\n<p><strong><span>Politiques de privacitat e condicions d\u2019usatge de contenguts de tresaus<\/span><\/strong><\/p>\n<p><span>B\u00e8res pagines deth web https:\/\/agoracivica.cat p\u00f2den includir contengut lotjat en plataformes ext\u00e8rnes qu\u2019an politiques de privacitat e condicions d\u2019usatge pr\u00f2pries.<\/span><\/p>\n<p><span>Consultatz eth detalh des airines qu\u2019utilizam actuaument:<\/span><\/p>\n<p><strong><span>Youtube<\/span><\/strong><\/p>\n<p><span>Utilizam Youtube ent\u00e0 reprodusir vid\u00e8os e emissions en dir\u00e8cte laguens deth web.<\/span><\/p>\n<ul>\n<li><span>Condicions d\u2019usatge deth servici <a href=\"https:\/\/www.youtube.com\/static?template=terms\">https:\/\/www.youtube.com\/static?template=terms<\/a><\/span><\/li>\n<li>Politiques de privacitat <a href=\"https:\/\/policies.google.com\/privacy\">https:\/\/policies.google.com\/privacy<\/a><\/li>\n<\/ul>\n<p>[\/et_pb_text][\/et_pb_column][\/et_pb_row][\/et_pb_section]<\/p>\n","protected":false},"excerpt":{"rendered":"<p>POLITIQUES DE PRIVACITATPolitica de proteccion de donades de caract\u00e8r personau deth web gencatEra Generalitat de Catalonha garent\u00eds eth dret ara proteccion des donades personaus que se faciliten a trau\u00e8s d\u2019aguesta aplicacion enes t\u00e8rmes establidi pera Lei organica 3\/2018, de 5 de deseme, de Proteccion de Donades Personaus e garentides digitaus e peth Reglament (UE) 2016\/679, [&hellip;]<\/p>\n","protected":false},"author":3,"featured_media":0,"parent":0,"menu_order":0,"comment_status":"closed","ping_status":"closed","template":"","meta":{"_acf_changed":false,"_et_pb_use_builder":"on","_et_pb_old_content":"","_et_gb_content_width":"","footnotes":""},"class_list":["post-997","page","type-page","status-publish","hentry"],"acf":[],"yoast_head":"<!-- This site is optimized with the Yoast SEO plugin v26.0 - https:\/\/yoast.com\/wordpress\/plugins\/seo\/ -->\n<title>Politiques de privacitat - \u00c0gora C\u00edvica<\/title>\n<meta name=\"robots\" content=\"index, follow, max-snippet:-1, max-image-preview:large, max-video-preview:-1\" \/>\n<link rel=\"canonical\" href=\"https:\/\/agoracivica.cat\/politica-de-privacitat\/\" \/>\n<meta property=\"og:locale\" content=\"en_US\" \/>\n<meta property=\"og:type\" content=\"article\" \/>\n<meta property=\"og:title\" content=\"Politiques de privacitat - \u00c0gora C\u00edvica\" \/>\n<meta property=\"og:description\" content=\"POLITIQUES DE PRIVACITATPolitica de proteccion de donades de caract\u00e8r personau deth web gencatEra Generalitat de Catalonha garent\u00eds eth dret ara proteccion des donades personaus que se faciliten a trau\u00e8s d\u2019aguesta aplicacion enes t\u00e8rmes establidi pera Lei organica 3\/2018, de 5 de deseme, de Proteccion de Donades Personaus e garentides digitaus e peth Reglament (UE) 2016\/679, [&hellip;]\" \/>\n<meta property=\"og:url\" content=\"https:\/\/agoracivica.cat\/politica-de-privacitat\/\" \/>\n<meta property=\"og:site_name\" content=\"\u00c0gora C\u00edvica\" \/>\n<meta property=\"article:modified_time\" content=\"2025-07-03T15:54:41+00:00\" \/>\n<meta name=\"twitter:card\" content=\"summary_large_image\" \/>\n<meta name=\"twitter:label1\" content=\"Est. reading time\" \/>\n\t<meta name=\"twitter:data1\" content=\"5 minutes\" \/>\n<script type=\"application\/ld+json\" class=\"yoast-schema-graph\">{\"@context\":\"https:\/\/schema.org\",\"@graph\":[{\"@type\":\"WebPage\",\"@id\":\"https:\/\/agoracivica.cat\/politica-de-privacitat\/\",\"url\":\"https:\/\/agoracivica.cat\/politica-de-privacitat\/\",\"name\":\"Politiques de privacitat - \u00c0gora C\u00edvica\",\"isPartOf\":{\"@id\":\"https:\/\/agoracivica.cat\/#website\"},\"datePublished\":\"2025-06-12T09:06:20+00:00\",\"dateModified\":\"2025-07-03T15:54:41+00:00\",\"breadcrumb\":{\"@id\":\"https:\/\/agoracivica.cat\/politica-de-privacitat\/#breadcrumb\"},\"inLanguage\":\"oc\",\"potentialAction\":[{\"@type\":\"ReadAction\",\"target\":[\"https:\/\/agoracivica.cat\/politica-de-privacitat\/\"]}]},{\"@type\":\"BreadcrumbList\",\"@id\":\"https:\/\/agoracivica.cat\/politica-de-privacitat\/#breadcrumb\",\"itemListElement\":[{\"@type\":\"ListItem\",\"position\":1,\"name\":\"Inici\",\"item\":\"https:\/\/agoracivica.cat\/\"},{\"@type\":\"ListItem\",\"position\":2,\"name\":\"Politiques de privacitat\"}]},{\"@type\":\"WebSite\",\"@id\":\"https:\/\/agoracivica.cat\/#website\",\"url\":\"https:\/\/agoracivica.cat\/\",\"name\":\"\u00c0gora C\u00edvica\",\"description\":\"Programa d&#039;activitats\",\"publisher\":{\"@id\":\"https:\/\/agoracivica.cat\/#organization\"},\"potentialAction\":[{\"@type\":\"SearchAction\",\"target\":{\"@type\":\"EntryPoint\",\"urlTemplate\":\"https:\/\/agoracivica.cat\/?s={search_term_string}\"},\"query-input\":{\"@type\":\"PropertyValueSpecification\",\"valueRequired\":true,\"valueName\":\"search_term_string\"}}],\"inLanguage\":\"oc\"},{\"@type\":\"Organization\",\"@id\":\"https:\/\/agoracivica.cat\/#organization\",\"name\":\"\u00c0gora C\u00edvica\",\"url\":\"https:\/\/agoracivica.cat\/\",\"logo\":{\"@type\":\"ImageObject\",\"inLanguage\":\"oc\",\"@id\":\"https:\/\/agoracivica.cat\/#\/schema\/logo\/image\/\",\"url\":\"https:\/\/agoracivica.cat\/wp-content\/uploads\/2025\/05\/Grupo-51.svg\",\"contentUrl\":\"https:\/\/agoracivica.cat\/wp-content\/uploads\/2025\/05\/Grupo-51.svg\",\"width\":1,\"height\":1,\"caption\":\"\u00c0gora C\u00edvica\"},\"image\":{\"@id\":\"https:\/\/agoracivica.cat\/#\/schema\/logo\/image\/\"}}]}<\/script>\n<!-- \/ Yoast SEO plugin. -->","yoast_head_json":{"title":"Politiques de privacitat - \u00c0gora C\u00edvica","robots":{"index":"index","follow":"follow","max-snippet":"max-snippet:-1","max-image-preview":"max-image-preview:large","max-video-preview":"max-video-preview:-1"},"canonical":"https:\/\/agoracivica.cat\/politica-de-privacitat\/","og_locale":"en_US","og_type":"article","og_title":"Politiques de privacitat - \u00c0gora C\u00edvica","og_description":"POLITIQUES DE PRIVACITATPolitica de proteccion de donades de caract\u00e8r personau deth web gencatEra Generalitat de Catalonha garent\u00eds eth dret ara proteccion des donades personaus que se faciliten a trau\u00e8s d\u2019aguesta aplicacion enes t\u00e8rmes establidi pera Lei organica 3\/2018, de 5 de deseme, de Proteccion de Donades Personaus e garentides digitaus e peth Reglament (UE) 2016\/679, [&hellip;]","og_url":"https:\/\/agoracivica.cat\/politica-de-privacitat\/","og_site_name":"\u00c0gora C\u00edvica","article_modified_time":"2025-07-03T15:54:41+00:00","twitter_card":"summary_large_image","twitter_misc":{"Est. reading time":"5 minutes"},"schema":{"@context":"https:\/\/schema.org","@graph":[{"@type":"WebPage","@id":"https:\/\/agoracivica.cat\/politica-de-privacitat\/","url":"https:\/\/agoracivica.cat\/politica-de-privacitat\/","name":"Politiques de privacitat - \u00c0gora C\u00edvica","isPartOf":{"@id":"https:\/\/agoracivica.cat\/#website"},"datePublished":"2025-06-12T09:06:20+00:00","dateModified":"2025-07-03T15:54:41+00:00","breadcrumb":{"@id":"https:\/\/agoracivica.cat\/politica-de-privacitat\/#breadcrumb"},"inLanguage":"oc","potentialAction":[{"@type":"ReadAction","target":["https:\/\/agoracivica.cat\/politica-de-privacitat\/"]}]},{"@type":"BreadcrumbList","@id":"https:\/\/agoracivica.cat\/politica-de-privacitat\/#breadcrumb","itemListElement":[{"@type":"ListItem","position":1,"name":"Inici","item":"https:\/\/agoracivica.cat\/"},{"@type":"ListItem","position":2,"name":"Politiques de privacitat"}]},{"@type":"WebSite","@id":"https:\/\/agoracivica.cat\/#website","url":"https:\/\/agoracivica.cat\/","name":"\u00c0gora C\u00edvica","description":"Programa d&#039;activitats","publisher":{"@id":"https:\/\/agoracivica.cat\/#organization"},"potentialAction":[{"@type":"SearchAction","target":{"@type":"EntryPoint","urlTemplate":"https:\/\/agoracivica.cat\/?s={search_term_string}"},"query-input":{"@type":"PropertyValueSpecification","valueRequired":true,"valueName":"search_term_string"}}],"inLanguage":"oc"},{"@type":"Organization","@id":"https:\/\/agoracivica.cat\/#organization","name":"\u00c0gora C\u00edvica","url":"https:\/\/agoracivica.cat\/","logo":{"@type":"ImageObject","inLanguage":"oc","@id":"https:\/\/agoracivica.cat\/#\/schema\/logo\/image\/","url":"https:\/\/agoracivica.cat\/wp-content\/uploads\/2025\/05\/Grupo-51.svg","contentUrl":"https:\/\/agoracivica.cat\/wp-content\/uploads\/2025\/05\/Grupo-51.svg","width":1,"height":1,"caption":"\u00c0gora C\u00edvica"},"image":{"@id":"https:\/\/agoracivica.cat\/#\/schema\/logo\/image\/"}}]}},"_links":{"self":[{"href":"https:\/\/agoracivica.cat\/oc\/wp-json\/wp\/v2\/pages\/997","targetHints":{"allow":["GET"]}}],"collection":[{"href":"https:\/\/agoracivica.cat\/oc\/wp-json\/wp\/v2\/pages"}],"about":[{"href":"https:\/\/agoracivica.cat\/oc\/wp-json\/wp\/v2\/types\/page"}],"author":[{"embeddable":true,"href":"https:\/\/agoracivica.cat\/oc\/wp-json\/wp\/v2\/users\/3"}],"replies":[{"embeddable":true,"href":"https:\/\/agoracivica.cat\/oc\/wp-json\/wp\/v2\/comments?post=997"}],"version-history":[{"count":0,"href":"https:\/\/agoracivica.cat\/oc\/wp-json\/wp\/v2\/pages\/997\/revisions"}],"wp:attachment":[{"href":"https:\/\/agoracivica.cat\/oc\/wp-json\/wp\/v2\/media?parent=997"}],"curies":[{"name":"wp","href":"https:\/\/api.w.org\/{rel}","templated":true}]}}